{"id":8345,"date":"2021-02-13T15:52:00","date_gmt":"2021-02-13T13:52:00","guid":{"rendered":"https:\/\/aalan.design\/?page_id=8345"},"modified":"2025-05-22T09:10:38","modified_gmt":"2025-05-22T06:10:38","slug":"vastuullisuus","status":"publish","type":"page","link":"https:\/\/aalan.design\/vastuullisuus\/","title":{"rendered":"Kotimaista k\u00e4sity\u00f6t\u00e4"},"content":{"rendered":"<div class=\"gb-container gb-container-d6952a9c\"><div class=\"gb-inside-container\">\n\n<div class=\"wp-block-genesis-blocks-gb-columns gpb-slate-section-hero-title gb-layout-columns-1 one-column gb-has-background-dim gb-has-background-dim-50 gb-background-cover gb-background-no-repeat gb-has-custom-background-color has-white-color gb-columns-center alignfull\" style=\"padding-top:6em;padding-bottom:4em;padding-left:1em;background-color:#111111;background-image:url(https:\/\/aalan.design\/wp-content\/uploads\/2021\/02\/Taustakuva-scaled.jpg);background-position:40% 20%\"><div class=\"gb-layout-column-wrap gb-block-layout-column-gap-0 gb-is-responsive-column\" style=\"max-width:1221px\">\n<div class=\"wp-block-genesis-blocks-gb-column gb-block-layout-column\"><div class=\"gb-block-layout-column-inner\">\n<h3 class=\"wp-block-heading has-text-color\" style=\"color:#f5f5f5;font-size:clamp(21.536px, 1.346rem + ((1vw - 3.2px) * 1.548), 35px);px\">Kest\u00e4v\u00e4sti valmistettua kotimaista k\u00e4sity\u00f6t\u00e4<\/h3>\n<\/div><\/div>\n<\/div><\/div>\n\n<\/div><\/div>\n\n<div class=\"gb-container gb-container-8306fc17\" id=\"kotimaista\"><div class=\"gb-inside-container\">\n\n<div class=\"wp-block-genesis-blocks-gb-columns gb-layout-columns-2 gb-2-col-equal\"><div class=\"gb-layout-column-wrap gb-block-layout-column-gap-1 gb-is-responsive-column\">\n<div class=\"wp-block-genesis-blocks-gb-column gb-block-layout-column\"><div class=\"gb-block-layout-column-inner\"><div  class=\"grids-section grids-is-advanced\" style=\"--_gs-gap-desktop:0px 0px;--_gs-m-desktop:0 0 0 0;--_gs-p-desktop:0 0 10px 0;--_gs-bg-desktop:transparent none;--_gs-bg-xp-desktop:0px;--_gs-zi-desktop:auto;--_gs-d-desktop:block;--_gs-mw-desktop:calc(100% - 0 - 0);--_gs-gap-tablet:0px 0px;--_gs-m-tablet:0 0 0 0;--_gs-p-tablet:0 0 10px 0;--_gs-bg-tablet:transparent none;--_gs-bg-xp-tablet:0px;--_gs-zi-tablet:auto;--_gs-d-tablet:block;--_gs-mw-tablet:calc(100% - 0 - 0);--_gs-gap-mobile:0px 0px;--_gs-m-mobile:0 0 0 0;--_gs-p-mobile:0 0 10px 0;--_gs-bg-mobile:transparent none;--_gs-bg-xp-mobile:0px;--_gs-zi-mobile:1;--_gs-d-mobile:block;--_gs-mw-mobile:calc(100% - 0 - 0);--_gs-columns:12;--_gs-rows:6\"><div class=\"grids-s-w_i\">\n<div class=\"grids-area\" style=\"--_ga-column:1\/12;--_ga-row:2\/7;--_ga-m-desktop:0 0 0 0;--_ga-p-desktop:0 50px 0 0;--_ga-bg-desktop:#fbfbfb none;--_ga-zi-desktop:auto;--_ga-d-desktop:flex;--_ga-mw-desktop:calc(100% - 0 - 0);--_ga-m-tablet:0 0 0 0;--_ga-p-tablet:0 50px 0 0;--_ga-bg-tablet:#fbfbfb none;--_ga-zi-tablet:auto;--_ga-d-tablet:flex;--_ga-mw-tablet:calc(100% - 0 - 0);--_ga-m-mobile:0 0 0 0;--_ga-p-mobile:0 50px 0 0;--_ga-bg-mobile:#fbfbfb none;--_ga-zi-mobile:auto;--_ga-d-mobile:flex;--_ga-mw-mobile:calc(100% - 0 - 0)\"><\/div>\n\n<div class=\"grids-area\" style=\"--_ga-column:2\/9;--_ga-row:2\/4;--_ga-m-desktop:0 0 0 0;--_ga-p-desktop:0 0 0 0;--_ga-bg-desktop:#fbfbfb none;--_ga-zi-desktop:auto;--_ga-d-desktop:flex;--_ga-mw-desktop:calc(100% - 0 - 0);--_ga-m-tablet:0 0 0 0;--_ga-p-tablet:0 0 0 0;--_ga-bg-tablet:#fbfbfb none;--_ga-zi-tablet:auto;--_ga-d-tablet:flex;--_ga-mw-tablet:calc(100% - 0 - 0);--_ga-m-mobile:0 0 0 0;--_ga-p-mobile:0 0 0 0;--_ga-bg-mobile:#fbfbfb none;--_ga-zi-mobile:auto;--_ga-d-mobile:flex;--_ga-mw-mobile:calc(100% - 0 - 0)\">\n\n<h4 class=\"gb-headline gb-headline-1c94a425 gb-headline-text\" id=\"kotimaista\">Keski-Suomesta per\u00e4isin<\/h4>\n\n\n\n<p>Tuotteet olen itse suunnitellut ja valmistan ne k\u00e4sity\u00f6n\u00e4 Jyv\u00e4skyl\u00e4ss\u00e4. <\/p>\n\n<\/div>\n\n<div class=\"grids-area\" style=\"--_ga-column:2\/12;--_ga-row:4\/7;--_ga-m-desktop:0 0 0 0;--_ga-p-desktop:0 0 0 0;--_ga-bg-desktop:transparent none;--_ga-zi-desktop:auto;--_ga-d-desktop:flex;--_ga-mw-desktop:calc(100% - 0 - 0);--_ga-m-tablet:0 0 0 0;--_ga-p-tablet:0 5px 0 0;--_ga-bg-tablet:transparent none;--_ga-zi-tablet:auto;--_ga-d-tablet:flex;--_ga-mw-tablet:calc(100% - 0 - 0);--_ga-m-mobile:0 0 0 0;--_ga-p-mobile:0 5px 0 0;--_ga-bg-mobile:#fbfbfb none;--_ga-zi-mobile:auto;--_ga-d-mobile:flex;--_ga-mw-mobile:calc(100% - 0 - 0)\">\n\n<p>Materiaalit hankin p\u00e4\u00e4asiassa kotimaisilta toimijoilta ja pyrin k\u00e4ytt\u00e4m\u00e4\u00e4n kotimaisia raaka-aineita, aina kun se on mahdollista. <\/p>\n\n<\/div>\n\n<div class=\"grids-area\" style=\"--_ga-column:9\/13;--_ga-row:1\/5;--_ga-m-desktop:0 0 0 0;--_ga-p-desktop:0 0 0 0;--_ga-bg-desktop:transparent none;--_ga-zi-desktop:auto;--_ga-d-desktop:flex;--_ga-mw-desktop:calc(100% - 0 - 0);--_ga-m-tablet:0 0 0 0;--_ga-p-tablet:0 0 0 0;--_ga-bg-tablet:transparent none;--_ga-zi-tablet:auto;--_ga-d-tablet:flex;--_ga-mw-tablet:calc(100% - 0 - 0);--_ga-m-mobile:0 0 0 0;--_ga-p-mobile:0 0 0 0;--_ga-bg-mobile:#fbfbfb none;--_ga-zi-mobile:auto;--_ga-d-mobile:flex;--_ga-mw-mobile:calc(100% - 0 - 0)\">\n\n<figure class=\"wp-block-image aligncenter size-large is-style-default\"><img loading=\"lazy\" decoding=\"async\" width=\"150\" height=\"150\" src=\"https:\/\/aalan.design\/wp-content\/uploads\/2021\/02\/Lippu-leima.png\" alt=\"\" class=\"wp-image-7457\" srcset=\"https:\/\/aalan.design\/wp-content\/uploads\/2021\/02\/Lippu-leima.png 150w, https:\/\/aalan.design\/wp-content\/uploads\/2021\/02\/Lippu-leima-12x12.png 12w, https:\/\/aalan.design\/wp-content\/uploads\/2021\/02\/Lippu-leima-32x32.png 32w\" sizes=\"auto, (max-width: 150px) 100vw, 150px\" \/><figcaption class=\"wp-element-caption\"> <\/figcaption><\/figure>\n\n<\/div>\n<\/div><\/div>\n\n<div  class=\"grids-section grids-is-stretch\" style=\"--_gs-gap-desktop:0px 0px;--_gs-m-desktop:0 0 0 0;--_gs-p-desktop:0 0 0 0;--_gs-bg-desktop:transparent none;--_gs-bg-xp-desktop:0px;--_gs-zi-desktop:auto;--_gs-d-desktop:block;--_gs-mw-desktop:calc(100% - 0 - 0);--_gs-gap-tablet:0px 0px;--_gs-m-tablet:0 0 0 0;--_gs-p-tablet:0 0 0 0;--_gs-bg-tablet:transparent none;--_gs-bg-xp-tablet:0px;--_gs-zi-tablet:auto;--_gs-d-tablet:block;--_gs-mw-tablet:calc(100% - 0 - 0);--_gs-gap-mobile:0px 0px;--_gs-m-mobile:0 0 0 0;--_gs-p-mobile:0 0 0 0;--_gs-bg-mobile:transparent none;--_gs-bg-xp-mobile:0px;--_gs-zi-mobile:auto;--_gs-d-mobile:none;--_gs-mw-mobile:calc(100% - 0 - 0);--_gs-columns:1;--_gs-rows:1\"><div class=\"grids-s-w_i\">\n<div class=\"grids-area\" style=\"--_ga-column:1\/2;--_ga-row:1\/2;--_ga-m-desktop:0 0 0 0;--_ga-p-desktop:0 0 0 0;--_ga-bg-desktop:transparent none;--_ga-zi-desktop:auto;--_ga-d-desktop:flex;--_ga-mw-desktop:calc(100% - 0 - 0);--_ga-m-tablet:0 0 0 0;--_ga-p-tablet:0 0 0 0;--_ga-bg-tablet:transparent none;--_ga-zi-tablet:auto;--_ga-d-tablet:flex;--_ga-mw-tablet:calc(100% - 0 - 0);--_ga-m-mobile:0 0 0 0;--_ga-p-mobile:0 0 0 0;--_ga-bg-mobile:transparent none;--_ga-zi-mobile:auto;--_ga-d-mobile:flex;--_ga-mw-mobile:calc(100% - 0 - 0)\">\n\n<div style=\"height:60px\" aria-hidden=\"true\" class=\"wp-block-spacer\"><\/div>\n\n<\/div>\n<\/div><\/div>\n\n<div  class=\"grids-section grids-is-advanced\" style=\"--_gs-gap-desktop:0px 0px;--_gs-m-desktop:0 0 0 0;--_gs-p-desktop:0 0 10px 0;--_gs-bg-desktop:transparent none;--_gs-bg-xp-desktop:0px;--_gs-zi-desktop:auto;--_gs-d-desktop:block;--_gs-mw-desktop:calc(100% - 0 - 0);--_gs-gap-tablet:0px 0px;--_gs-m-tablet:0 0 0 0;--_gs-p-tablet:0 0 10px 0;--_gs-bg-tablet:transparent none;--_gs-bg-xp-tablet:0px;--_gs-zi-tablet:auto;--_gs-d-tablet:block;--_gs-mw-tablet:calc(100% - 0 - 0);--_gs-gap-mobile:0px 0px;--_gs-m-mobile:0 0 0 0;--_gs-p-mobile:0 0 10px 0;--_gs-bg-mobile:transparent none;--_gs-bg-xp-mobile:0px;--_gs-zi-mobile:3;--_gs-d-mobile:block;--_gs-mw-mobile:calc(100% - 0 - 0);--_gs-columns:12;--_gs-rows:6\"><div class=\"grids-s-w_i\">\n<div class=\"grids-area\" style=\"--_ga-column:1\/12;--_ga-row:2\/7;--_ga-m-desktop:0 0 0 0;--_ga-p-desktop:0 50px 0 0;--_ga-bg-desktop:#fbfbfb none;--_ga-zi-desktop:auto;--_ga-d-desktop:flex;--_ga-mw-desktop:calc(100% - 0 - 0);--_ga-m-tablet:0 0 0 0;--_ga-p-tablet:0 50px 0 0;--_ga-bg-tablet:#fbfbfb none;--_ga-zi-tablet:auto;--_ga-d-tablet:flex;--_ga-mw-tablet:calc(100% - 0 - 0);--_ga-m-mobile:0 0 0 0;--_ga-p-mobile:0 50px 0 0;--_ga-bg-mobile:#fbfbfb none;--_ga-zi-mobile:auto;--_ga-d-mobile:flex;--_ga-mw-mobile:calc(100% - 0 - 0)\"><\/div>\n\n<div class=\"grids-area\" style=\"--_ga-column:2\/9;--_ga-row:2\/4;--_ga-m-desktop:0 0 0 0;--_ga-p-desktop:0 0 0 0;--_ga-bg-desktop:#fbfbfb none;--_ga-zi-desktop:auto;--_ga-d-desktop:flex;--_ga-mw-desktop:calc(100% - 0 - 0);--_ga-m-tablet:0 0 0 0;--_ga-p-tablet:0 0 0 0;--_ga-bg-tablet:#fbfbfb none;--_ga-zi-tablet:auto;--_ga-d-tablet:flex;--_ga-mw-tablet:calc(100% - 0 - 0);--_ga-m-mobile:0 0 0 0;--_ga-p-mobile:0 0 0 0;--_ga-bg-mobile:#fbfbfb none;--_ga-zi-mobile:auto;--_ga-d-mobile:flex;--_ga-mw-mobile:calc(100% - 0 - 0)\">\n\n<h4 class=\"gb-headline gb-headline-31295048 gb-headline-text\" id=\"kasityo\">K\u00e4sity\u00f6n\u00e4 valmiiksi<\/h4>\n\n\n\n<p>Suunnittelen tuotteeni ajatuksella. Haluan tarjota laadukkaita ja kest\u00e4vi\u00e4, k\u00e4sity\u00f6n\u00e4 valmistettuja tuotteita k\u00e4ytt\u00f6\u00f6n.<\/p>\n\n<\/div>\n\n<div class=\"grids-area\" style=\"--_ga-column:2\/12;--_ga-row:4\/7;--_ga-m-desktop:0 0 0 0;--_ga-p-desktop:0 0 0 0;--_ga-bg-desktop:#fbfbfb none;--_ga-zi-desktop:auto;--_ga-d-desktop:flex;--_ga-mw-desktop:calc(100% - 0 - 0);--_ga-m-tablet:0 0 0 0;--_ga-p-tablet:0 0 0 0;--_ga-bg-tablet:#fbfbfb none;--_ga-zi-tablet:auto;--_ga-d-tablet:flex;--_ga-mw-tablet:calc(100% - 0 - 0);--_ga-m-mobile:0 0 0 0;--_ga-p-mobile:0 0 0 0;--_ga-bg-mobile:#fbfbfb none;--_ga-zi-mobile:auto;--_ga-d-mobile:flex;--_ga-mw-mobile:calc(100% - 0 - 0)\">\n\n<p>Tuotteet valmistan k\u00e4sity\u00f6n\u00e4 alusta loppuun. Niiss\u00e4 k\u00e4ytt\u00e4mist\u00e4ni kuvioista osan suunnittelen ja ty\u00f6st\u00e4n konekirjottavaksi ohjelmaksi itse. Osa taas on tarkkaan valikoituja, puhuttelevia kuvioita, taitavien <a href=\"https:\/\/www.urbanthreads.com\/\">Urban Threadsil\u00e4isten<\/a> k\u00e4sist\u00e4.<\/p>\n\n\n\n<p>T\u00e4rkeimpin\u00e4 ty\u00f6v\u00e4lineit\u00e4ni k\u00e4sieni ohella ovat tietokone ja kirjova ompelukone.<\/p>\n\n<\/div>\n\n<div class=\"grids-area\" style=\"--_ga-column:9\/13;--_ga-row:1\/5;--_ga-m-desktop:0 0 0 0;--_ga-p-desktop:20px 0 0 0;--_ga-bg-desktop:transparent none;--_ga-zi-desktop:auto;--_ga-d-desktop:flex;--_ga-mw-desktop:calc(100% - 0 - 0);--_ga-m-tablet:0 0 0 0;--_ga-p-tablet:20px 0 0 0;--_ga-bg-tablet:transparent none;--_ga-zi-tablet:auto;--_ga-d-tablet:flex;--_ga-mw-tablet:calc(100% - 0 - 0);--_ga-m-mobile:0 0 0 0;--_ga-p-mobile:20px 0 0 0;--_ga-bg-mobile:#fbfbfb none;--_ga-zi-mobile:auto;--_ga-d-mobile:flex;--_ga-mw-mobile:calc(100% - 0 - 0)\">\n\n<figure class=\"wp-block-image aligncenter size-large is-style-default\"><img loading=\"lazy\" decoding=\"async\" width=\"150\" height=\"150\" src=\"https:\/\/aalan.design\/wp-content\/uploads\/2021\/02\/Kasityo-leima.png\" alt=\"\" class=\"wp-image-7681\" srcset=\"https:\/\/aalan.design\/wp-content\/uploads\/2021\/02\/Kasityo-leima.png 150w, https:\/\/aalan.design\/wp-content\/uploads\/2021\/02\/Kasityo-leima-12x12.png 12w, https:\/\/aalan.design\/wp-content\/uploads\/2021\/02\/Kasityo-leima-32x32.png 32w\" sizes=\"auto, (max-width: 150px) 100vw, 150px\" \/><figcaption class=\"wp-element-caption\"> <\/figcaption><\/figure>\n\n<\/div>\n<\/div><\/div><\/div><\/div>\n\n\n\n<div class=\"wp-block-genesis-blocks-gb-column gb-block-layout-column\"><div class=\"gb-block-layout-column-inner\"><div  id=\"kestavasti\" class=\"grids-section grids-is-advanced\" style=\"--_gs-gap-desktop:0px 0px;--_gs-m-desktop:0 0 0 0;--_gs-p-desktop:0 0 0 0;--_gs-bg-desktop:transparent none;--_gs-bg-xp-desktop:0px;--_gs-zi-desktop:auto;--_gs-d-desktop:block;--_gs-mw-desktop:calc(100% - 0 - 0);--_gs-gap-tablet:0px 0px;--_gs-m-tablet:0 0 0 0;--_gs-p-tablet:0 0 0 0;--_gs-bg-tablet:transparent none;--_gs-bg-xp-tablet:0px;--_gs-zi-tablet:auto;--_gs-d-tablet:block;--_gs-mw-tablet:calc(100% - 0 - 0);--_gs-gap-mobile:0px 0px;--_gs-m-mobile:0 0 0 0;--_gs-p-mobile:0 0 0 0;--_gs-bg-mobile:transparent none;--_gs-bg-xp-mobile:0px;--_gs-zi-mobile:2;--_gs-d-mobile:block;--_gs-mw-mobile:calc(100% - 0 - 0);--_gs-columns:12;--_gs-rows:6\"><div class=\"grids-s-w_i\">\n<div class=\"grids-area\" style=\"--_ga-column:1\/12;--_ga-row:2\/7;--_ga-m-desktop:0 0 0 0;--_ga-p-desktop:0 30px 0 0;--_ga-bg-desktop:#fbfbfb none;--_ga-zi-desktop:auto;--_ga-d-desktop:flex;--_ga-mw-desktop:calc(100% - 0 - 0);--_ga-m-tablet:0 0 0 0;--_ga-p-tablet:0 30px 0 0;--_ga-bg-tablet:#fbfbfb none;--_ga-zi-tablet:auto;--_ga-d-tablet:flex;--_ga-mw-tablet:calc(100% - 0 - 0);--_ga-m-mobile:0 0 0 0;--_ga-p-mobile:0 30px 0 0;--_ga-bg-mobile:#fbfbfb none;--_ga-zi-mobile:auto;--_ga-d-mobile:flex;--_ga-mw-mobile:calc(100% - 0 - 0)\"><\/div>\n\n<div class=\"grids-area\" style=\"--_ga-column:2\/12;--_ga-row:2\/4;--_ga-m-desktop:0 0 0 0;--_ga-p-desktop:0 0 0 0;--_ga-bg-desktop:#fbfbfb none;--_ga-zi-desktop:auto;--_ga-d-desktop:flex;--_ga-mw-desktop:calc(100% - 0 - 0);--_ga-m-tablet:0 0 0 0;--_ga-p-tablet:0 0 0 0;--_ga-bg-tablet:#fbfbfb none;--_ga-zi-tablet:auto;--_ga-d-tablet:flex;--_ga-mw-tablet:calc(100% - 0 - 0);--_ga-m-mobile:0 0 0 0;--_ga-p-mobile:0 0 0 0;--_ga-bg-mobile:#fbfbfb none;--_ga-zi-mobile:auto;--_ga-d-mobile:flex;--_ga-mw-mobile:calc(100% - 0 - 0)\">\n\n<h4 class=\"gb-headline gb-headline-255c9a04 gb-headline-text\" id=\"vastuullisesti\">Luontoa ajatellen<\/h4>\n\n\n\n<p><strong>V\u00e4henn\u00e4n h\u00e4vikki\u00e4, uudelleenk\u00e4yt\u00e4n ja kierr\u00e4t\u00e4n:<\/strong><\/p>\n\n<\/div>\n\n<div class=\"grids-area\" style=\"--_ga-column:2\/10;--_ga-row:4\/7;--_ga-m-desktop:0 0 0 0;--_ga-p-desktop:0 0 0 0;--_ga-bg-desktop:transparent none;--_ga-zi-desktop:auto;--_ga-d-desktop:flex;--_ga-mw-desktop:calc(100% - 0 - 0);--_ga-m-tablet:0 0 0 0;--_ga-p-tablet:0 0 0 0;--_ga-bg-tablet:transparent none;--_ga-zi-tablet:auto;--_ga-d-tablet:flex;--_ga-mw-tablet:calc(100% - 0 - 0);--_ga-m-mobile:0 0 0 0;--_ga-p-mobile:0 0 0 0;--_ga-bg-mobile:#fbfbfb none;--_ga-zi-mobile:auto;--_ga-d-mobile:flex;--_ga-mw-mobile:calc(100% - 0 - 0)\">\n\n<ul class=\"wp-block-list\">\n<li>Tuotteiden kaavoituksen ja leikkuun suunnittelen siten, ett\u00e4 prosessissa muodostuu mahdollisimman v\u00e4h\u00e4n kangash\u00e4vikki\u00e4.<\/li>\n\n\n\n<li>Tuotesuunnitteluun sis\u00e4ltyvien koeompeluiden kankaat hy\u00f6dynn\u00e4n laukkujen vuorikankaina.<\/li>\n\n\n\n<li>Tuotteissa k\u00e4yt\u00e4n luonnonmateriaaleja tai ylij\u00e4\u00e4m\u00e4kankaita aina, kun mahdollista. <\/li>\n\n\n\n<li><a href=\"https:\/\/aalan.design\/sudenkorento-mallistolla-kunnioitetaan-luontoa\/\" data-type=\"post\" data-id=\"20487\" target=\"_blank\" rel=\"noreferrer noopener\">Sudenkorento-malliston<\/a> tuotteissa hy\u00f6dynn\u00e4n paikallisen verhoilun ylij\u00e4\u00e4m\u00e4kangaspaloja.<\/li>\n<\/ul>\n\n\n\n<ul class=\"wp-block-list\">\n<li>Muovin k\u00e4ytt\u00f6\u00e4 v\u00e4lt\u00e4n paketoinnissa, tai k\u00e4yt\u00e4n uudelleen toimituksissa tulleet muovit.<\/li>\n\n\n\n<li>Pakkausmateriaaleina hy\u00f6dynn\u00e4n uudelleen sis\u00e4\u00e4n tulleet ja ylij\u00e4\u00e4m\u00e4materiaalit.<\/li>\n\n\n\n<li>J\u00e4tteet lajittelen ja kierr\u00e4t\u00e4n asianmukaisesti (lasi, muovi, metalli, paperi, kartonki, energia).<\/li>\n<\/ul>\n\n\n\n<p>Valmistuksessa hy\u00f6dynn\u00e4n vesivoimalla tuotettua s\u00e4hk\u00f6\u00e4.<\/p>\n\n<\/div>\n\n<div class=\"grids-area\" style=\"--_ga-column:9\/13;--_ga-row:4\/7;--_ga-m-desktop:0 0 0 0;--_ga-p-desktop:20px 0 0 0;--_ga-bg-desktop:transparent none;--_ga-zi-desktop:auto;--_ga-d-desktop:flex;--_ga-mw-desktop:calc(100% - 0 - 0);--_ga-m-tablet:0 0 0 0;--_ga-p-tablet:20px 0 0 0;--_ga-bg-tablet:transparent none;--_ga-zi-tablet:auto;--_ga-d-tablet:flex;--_ga-mw-tablet:calc(100% - 0 - 0);--_ga-m-mobile:0 0 0 0;--_ga-p-mobile:20px 0 0 0;--_ga-bg-mobile:#fbfbfb none;--_ga-zi-mobile:auto;--_ga-d-mobile:flex;--_ga-mw-mobile:calc(100% - 0 - 0)\">\n\n<figure class=\"wp-block-image aligncenter size-large is-style-default\"><img loading=\"lazy\" decoding=\"async\" width=\"150\" height=\"150\" src=\"https:\/\/aalan.design\/wp-content\/uploads\/2021\/02\/Kestava-leima-3.png\" alt=\"\" class=\"wp-image-7465\" srcset=\"https:\/\/aalan.design\/wp-content\/uploads\/2021\/02\/Kestava-leima-3.png 150w, https:\/\/aalan.design\/wp-content\/uploads\/2021\/02\/Kestava-leima-3-12x12.png 12w, https:\/\/aalan.design\/wp-content\/uploads\/2021\/02\/Kestava-leima-3-32x32.png 32w\" sizes=\"auto, (max-width: 150px) 100vw, 150px\" \/><figcaption class=\"wp-element-caption\"> <\/figcaption><\/figure>\n\n<\/div>\n<\/div><\/div><\/div><\/div>\n<\/div><\/div>\n\n<\/div><\/div>","protected":false},"excerpt":{"rendered":"","protected":false},"author":2,"featured_media":0,"parent":0,"menu_order":0,"comment_status":"closed","ping_status":"closed","template":"template-canvas.php","meta":{"_seopress_robots_primary_cat":"","_seopress_titles_title":"","_seopress_titles_desc":"","_seopress_robots_index":"","footnotes":""},"class_list":["post-8345","page","type-page","status-publish","hentry"],"featured_image_src":null,"featured_image_src_square":null,"_links":{"self":[{"href":"https:\/\/aalan.design\/sv\/wp-json\/wp\/v2\/pages\/8345","targetHints":{"allow":["GET"]}}],"collection":[{"href":"https:\/\/aalan.design\/sv\/wp-json\/wp\/v2\/pages"}],"about":[{"href":"https:\/\/aalan.design\/sv\/wp-json\/wp\/v2\/types\/page"}],"author":[{"embeddable":true,"href":"https:\/\/aalan.design\/sv\/wp-json\/wp\/v2\/users\/2"}],"replies":[{"embeddable":true,"href":"https:\/\/aalan.design\/sv\/wp-json\/wp\/v2\/comments?post=8345"}],"version-history":[{"count":7,"href":"https:\/\/aalan.design\/sv\/wp-json\/wp\/v2\/pages\/8345\/revisions"}],"predecessor-version":[{"id":20614,"href":"https:\/\/aalan.design\/sv\/wp-json\/wp\/v2\/pages\/8345\/revisions\/20614"}],"wp:attachment":[{"href":"https:\/\/aalan.design\/sv\/wp-json\/wp\/v2\/media?parent=8345"}],"curies":[{"name":"wp","href":"https:\/\/api.w.org\/{rel}","templated":true}]}}