{"id":795,"date":"2018-05-18T11:41:43","date_gmt":"2018-05-18T11:41:43","guid":{"rendered":"https:\/\/themedemo.commercegurus.com\/shoptimizer\/?page_id=795"},"modified":"2026-03-02T13:53:45","modified_gmt":"2026-03-02T11:53:45","slug":"toimitusehdot","status":"publish","type":"page","link":"https:\/\/aalan.design\/toimitusehdot\/","title":{"rendered":"Toimitusehdot"},"content":{"rendered":"\n<p>N\u00e4m\u00e4 toimitusehdot ovat voimassa 22.11.2021 alkaen.<\/p>\n\n\n\n<h3 class=\"gb-headline gb-headline-8877ddd5 gb-headline-text\">Verkkokauppa<\/h3>\n\n\n\n<ul class=\"wp-block-list\">\n<li>AAlan Design<\/li>\n\n\n\n<li>Taulum\u00e4entie 61 D 22<\/li>\n\n\n\n<li>40200 Jyv\u00e4skyl\u00e4<\/li>\n\n\n\n<li>info@aalan.design<\/li>\n\n\n\n<li>https:\/\/aalan.design<\/li>\n<\/ul>\n\n\n\n<p>Kauppa myy tuotteita t\u00e4ysi-ik\u00e4isille yksityishenkil\u00f6ille. Tuotteiden hinnat sis\u00e4lt\u00e4v\u00e4t arvonlis\u00e4veron. Pid\u00e4t\u00e4mme oikeuden hintojen ja toimituskulujen muutoksiin.<\/p>\n\n\n\n<h3 class=\"gb-headline gb-headline-5de1213f gb-headline-text\">Tilaaminen<\/h3>\n\n\n\n<p>Tuotteet tilataan verkkokaupassa siirt\u00e4m\u00e4ll\u00e4 ne ostoskoriin ja maksamalla ostoskorin sis\u00e4lt\u00f6 verkkomaksupalvelussa. Kaikki asiakastiedot k\u00e4sitell\u00e4\u00e4n luottamuksellisesti. Tilauksen yhteydess\u00e4 kysyttyj\u00e4 yhteystietoja ei k\u00e4ytet\u00e4 muuhun kuin tilauksen toimitukseen tai siin\u00e4 ilmenevien ep\u00e4selvyyksien selvitt\u00e4miseen, ellei erikseen toisin mainita. Tilatessasi verkkokaupasta sinun edellytet\u00e4\u00e4n tutustuneen ja sitoutuneen kulloinkin voimassa oleviin toimitusehtoihin.<\/p>\n\n\n\n<h3 class=\"gb-headline gb-headline-c038b8d7 gb-headline-text\">Maksaminen ja maksutavat<\/h3>\n\n\n\n<p>Kassalla valitaan haluttu maksutapa. Maksunv\u00e4litt\u00e4jin\u00e4 toimivat Stripe ja Paypal.<\/p>\n\n\n\n<p>Ilmoittamalla tietoja kassalla hyv\u00e4ksyt maksunv\u00e4litt\u00e4jien ehdot. Painamalla \u201dOsta\u201d painiketta hyv\u00e4ksyt AAlan Design yleiset ehdot.<\/p>\n\n\n\n<h3 class=\"gb-headline gb-headline-10dea775 gb-headline-text\">Tilaus- ja maksuvahvistus<\/h3>\n\n\n\n<p>Kun olemme vastaanottaneet tilauksesi, l\u00e4het\u00e4mme sinulle v\u00e4litt\u00f6m\u00e4sti s\u00e4hk\u00f6postilla tilausvahvistuksen, josta n\u00e4kyv\u00e4t tilaustietosi. Tarkasta aina tilausvahvistuksen sis\u00e4lt\u00f6. Jos sinulla on kysytt\u00e4v\u00e4\u00e4, ota heti yhteys asiakaspalveluumme. S\u00e4\u00e4st\u00e4 tilausvahvistus mik\u00e4li joudut ottamaan yhteytt\u00e4 asiakaspalveluun. Asioidessasi asiakaspalvelussa pid\u00e4 aina mahdollinen asiakasnumerosi ja tilausnumerosi saatavilla. Tarkasta aina, ett\u00e4 paketin sis\u00e4lt\u00f6 t\u00e4sm\u00e4\u00e4 tilausvahvistuksessa olevien tuotteiden kanssa.<\/p>\n\n\n\n<p>Asiakaspalveluumme saat yhteyden seuraavilla tiedoilla:<\/p>\n\n\n\n<p>info@aalan.design<\/p>\n\n\n\n<h3 class=\"wp-block-heading\">Toimitustavat ja -kulut<\/h3>\n\n\n\n<p>Toimituskulut sis\u00e4lt\u00e4v\u00e4t kuljetus- ja pakkauskulut.<\/p>\n\n\n\n<p>Toimitamme tuotteita Postin, Postnordin, Matkahuollon ja DBSchenkerin v\u00e4lityksell\u00e4.<\/p>\n\n\n\n<p>K\u00e4yt\u00f6ss\u00e4 olevat toimitustavat riippuvat ostoskorin sis\u00e4ll\u00f6st\u00e4 ja yhteispainosta. Voit valita ostoskorissa tai kassalla k\u00e4yt\u00f6ss\u00e4 olevista toimitustavoista sinulle parhaiten sopivan vaihtoehdon jonka yhteydess\u00e4 tarkka toimituskulu on esitetty.<\/p>\n\n\n\n<h3 class=\"wp-block-heading\">Toimitusaika<\/h3>\n\n\n\n<p>Toimitukset pakataan ja l\u00e4hetet\u00e4\u00e4n p\u00e4\u00e4s\u00e4\u00e4nt\u00f6isesti 1-2 arkip\u00e4iv\u00e4n sis\u00e4ll\u00e4 tilauksesta.\u00a0Toimitusajat vaihtelevat valitusta\u00a0kuljetusstavasta riippuen 1-4 p\u00e4iv\u00e4\u00e4n.<\/p>\n\n\n\n<p>Poikkeukset toimitusaika-arvioihin on kerrottu,\u00a0jos ostoskorissa on varastosta loppuneita tuotteita. Osa tuotteista on mahdollista valmistaa tilauksesta, vaikka varastossa ei tuotetta valmiina olisikaan. T\u00e4ll\u00f6in tilauksen toimitus kuljetettavaksi saattaa vied\u00e4 hiukan pidemp\u00e4\u00e4n, n. 2-3 arkip\u00e4iv\u00e4\u00e4. Ilmoitamme my\u00f6s mahdollisista viiv\u00e4styksist\u00e4 teille v\u00e4litt\u00f6m\u00e4sti tilaamisen j\u00e4lkeen.<\/p>\n\n\n\n<p>Emme vastaa ylivoimaisen esteen aiheuttamista viiv\u00e4stymisist\u00e4 tai viiv\u00e4stysten aiheuttamista v\u00e4lillisist\u00e4 haitoista. Verkkokauppa tiedottaa sivuillaan poikkeavista toimitusajoista.<\/p>\n\n\n\n<h3 class=\"wp-block-heading\">Palautusehdot<\/h3>\n\n\n\n<h4 class=\"wp-block-heading\">Peruuttamisoikeus<\/h4>\n\n\n\n<p>Teill\u00e4 on oikeus peruuttaa t\u00e4m\u00e4 sopimus 14 p\u00e4iv\u00e4n kuluessa tuotteen vastaanottamisesta syyt\u00e4 ilmoittamatta. Peruuttamisoikeus ei koske ladattavia tai sellaisia tuotteita, jotka valmistetaan tai on muunneltu yksil\u00f6llisesti toiveidesi mukaisesti, kuten tuotteet, joihin on tehty esim. nimikointi tai yksil\u00f6llinen kuvio.<\/p>\n\n\n\n<p>Peruuttamisoikeuden k\u00e4ytt\u00e4miseksi teid\u00e4n on ilmoitettava meille p\u00e4\u00e4t\u00f6ksest\u00e4nne peruuttaa sopimus yksiselitteisell\u00e4 tavalla (esimerkiksi kirjeell\u00e4 postitse tai s\u00e4hk\u00f6postilla).<\/p>\n\n\n\n<p>Peruuttamisen m\u00e4\u00e4r\u00e4ajan noudattamiseksi riitt\u00e4\u00e4, ett\u00e4 l\u00e4het\u00e4tte ilmoituksenne peruuttamisoikeuden k\u00e4yt\u00f6st\u00e4 ennen peruuttamisajan p\u00e4\u00e4ttymist\u00e4.<\/p>\n\n\n\n<h4 class=\"wp-block-heading\">Peruuttamisen vaikutukset<\/h4>\n\n\n\n<p>Jos peruutatte t\u00e4m\u00e4n sopimuksen, palautamme teille tuotteen ostohinnan viivytyksett\u00e4 palautetun tuotteen vastaanotettuamme ja tarkistettuamme sen muuttumattoman kunnon. Suoritamme palautuksen sill\u00e4 maksutavalla, jota olette k\u00e4ytt\u00e4nyt alkuper\u00e4isess\u00e4 liiketoimessa.<\/p>\n\n\n\n<p>Teid\u00e4n on l\u00e4hetett\u00e4v\u00e4 tavarat takaisin viivytyksett\u00e4 ja viimeist\u00e4\u00e4n 14 p\u00e4iv\u00e4n kuluttua peruuttamisilmoituksen tekemisest\u00e4. M\u00e4\u00e4r\u00e4aikaa on noudatettu, jos l\u00e4het\u00e4tte tavarat takaisin ennen kyseisen 14 p\u00e4iv\u00e4n m\u00e4\u00e4r\u00e4ajan p\u00e4\u00e4ttymist\u00e4.<\/p>\n\n\n\n<p>Olette vastuussa palautuksesta syntyvist\u00e4 toimituskuluista, ja vain sellaisesta tavaroiden arvon alentumisesta, joka on seurausta muusta kuin tavaroiden luonteen, ominaisuuksien ja toimivuuden toteamiseksi tarvittavasta k\u00e4sittelyst\u00e4. <\/p>\n\n\n\n<p>Vastaanotettuamme palautetun tuotteen, tarkastamme sen v\u00e4litt\u00f6m\u00e4sti. Todettuamme tuotteen olevan edelleen muuttumattomassa myyntikunnossa, palautamme v\u00e4litt\u00f6m\u00e4sti tuotteesta maksamanne hinnan toimituskuluineen alkuper\u00e4isell\u00e4 maksutavalla. <\/p>\n\n\n\n<h4 class=\"wp-block-heading\">Lunastamaton paketti<\/h4>\n\n\n\n<p>Lunastamatta j\u00e4tt\u00e4minen ei ole sama asia kuin palautus tai peruutus. Lunastamatta j\u00e4tetyst\u00e4 paketista, josta ei ole tehty erillist\u00e4 peruutusilmoitusta, perimme toimituskustannukset, paketin palautumisesta aiheutuvat kustannukset sek\u00e4 maksupalvelun k\u00e4yt\u00f6st\u00e4 aiheutuneet mahdolliset kulut, ennen maksun palautusta.<\/p>\n\n\n\n<h3 class=\"wp-block-heading\">Ongelmatilanteet<\/h3>\n\n\n\n<p>Mik\u00e4li tuote on kadonnut tai vioittunut kuljetuksen aikana tai se ei muuten vastaa tilaustasi, tulee sinun ilmoittaa virheest\u00e4 viimeist\u00e4\u00e4n 14 p\u00e4iv\u00e4n kuluessa kirjallisesti Peruutusoikeus ja palautusehdot -kohdassa mainittuun osoitteeseen tai soittamalla tilauslomakkeen yhteystiedoissa mainittuun puhelinnumeroon. Jos paketti on selv\u00e4sti vaurioitunut kuljetuksessa, teid\u00e4n t\u00e4ytyy tehd\u00e4 v\u00e4litt\u00f6m\u00e4sti asiasta reklamaatio valitsemanne toimitustavan kuljetusyhti\u00f6lle.<\/p>\n\n\n\n<h4 class=\"wp-block-heading\">Virheellinen tuote<\/h4>\n\n\n\n<p>Jos olet saanut virheellisen tai viallisen tuotteen, otathan yhteytt\u00e4 v\u00e4litt\u00f6m\u00e4sti ylemp\u00e4n\u00e4 mainittuun s\u00e4hk\u00f6postiosoitteeseen, tai soittamalla tilausvahvistuksessa ilmoitettuun puhelinnumeroon. <\/p>\n\n\n\n<p>Saatamme pyyt\u00e4\u00e4 teilt\u00e4 virheellisest\u00e4 tuotteesta kuvia tai palauttamaan tuotteen virheen toteamiseksi. Mahdollinen palautus toteutetaan m\u00e4\u00e4rittelem\u00e4ll\u00e4mme kuljetustavalla, ja palautuksesta aiheutuvat kulut hyvitet\u00e4\u00e4n ostajalle j\u00e4lkik\u00e4teen virheen todettuamme. Jos palautetussa tuotteessa ei l\u00f6ydy selke\u00e4\u00e4 virhett\u00e4 tai virhe ei vaikuta aiheutuneen tavanomaisesta tuotteen tarkastamisesta ja k\u00e4ytt\u00f6\u00f6notosta, palautuksesta aiheutuneet kulut j\u00e4\u00e4v\u00e4t ostajan vastuulle.<\/p>\n","protected":false},"excerpt":{"rendered":"<p>N\u00e4m\u00e4 toimitusehdot ovat voimassa 22.11.2021 alkaen. Verkkokauppa Kauppa myy tuotteita t\u00e4ysi-ik\u00e4isille yksityishenkil\u00f6ille. Tuotteiden hinnat sis\u00e4lt\u00e4v\u00e4t arvonlis\u00e4veron. Pid\u00e4t\u00e4mme oikeuden hintojen ja toimituskulujen muutoksiin. Tilaaminen Tuotteet tilataan verkkokaupassa siirt\u00e4m\u00e4ll\u00e4 ne ostoskoriin ja maksamalla ostoskorin sis\u00e4lt\u00f6 verkkomaksupalvelussa. Kaikki asiakastiedot k\u00e4sitell\u00e4\u00e4n luottamuksellisesti. Tilauksen yhteydess\u00e4 kysyttyj\u00e4 yhteystietoja ei k\u00e4ytet\u00e4 muuhun kuin tilauksen toimitukseen tai siin\u00e4 ilmenevien ep\u00e4selvyyksien selvitt\u00e4miseen, ellei erikseen [&hellip;]<\/p>\n","protected":false},"author":2,"featured_media":0,"parent":0,"menu_order":0,"comment_status":"closed","ping_status":"closed","template":"","meta":{"_seopress_robots_primary_cat":"","_seopress_titles_title":"","_seopress_titles_desc":"","_seopress_robots_index":"","footnotes":""},"class_list":["post-795","page","type-page","status-publish","hentry"],"featured_image_src":null,"featured_image_src_square":null,"_links":{"self":[{"href":"https:\/\/aalan.design\/sv\/wp-json\/wp\/v2\/pages\/795","targetHints":{"allow":["GET"]}}],"collection":[{"href":"https:\/\/aalan.design\/sv\/wp-json\/wp\/v2\/pages"}],"about":[{"href":"https:\/\/aalan.design\/sv\/wp-json\/wp\/v2\/types\/page"}],"author":[{"embeddable":true,"href":"https:\/\/aalan.design\/sv\/wp-json\/wp\/v2\/users\/2"}],"replies":[{"embeddable":true,"href":"https:\/\/aalan.design\/sv\/wp-json\/wp\/v2\/comments?post=795"}],"version-history":[{"count":1,"href":"https:\/\/aalan.design\/sv\/wp-json\/wp\/v2\/pages\/795\/revisions"}],"predecessor-version":[{"id":22265,"href":"https:\/\/aalan.design\/sv\/wp-json\/wp\/v2\/pages\/795\/revisions\/22265"}],"wp:attachment":[{"href":"https:\/\/aalan.design\/sv\/wp-json\/wp\/v2\/media?parent=795"}],"curies":[{"name":"wp","href":"https:\/\/api.w.org\/{rel}","templated":true}]}}