{"id":6790,"date":"2021-01-11T18:29:50","date_gmt":"2021-01-11T16:29:50","guid":{"rendered":"https:\/\/aalan.design\/?page_id=6790"},"modified":"2025-07-30T07:21:44","modified_gmt":"2025-07-30T04:21:44","slug":"etusivu","status":"publish","type":"page","link":"https:\/\/aalan.design\/sv\/","title":{"rendered":"AAlan Design"},"content":{"rendered":"\n<div style=\"padding-left:4%;padding-right:5%;padding-bottom:12%;padding-top:10%\" class=\"wp-block-genesis-blocks-gb-container gb-layout-hero-1 gb-block-container alignfull\"><div class=\"gb-container-inside\"><div class=\"gb-container-image-wrap\"><img decoding=\"async\" class=\"gb-container-image has-background-dim-100 has-background-dim\" src=\"https:\/\/aalan.design\/wp-content\/uploads\/2021\/01\/lanka_ja_neula_rajatumpi-scaled.jpg\" alt=\"\"\/><\/div><div class=\"gb-container-content\" style=\"max-width:928px\">\n<h1 class=\"gb-headline gb-headline-4b9f7234 gb-headline-text\">Lanka taittuu moneksi<\/h1>\n\n\n\n<div style=\"color:#ddd\" class=\"wp-block-genesis-blocks-gb-spacer gb-block-spacer gb-divider-solid gb-divider-size-1\"><hr style=\"height:30px\"\/><\/div>\n\n\n\n<div class=\"wp-block-genesis-blocks-gb-columns gb-layout-columns-2 gb-2-col-equal\"><div class=\"gb-layout-column-wrap gb-block-layout-column-gap-2 gb-is-responsive-column\">\n<div class=\"wp-block-genesis-blocks-gb-column gb-block-layout-column\"><div class=\"gb-block-layout-column-inner\">\n<p class=\"has-text-color has-medium-font-size\" style=\"color:#f1efed\">K\u00e4sity\u00f6n\u00e4 valmistettuja tuotteita kotiin, sisustukseen ja k\u00e4ytt\u00f6\u00f6n.<\/p>\n\n\n\n<div class=\"wp-block-buttons is-layout-flex wp-block-buttons-is-layout-flex\">\n<div class=\"wp-block-button gb-block-button\"><a class=\"wp-block-button__link has-text-color has-background has-custom-font-size wp-element-button\" href=\"https:\/\/aalan.design\/kauppa\/\" style=\"border-radius:5px;color:#ffffff;background-color:#323232;padding-top:10px;padding-right:1em;padding-bottom:10px;padding-left:1em;font-size:clamp(14px, 0.875rem + ((1vw - 3.2px) * 0.69), 20px);line-height:1.2\">K\u00e4y kauppaan.<\/a><\/div>\n<\/div>\n<\/div><\/div>\n\n\n\n<div class=\"wp-block-genesis-blocks-gb-column gb-block-layout-column\"><div class=\"gb-block-layout-column-inner\">\n\n<\/div><\/div>\n<\/div><\/div>\n<\/div><\/div><\/div>\n\n\n\n<div class=\"wp-block-genesis-blocks-gb-columns gb-layout-columns-3 gb-3-col-equal\" style=\"padding-top:45px;padding-right:40px;padding-bottom:30px;padding-left:40px\"><div class=\"gb-layout-column-wrap gb-block-layout-column-gap-2 gb-is-responsive-column\">\n<div class=\"wp-block-genesis-blocks-gb-column gb-block-layout-column\"><div class=\"gb-block-layout-column-inner\" style=\"padding-bottom:20px\">\n<div class=\"wp-block-cover\" style=\"min-height:250px;aspect-ratio:unset;\"><img loading=\"lazy\" decoding=\"async\" width=\"1024\" height=\"640\" class=\"wp-block-cover__image-background wp-image-9910\" alt=\"\" src=\"https:\/\/aalan.design\/wp-content\/uploads\/2021\/11\/Keittio-1024x640.jpg\" style=\"object-position:51% 63%\" data-object-fit=\"cover\" data-object-position=\"51% 63%\" srcset=\"https:\/\/aalan.design\/wp-content\/uploads\/2021\/11\/Keittio-1024x640.jpg 1024w, https:\/\/aalan.design\/wp-content\/uploads\/2021\/11\/Keittio-300x188.jpg 300w, https:\/\/aalan.design\/wp-content\/uploads\/2021\/11\/Keittio-150x94.jpg 150w, https:\/\/aalan.design\/wp-content\/uploads\/2021\/11\/Keittio-800x500.jpg 800w, https:\/\/aalan.design\/wp-content\/uploads\/2021\/11\/Keittio-768x480.jpg 768w, https:\/\/aalan.design\/wp-content\/uploads\/2021\/11\/Keittio-1536x960.jpg 1536w, https:\/\/aalan.design\/wp-content\/uploads\/2021\/11\/Keittio-990x619.jpg 990w, https:\/\/aalan.design\/wp-content\/uploads\/2021\/11\/Keittio-441x276.jpg 441w, https:\/\/aalan.design\/wp-content\/uploads\/2021\/11\/Keittio-32x20.jpg 32w, https:\/\/aalan.design\/wp-content\/uploads\/2021\/11\/Keittio-100x63.jpg 100w, https:\/\/aalan.design\/wp-content\/uploads\/2021\/11\/Keittio.jpg 1600w\" sizes=\"auto, (max-width: 1024px) 100vw, 1024px\" \/><span aria-hidden=\"true\" class=\"wp-block-cover__background has-background-dim\"><\/span><div class=\"wp-block-cover__inner-container is-layout-flow wp-block-cover-is-layout-flow\">\n<h2 class=\"gb-headline gb-headline-652253ca gb-headline-text\"><a href=\"https:\/\/aalan.design\/keittio\/\" data-type=\"product_cat\" data-id=\"50\">Keitti\u00f6n tuotteet<\/a><\/h2>\n<\/div><\/div>\n<\/div><\/div>\n\n\n\n<div class=\"wp-block-genesis-blocks-gb-column gb-block-layout-column\"><div class=\"gb-block-layout-column-inner\" style=\"padding-bottom:20px\">\n<div class=\"wp-block-cover is-light\" style=\"min-height:250px;aspect-ratio:unset;\"><img loading=\"lazy\" decoding=\"async\" width=\"1024\" height=\"640\" class=\"wp-block-cover__image-background wp-image-10774\" alt=\"\" src=\"https:\/\/aalan.design\/wp-content\/uploads\/2021\/11\/Korut-ja-asusteet-1024x640.jpg\" style=\"object-position:21% 61%\" data-object-fit=\"cover\" data-object-position=\"21% 61%\" srcset=\"https:\/\/aalan.design\/wp-content\/uploads\/2021\/11\/Korut-ja-asusteet-1024x640.jpg 1024w, https:\/\/aalan.design\/wp-content\/uploads\/2021\/11\/Korut-ja-asusteet-300x188.jpg 300w, https:\/\/aalan.design\/wp-content\/uploads\/2021\/11\/Korut-ja-asusteet-150x94.jpg 150w, https:\/\/aalan.design\/wp-content\/uploads\/2021\/11\/Korut-ja-asusteet-800x500.jpg 800w, https:\/\/aalan.design\/wp-content\/uploads\/2021\/11\/Korut-ja-asusteet-768x480.jpg 768w, https:\/\/aalan.design\/wp-content\/uploads\/2021\/11\/Korut-ja-asusteet-1536x960.jpg 1536w, https:\/\/aalan.design\/wp-content\/uploads\/2021\/11\/Korut-ja-asusteet-990x619.jpg 990w, https:\/\/aalan.design\/wp-content\/uploads\/2021\/11\/Korut-ja-asusteet-441x276.jpg 441w, https:\/\/aalan.design\/wp-content\/uploads\/2021\/11\/Korut-ja-asusteet-32x20.jpg 32w, https:\/\/aalan.design\/wp-content\/uploads\/2021\/11\/Korut-ja-asusteet-100x63.jpg 100w, https:\/\/aalan.design\/wp-content\/uploads\/2021\/11\/Korut-ja-asusteet.jpg 1600w\" sizes=\"auto, (max-width: 1024px) 100vw, 1024px\" \/><span aria-hidden=\"true\" class=\"wp-block-cover__background has-background-dim\"><\/span><div class=\"wp-block-cover__inner-container is-layout-flow wp-block-cover-is-layout-flow\">\n<h2 class=\"gb-headline gb-headline-514156cd gb-headline-text\"><a href=\"https:\/\/aalan.design\/korut-ja-asusteet\/\" data-type=\"product_cat\" data-id=\"240\">Korut ja asusteet<\/a><\/h2>\n<\/div><\/div>\n<\/div><\/div>\n\n\n\n<div class=\"wp-block-genesis-blocks-gb-column gb-block-layout-column gb-is-vertically-aligned-top\"><div class=\"gb-block-layout-column-inner\" style=\"padding-bottom:20px\">\n<div class=\"wp-block-cover\" style=\"min-height:250px;aspect-ratio:unset;\"><img loading=\"lazy\" decoding=\"async\" width=\"1600\" height=\"1000\" class=\"wp-block-cover__image-background wp-image-10805\" alt=\"\" src=\"https:\/\/aalan.design\/wp-content\/uploads\/2021\/11\/Laukut-ja-kassit-2.jpg\" data-object-fit=\"cover\" srcset=\"https:\/\/aalan.design\/wp-content\/uploads\/2021\/11\/Laukut-ja-kassit-2.jpg 1600w, https:\/\/aalan.design\/wp-content\/uploads\/2021\/11\/Laukut-ja-kassit-2-300x188.jpg 300w, https:\/\/aalan.design\/wp-content\/uploads\/2021\/11\/Laukut-ja-kassit-2-150x94.jpg 150w, https:\/\/aalan.design\/wp-content\/uploads\/2021\/11\/Laukut-ja-kassit-2-800x500.jpg 800w, https:\/\/aalan.design\/wp-content\/uploads\/2021\/11\/Laukut-ja-kassit-2-1024x640.jpg 1024w, https:\/\/aalan.design\/wp-content\/uploads\/2021\/11\/Laukut-ja-kassit-2-768x480.jpg 768w, https:\/\/aalan.design\/wp-content\/uploads\/2021\/11\/Laukut-ja-kassit-2-1536x960.jpg 1536w, https:\/\/aalan.design\/wp-content\/uploads\/2021\/11\/Laukut-ja-kassit-2-990x619.jpg 990w, https:\/\/aalan.design\/wp-content\/uploads\/2021\/11\/Laukut-ja-kassit-2-441x276.jpg 441w, https:\/\/aalan.design\/wp-content\/uploads\/2021\/11\/Laukut-ja-kassit-2-32x20.jpg 32w, https:\/\/aalan.design\/wp-content\/uploads\/2021\/11\/Laukut-ja-kassit-2-100x63.jpg 100w\" sizes=\"auto, (max-width: 1600px) 100vw, 1600px\" \/><span aria-hidden=\"true\" class=\"wp-block-cover__background has-background-dim\"><\/span><div class=\"wp-block-cover__inner-container is-layout-flow wp-block-cover-is-layout-flow\">\n<h2 class=\"gb-headline gb-headline-08ebca93 gb-headline-text\"><a href=\"https:\/\/aalan.design\/laukut-kassit\/\" data-type=\"product_cat\" data-id=\"81\">Laukut ja kassit<\/a><\/h2>\n<\/div><\/div>\n<\/div><\/div>\n<\/div><\/div>\n\n\n<div class=\"gb-container gb-container-8b54d3ec alignwide\"><div class=\"gb-inside-container\">\n\n<div class=\"wp-block-getbowtied-lookbook-shop-by-outfit alignfull gbt_18_snap_look_book\"><section class=\"gbt_18_look_book_item gbt_18_hero_look_book_item\" style=\"background-image:url(https:\/\/aalan.design\/wp-content\/uploads\/2024\/08\/Lehti-Pyyhe-musta-saunassa.jpg);background-color:#d3d5d9;color:#111111\"><div class=\"gbt_18_hero_section_content\"><h2 class=\"gbt_18_hero_title\" style=\"color:#111111\">Uutta<\/h2><p class=\"gbt_18_hero_subtitle\">100 % pellavaa  <br>lauteille tai koukkuun<br><br><br>100 % Puuvillaa <br>kasvoille ja keitti\u00f6\u00f6n<\/p><\/div><span class=\"gbt_18_scroll_down_button\" style=\"border-color:#111111\"><svg xmlns=\"http:\/\/www.w3.org\/2000\/svg\" viewBox=\"0 0 24 24\" style=\"fill:#111111\" aria-hidden=\"true\"><path d=\"M 11 3 L 11 17.070312 L 6.4296875 12.5 L 4.9296875 14 L 12 21.070312 L 19.070312 14 L 17.570312 12.5 L 13 17.070312 L 13 3 L 11 3 z\"><\/path><\/svg><\/span><\/section>\t\t<section class=\"gbt_18_look_book_item gbt_18_look_book_type_grid image-left\">\n            <div class=\"gbt_18_look_image\" style=\"background-image:url(https:\/\/aalan.design\/wp-content\/uploads\/2025\/07\/Kasvopyyhkeet-taustalla-1.jpg)\">\n            \t<div class=\"gbt_18_look_thumb\">\n\t\t\t\t\t<img loading=\"lazy\" decoding=\"async\" width=\"150\" height=\"150\" src=\"https:\/\/aalan.design\/wp-content\/uploads\/2025\/07\/Kasvopyyhkeet-taustalla-1-150x150.jpg\" class=\"attachment-thumbnail size-thumbnail\" alt=\"Kaksi mustaa vohvelipintaista kasvopyyhett\u00e4 roikkkumassa mustalla puupanelisein\u00e4ll\u00e4 valkoisista koukuista. Pyyhkeiss\u00e4 konekirjotut valkoiset Lehti-kuviot alakulmassa.\" \/>            \t<\/div>\n                <div class=\"gbt_18_shop_this_book\">\n                    <h5>Shop this look<\/h5>\n                <\/div>\n            <\/div>\n                        <div class=\"gbt_18_look_product_box \">\n        \t\t<div class=\"woocommerce columns-3 \"><\/div>\t\t\t<\/div>\n\t\t\t\t\t<\/section>\n\n\t<\/div>\n\n\n\n\n\n<\/div><\/div>\n\n\n<a class=\"gb-button gb-button-56375c86 gb-button-text\" href=\"https:\/\/aalan.design\/uudet-tuotteet\">Muita uusia tuotteita \u2014><\/a>\n\n\n\n<hr class=\"wp-block-separator has-css-opacity is-style-default\" style=\"margin-top:var(--wp--preset--spacing--x-large);margin-bottom:var(--wp--preset--spacing--x-large)\"\/>\n\n\n\n<div class=\"wp-block-genesis-blocks-gb-columns gb-layout-service-3 gb-layout-columns-2 gb-2-col-equal gb-columns-center alignfull\" style=\"padding-right:3%;padding-left:2%\"><div class=\"gb-layout-column-wrap gb-block-layout-column-gap-5 gb-is-responsive-column\" style=\"max-width:1099px\">\n<div class=\"wp-block-genesis-blocks-gb-column gb-block-layout-column\"><div class=\"gb-block-layout-column-inner\">\n<figure class=\"wp-block-image size-large\"><a href=\"https:\/\/aalan.design\/tuotteet\/\"><img loading=\"lazy\" decoding=\"async\" width=\"874\" height=\"1024\" src=\"https:\/\/aalan.design\/wp-content\/uploads\/2021\/07\/Tuotteet2-874x1024.jpg\" alt=\"\" class=\"wp-image-8992\" srcset=\"https:\/\/aalan.design\/wp-content\/uploads\/2021\/07\/Tuotteet2-874x1024.jpg 874w, https:\/\/aalan.design\/wp-content\/uploads\/2021\/07\/Tuotteet2-300x352.jpg 300w, https:\/\/aalan.design\/wp-content\/uploads\/2021\/07\/Tuotteet2-150x176.jpg 150w, https:\/\/aalan.design\/wp-content\/uploads\/2021\/07\/Tuotteet2-800x938.jpg 800w, https:\/\/aalan.design\/wp-content\/uploads\/2021\/07\/Tuotteet2-256x300.jpg 256w, https:\/\/aalan.design\/wp-content\/uploads\/2021\/07\/Tuotteet2-768x900.jpg 768w, https:\/\/aalan.design\/wp-content\/uploads\/2021\/07\/Tuotteet2-10x12.jpg 10w, https:\/\/aalan.design\/wp-content\/uploads\/2021\/07\/Tuotteet2-990x1160.jpg 990w, https:\/\/aalan.design\/wp-content\/uploads\/2021\/07\/Tuotteet2-441x517.jpg 441w, https:\/\/aalan.design\/wp-content\/uploads\/2021\/07\/Tuotteet2-27x32.jpg 27w, https:\/\/aalan.design\/wp-content\/uploads\/2021\/07\/Tuotteet2-100x117.jpg 100w, https:\/\/aalan.design\/wp-content\/uploads\/2021\/07\/Tuotteet2.jpg 1280w\" sizes=\"auto, (max-width: 874px) 100vw, 874px\" \/><\/a><figcaption class=\"wp-element-caption\"> <\/figcaption><\/figure>\n<\/div><\/div>\n\n\n\n<div class=\"wp-block-genesis-blocks-gb-column gb-block-layout-column gb-is-vertically-aligned-center\"><div class=\"gb-block-layout-column-inner\">\n<h2 class=\"gb-headline gb-headline-1cf8d159 gb-headline-text\">Kuin koruja itsess\u00e4\u00e4n<\/h2>\n\n\n\n<p class=\"has-medium-font-size\">Kauneutta arkeesi.<\/p>\n\n\n\n<p class=\"has-medium-font-size\">Konekirjotut kuvioinnit luovat k\u00e4ytt\u00f6esineist\u00e4 kuin koruja.<\/p>\n\n\n\n<p class=\"has-medium-font-size\">Kaikki valmistamani tuotteet ovat kotimaista k\u00e4sity\u00f6t\u00e4.<\/p>\n\n\n\n<div class=\"wp-block-buttons is-layout-flex wp-block-buttons-is-layout-flex\">\n<div class=\"wp-block-button gb-block-button\"><a class=\"wp-block-button__link has-text-color has-background has-custom-font-size wp-element-button\" href=\"https:\/\/aalan.design\/kauppa\/\" style=\"border-radius:5px;color:#ffffff;background-color:#323232;padding-top:10px;padding-right:1em;padding-bottom:10px;padding-left:1em;font-size:clamp(14px, 0.875rem + ((1vw - 3.2px) * 0.69), 20px);line-height:1.2\">Tervetuloa kauppaan<\/a><\/div>\n<\/div>\n<\/div><\/div>\n<\/div><\/div>\n\n\n<div class=\"gb-container gb-container-67f304b4\"><div class=\"gb-inside-container\"><\/div><\/div>\n\n\n<div class=\"wp-block-genesis-blocks-gb-container gb-block-container\"><div class=\"gb-container-inside\"><div class=\"gb-container-content\">\n<div class=\"wp-block-genesis-blocks-gb-container gb-block-container\"><div class=\"gb-container-inside\"><div class=\"gb-container-content\"><\/div><\/div><\/div>\n<\/div><\/div><\/div>\n\n\n\n<div class=\"wp-block-genesis-blocks-gb-container gb-block-container\"><div class=\"gb-container-inside\"><div class=\"gb-container-content\">\n<div class=\"wp-block-genesis-blocks-gb-columns gb-slate-section-testimonial-image gb-layout-columns-2 gb-2-col-equal gb-has-background-dim gb-has-background-dim-20 gb-background-cover gb-background-no-repeat gb-has-custom-background-color gb-columns-center alignfull\" style=\"padding-top:2em;padding-right:2em;padding-bottom:1em;padding-left:1em;background-color:#111111;background-image:url(https:\/\/aalan.design\/wp-content\/uploads\/2021\/02\/Tausta_mandala-3-scaled.jpg);background-position:33% 37%\"><div class=\"gb-layout-column-wrap gb-block-layout-column-gap-3 gb-is-responsive-column\" style=\"max-width:1062px\">\n<div class=\"wp-block-genesis-blocks-gb-column gb-block-layout-column\"><div class=\"gb-block-layout-column-inner\">\n<figure class=\"wp-block-image size-large\"><img loading=\"lazy\" decoding=\"async\" width=\"697\" height=\"592\" src=\"https:\/\/aalan.design\/wp-content\/uploads\/2021\/02\/Anu-koneen-aaressa.jpg\" alt=\"\" class=\"wp-image-7256\" srcset=\"https:\/\/aalan.design\/wp-content\/uploads\/2021\/02\/Anu-koneen-aaressa.jpg 697w, https:\/\/aalan.design\/wp-content\/uploads\/2021\/02\/Anu-koneen-aaressa-300x255.jpg 300w, https:\/\/aalan.design\/wp-content\/uploads\/2021\/02\/Anu-koneen-aaressa-150x127.jpg 150w, https:\/\/aalan.design\/wp-content\/uploads\/2021\/02\/Anu-koneen-aaressa-14x12.jpg 14w\" sizes=\"auto, (max-width: 697px) 100vw, 697px\" \/><figcaption class=\"wp-element-caption\"> <\/figcaption><\/figure>\n<\/div><\/div>\n\n\n\n<div class=\"wp-block-genesis-blocks-gb-column gb-block-layout-column gb-is-vertically-aligned-center\"><div class=\"gb-block-layout-column-inner\">\n<h2 class=\"gb-headline gb-headline-359d30af gb-headline-text\"><mark class=\"gb-highlight\"><a href=\"https:\/\/aalan.design\/tarinamme\/\">AAlan Design<\/a><\/mark> on syntynyt intohimoisesta uppoutumisesta konekirjonnan saloihin ja mahdollisuuksiin luoda upeita pintoja ihastuttamaan arkea.<\/h2>\n\n\n\n<p class=\"has-text-color\" style=\"color:#abb8c3\">&#8211; Anu Ahlfors<\/p>\n<\/div><\/div>\n<\/div><\/div>\n<\/div><\/div><\/div>\n\n\n\n<div style=\"height:30px\" aria-hidden=\"true\" class=\"wp-block-spacer\"><\/div>\n\n\n<div class=\"gb-container gb-container-d01abc69\"><div class=\"gb-inside-container\">\n\n<div class=\"wp-block-genesis-blocks-gb-columns gb-layout-columns-3 gb-3-col-equal gb-has-custom-background-color\" style=\"padding-top:10px;background-color:#f1f1f1\"><div class=\"gb-layout-column-wrap gb-block-layout-column-gap-2 gb-is-responsive-column\">\n<div class=\"wp-block-genesis-blocks-gb-column gb-block-layout-column\"><div class=\"gb-block-layout-column-inner\">\n<figure class=\"wp-block-image aligncenter size-full is-style-default\"><a href=\"https:\/\/aalan.design\/vastuullisuus\/#kotimaista\"><img loading=\"lazy\" decoding=\"async\" width=\"101\" height=\"101\" src=\"https:\/\/aalan.design\/wp-content\/uploads\/2021\/02\/Lippu-merkki_mustalle-2.png\" alt=\"Py\u00f6re\u00e4 merkki, jossa musta-harmaan s\u00e4vyinen Suomen lippu\" class=\"wp-image-7806\" srcset=\"https:\/\/aalan.design\/wp-content\/uploads\/2021\/02\/Lippu-merkki_mustalle-2.png 101w, https:\/\/aalan.design\/wp-content\/uploads\/2021\/02\/Lippu-merkki_mustalle-2-12x12.png 12w, https:\/\/aalan.design\/wp-content\/uploads\/2021\/02\/Lippu-merkki_mustalle-2-32x32.png 32w\" sizes=\"auto, (max-width: 101px) 100vw, 101px\" \/><\/a><\/figure>\n\n\n\n<h3 class=\"wp-block-heading has-text-align-center\">Valmistettu Suomessa<\/h3>\n\n\n\n<p class=\"has-text-align-center\">Tuotteet suunnitellaan ja valmistetaan Jyv\u00e4skyl\u00e4ss\u00e4.<\/p>\n<\/div><\/div>\n\n\n\n<div class=\"wp-block-genesis-blocks-gb-column gb-block-layout-column\"><div class=\"gb-block-layout-column-inner\">\n<figure class=\"wp-block-image aligncenter size-large\"><a href=\"https:\/\/aalan.design\/vastuullisuus\/#vastuullisesti\"><img loading=\"lazy\" decoding=\"async\" width=\"101\" height=\"101\" src=\"https:\/\/aalan.design\/wp-content\/uploads\/2021\/02\/sustainability-1.png\" alt=\"\" class=\"wp-image-8220\" srcset=\"https:\/\/aalan.design\/wp-content\/uploads\/2021\/02\/sustainability-1.png 101w, https:\/\/aalan.design\/wp-content\/uploads\/2021\/02\/sustainability-1-12x12.png 12w, https:\/\/aalan.design\/wp-content\/uploads\/2021\/02\/sustainability-1-32x32.png 32w\" sizes=\"auto, (max-width: 101px) 100vw, 101px\" \/><\/a><\/figure>\n\n\n\n<h3 class=\"wp-block-heading has-text-align-center\">Kest\u00e4v\u00e4sti valmistettua<\/h3>\n\n\n\n<p class=\"has-text-align-center\">Tuotteiden valmistusprosessi on suunniteltu ymp\u00e4rist\u00f6\u00e4 ajatellen ja kangash\u00e4vikki\u00e4 minimoiden.<\/p>\n<\/div><\/div>\n\n\n\n<div class=\"wp-block-genesis-blocks-gb-column gb-block-layout-column\"><div class=\"gb-block-layout-column-inner\">\n<figure class=\"wp-block-image aligncenter size-full\"><a href=\"https:\/\/aalan.design\/vastuullisuus\/#kasityo\"><img loading=\"lazy\" decoding=\"async\" width=\"101\" height=\"101\" src=\"https:\/\/aalan.design\/wp-content\/uploads\/2021\/02\/Kasityo-merkki_mustalle.png\" alt=\"Py\u00f6re\u00e4 musta-harmaan s\u00e4vyinen merkki, jossa ompelukoneen kuva.\" class=\"wp-image-7808\" srcset=\"https:\/\/aalan.design\/wp-content\/uploads\/2021\/02\/Kasityo-merkki_mustalle.png 101w, https:\/\/aalan.design\/wp-content\/uploads\/2021\/02\/Kasityo-merkki_mustalle-12x12.png 12w, https:\/\/aalan.design\/wp-content\/uploads\/2021\/02\/Kasityo-merkki_mustalle-32x32.png 32w\" sizes=\"auto, (max-width: 101px) 100vw, 101px\" \/><\/a><\/figure>\n\n\n\n<h3 class=\"wp-block-heading has-text-align-center\">Kotimaista  k\u00e4sity\u00f6t\u00e4<\/h3>\n\n\n\n<p class=\"has-text-align-center\">Tuotteet valmistetaan alusta loppuun k\u00e4sity\u00f6n\u00e4 Suomessa.<\/p>\n<\/div><\/div>\n<\/div><\/div>\n\n\n\n<div class=\"wp-block-genesis-blocks-gb-columns gb-layout-service-2 gb-layout-columns-1 one-column gb-has-custom-background-color gb-columns-center aligncenter\" style=\"padding-right:5%;padding-left:5%;background-color:#f1f1f1\"><div class=\"gb-layout-column-wrap gb-block-layout-column-gap-1 gb-is-responsive-column\" style=\"max-width:1222px\">\n<div class=\"wp-block-genesis-blocks-gb-column gb-block-layout-column gb-is-vertically-aligned-top\"><div class=\"gb-block-layout-column-inner\" style=\"padding-bottom:20px\">\n<div class=\"wp-block-buttons animated bounceIn delay-1s slow is-horizontal is-content-justification-center is-layout-flex wp-container-core-buttons-is-layout-03627597 wp-block-buttons-is-layout-flex\">\n<div class=\"wp-block-button has-custom-width wp-block-button__width-50 is-style-outline animated bounceIn slower is-style-outline--1\"><a class=\"wp-block-button__link has-text-color wp-element-button\" href=\"https:\/\/aalan.design\/vastuullisuus\" style=\"border-radius:6px;color:#cf5d06\">Lue lis\u00e4\u00e4<\/a><\/div>\n<\/div>\n<\/div><\/div>\n<\/div><\/div>\n\n<\/div><\/div>\n\n\n<div style=\"height:30px\" aria-hidden=\"true\" class=\"wp-block-spacer\"><\/div>\n","protected":false},"excerpt":{"rendered":"","protected":false},"author":2,"featured_media":0,"parent":0,"menu_order":0,"comment_status":"closed","ping_status":"closed","template":"template-canvas.php","meta":{"_seopress_robots_primary_cat":"","_seopress_titles_title":"AAlan Design | K\u00e4sity\u00f6n\u00e4 kotiin ja k\u00e4ytt\u00f6\u00f6n","_seopress_titles_desc":"AAlan Design suunnittelee ja valmistaa k\u00e4sity\u00f6n\u00e4 tuotteita kotiin ja k\u00e4ytt\u00f6\u00f6n. Konekirjotut kuviot kaunistavat niin keitti\u00f6n ja kylpyhuoneen tekstiilej\u00e4 kuin laukkuja.","_seopress_robots_index":"","footnotes":""},"class_list":["post-6790","page","type-page","status-publish","hentry"],"featured_image_src":null,"featured_image_src_square":null,"_links":{"self":[{"href":"https:\/\/aalan.design\/sv\/wp-json\/wp\/v2\/pages\/6790","targetHints":{"allow":["GET"]}}],"collection":[{"href":"https:\/\/aalan.design\/sv\/wp-json\/wp\/v2\/pages"}],"about":[{"href":"https:\/\/aalan.design\/sv\/wp-json\/wp\/v2\/types\/page"}],"author":[{"embeddable":true,"href":"https:\/\/aalan.design\/sv\/wp-json\/wp\/v2\/users\/2"}],"replies":[{"embeddable":true,"href":"https:\/\/aalan.design\/sv\/wp-json\/wp\/v2\/comments?post=6790"}],"version-history":[{"count":57,"href":"https:\/\/aalan.design\/sv\/wp-json\/wp\/v2\/pages\/6790\/revisions"}],"predecessor-version":[{"id":21508,"href":"https:\/\/aalan.design\/sv\/wp-json\/wp\/v2\/pages\/6790\/revisions\/21508"}],"wp:attachment":[{"href":"https:\/\/aalan.design\/sv\/wp-json\/wp\/v2\/media?parent=6790"}],"curies":[{"name":"wp","href":"https:\/\/api.w.org\/{rel}","templated":true}]}}