{"id":21562,"date":"2025-08-17T00:01:00","date_gmt":"2025-08-16T21:01:00","guid":{"rendered":"https:\/\/aalan.design\/?page_id=21562"},"modified":"2025-08-17T03:24:51","modified_gmt":"2025-08-17T00:24:51","slug":"synttarit-vko5","status":"publish","type":"page","link":"https:\/\/aalan.design\/synttarit\/","title":{"rendered":"Syntt\u00e4rit &#8211; vko5"},"content":{"rendered":"<div class=\"gb-container gb-container-d727eaa5\">\n\n<h1 class=\"wp-block-heading has-text-align-center has-text-color has-link-color has-xx-large-font-size wp-elements-6d3681db113885e170c53e33941ab7cf\" style=\"color:#f1f1f1;padding-top:var(--wp--preset--spacing--xx-large);padding-right:0;padding-bottom:var(--wp--preset--spacing--x-large);padding-left:var(--wp--preset--spacing--medium)\">Syntt\u00e4rit<\/h1>\n\n\n\n<p class=\"has-text-align-center has-text-color has-background has-link-color has-medium-font-size wp-elements-613d17d9616a92eb99bea852d19e4729\" style=\"border-radius:28px;color:#f1f1f1;background-color:#0000003d;margin-top:var(--wp--preset--spacing--medium);margin-right:var(--wp--preset--spacing--medium);margin-bottom:var(--wp--preset--spacing--medium);margin-left:var(--wp--preset--spacing--medium);padding-top:0;padding-right:0;padding-bottom:0;padding-left:0;font-style:normal;font-weight:300\">AAlan Designin syntt\u00e4reit\u00e4 <\/p>\n\n\n\n<p class=\"has-text-align-center has-text-color has-background has-link-color has-x-large-font-size wp-elements-2cd47156bc4a986007bac6b241a773ff\" style=\"border-radius:28px;color:#f1f1f1;background-color:#0000003d;margin-top:var(--wp--preset--spacing--medium);margin-right:var(--wp--preset--spacing--medium);margin-bottom:var(--wp--preset--spacing--medium);margin-left:var(--wp--preset--spacing--medium);padding-top:0;padding-right:0;padding-bottom:0;padding-left:0;font-style:normal;font-weight:300\">on juhlittu <\/p>\n\n\n\n<p class=\"has-text-align-center has-text-color has-background has-link-color has-medium-font-size wp-elements-6003135c1a27d629a530b22dda5bebde\" style=\"border-radius:28px;color:#f1f1f1;background-color:#0000003d;margin-top:var(--wp--preset--spacing--medium);margin-right:var(--wp--preset--spacing--medium);margin-bottom:var(--wp--preset--spacing--medium);margin-left:var(--wp--preset--spacing--medium);padding-top:0;padding-right:0;padding-bottom:0;padding-left:0;font-style:normal;font-weight:300\">pitk\u00e4n kaavan mukaan.<\/p>\n\n\n\n<p class=\"has-text-align-center has-text-color has-background has-link-color has-x-large-font-size wp-elements-a883137888623cd73a558d676da4de3c\" style=\"border-radius:28px;color:#f1f1f1;background-color:#0000003d;margin-top:var(--wp--preset--spacing--medium);margin-right:var(--wp--preset--spacing--medium);margin-bottom:var(--wp--preset--spacing--medium);margin-left:var(--wp--preset--spacing--medium);padding-top:0;padding-right:0;padding-bottom:0;padding-left:0;font-style:normal;font-weight:300\">Tarjoukset voimassa viel\u00e4<\/p>\n\n<\/div>\n\n<div class=\"gb-container gb-container-3518dece\">\n<div class=\"gb-container gb-container-12203e18\">\n\n<p class=\"has-text-align-center has-text-color has-link-color has-large-font-size wp-elements-2d1ed3a0b336e8a5af4ee835e91d1517\" style=\"color:#cf5d06;padding-top:0\">T\u00e4n\u00e4\u00e4n 17.8.<\/p>\n\n\n\n<div class=\"wp-block-genesis-blocks-gb-columns gb-layout-columns-2 gb-2-col-equal\"><div class=\"gb-layout-column-wrap gb-block-layout-column-gap-3 gb-is-responsive-column\">\n<div class=\"wp-block-genesis-blocks-gb-column gb-block-layout-column\"><div class=\"gb-block-layout-column-inner\">\n<ul class=\"wp-block-list\">\n<li><strong><mark style=\"background-color:rgba(0, 0, 0, 0)\" class=\"has-inline-color has-luminous-vivid-orange-color\">-5%<\/mark> <\/strong>kaikista omista tuotteista<\/li>\n\n\n\n<li>Syntt\u00e4rialennus <em>viikoittaisista tuotenostoista<sup data-fn=\"5c6c253f-8725-4c27-8693-64f0f10d31bb\" class=\"fn\"><a href=\"#5c6c253f-8725-4c27-8693-64f0f10d31bb\" id=\"5c6c253f-8725-4c27-8693-64f0f10d31bb-link\">1<\/a><\/sup><\/em><\/li>\n<\/ul>\n<\/div><\/div>\n\n\n\n<div class=\"wp-block-genesis-blocks-gb-column gb-block-layout-column\"><div class=\"gb-block-layout-column-inner\">\n<ul class=\"wp-block-list\">\n<li><a href=\"https:\/\/aalan.design\/lyhty-retkimuki\/\" data-type=\"product\" data-id=\"20652\">Lyhty-retkimuki <\/a><mark style=\"background-color:rgba(0, 0, 0, 0);color:#cf5d06\" class=\"has-inline-color\"> <\/mark>ja <a href=\"https:\/\/aalan.design\/myrskylyhty-muki\/\" data-type=\"product\" data-id=\"22105\">Myrskylyhty-muki<strong> <\/strong><\/a><mark style=\"background-color:rgba(0, 0, 0, 0);color:#cf5d06\" class=\"has-inline-color\"><strong>-5 \u20ac<\/strong><\/mark><\/li>\n\n\n\n<li><strong> <mark style=\"background-color:rgba(0, 0, 0, 0);color:#cf5d06\" class=\"has-inline-color\">-50%<\/mark> korvakoruista <\/strong>(viikoittain vaihtuva malli)<\/li>\n<\/ul>\n<\/div><\/div>\n<\/div><\/div>\n\n\n\n<p class=\"has-text-align-center\">Syntt\u00e4reiden ajan ilmaisen toimituksen raja 50 \u20ac<\/p>\n\n<\/div>\n\n\n<figure class=\"gb-block-image gb-block-image-509502d2\"><a href=\"https:\/\/aalan.design\/?s=k%C3%A4nnykk%C3%A4laukku&amp;post_type=product\" target=\"_blank\" rel=\"noopener noreferrer\"><img loading=\"lazy\" decoding=\"async\" width=\"2560\" height=\"264\" class=\"gb-image gb-image-509502d2\" src=\"https:\/\/aalan.design\/wp-content\/uploads\/2025\/08\/Aikajana-vko5-2-scaled.png\" alt=\"\" title=\"Aikajana vko5\" srcset=\"https:\/\/aalan.design\/wp-content\/uploads\/2025\/08\/Aikajana-vko5-2-scaled.png 2560w, https:\/\/aalan.design\/wp-content\/uploads\/2025\/08\/Aikajana-vko5-2-300x31.png 300w, https:\/\/aalan.design\/wp-content\/uploads\/2025\/08\/Aikajana-vko5-2-1024x106.png 1024w, https:\/\/aalan.design\/wp-content\/uploads\/2025\/08\/Aikajana-vko5-2-768x79.png 768w, https:\/\/aalan.design\/wp-content\/uploads\/2025\/08\/Aikajana-vko5-2-1536x159.png 1536w, https:\/\/aalan.design\/wp-content\/uploads\/2025\/08\/Aikajana-vko5-2-2048x211.png 2048w, https:\/\/aalan.design\/wp-content\/uploads\/2025\/08\/Aikajana-vko5-2-990x102.png 990w, https:\/\/aalan.design\/wp-content\/uploads\/2025\/08\/Aikajana-vko5-2-441x46.png 441w, https:\/\/aalan.design\/wp-content\/uploads\/2025\/08\/Aikajana-vko5-2-800x83.png 800w, https:\/\/aalan.design\/wp-content\/uploads\/2025\/08\/Aikajana-vko5-2-150x15.png 150w, https:\/\/aalan.design\/wp-content\/uploads\/2025\/08\/Aikajana-vko5-2-500x52.png 500w\" sizes=\"auto, (max-width: 2560px) 100vw, 2560px\" \/><\/a><\/figure>\n\n\n\n<div class=\"wp-block-cover aligncenter has-text-color has-link-color wp-elements-bcc1dc0256e273e7d8ec892901ba6794\" style=\"color:#f1f1f1;margin-top:0;margin-bottom:0;padding-right:0;padding-left:0\"><img loading=\"lazy\" decoding=\"async\" width=\"1024\" height=\"814\" class=\"wp-block-cover__image-background wp-image-21006 size-large\" alt=\"Syntt\u00e4risivuntaustakuva mustalla pohjalla mustia ilmapalloja ja lahjapaketteja pronssinv\u00e4risin nauhoin. Keskell\u00e4 valokeila kohdentaa tarjouksiin.\" src=\"https:\/\/aalan.design\/wp-content\/uploads\/2025\/07\/Synttaritausta-4-1024x814.jpg\" data-object-fit=\"cover\" srcset=\"https:\/\/aalan.design\/wp-content\/uploads\/2025\/07\/Synttaritausta-4-1024x814.jpg 1024w, https:\/\/aalan.design\/wp-content\/uploads\/2025\/07\/Synttaritausta-4-300x238.jpg 300w, https:\/\/aalan.design\/wp-content\/uploads\/2025\/07\/Synttaritausta-4-768x610.jpg 768w, https:\/\/aalan.design\/wp-content\/uploads\/2025\/07\/Synttaritausta-4-1536x1221.jpg 1536w, https:\/\/aalan.design\/wp-content\/uploads\/2025\/07\/Synttaritausta-4-2048x1628.jpg 2048w, https:\/\/aalan.design\/wp-content\/uploads\/2025\/07\/Synttaritausta-4-990x787.jpg 990w, https:\/\/aalan.design\/wp-content\/uploads\/2025\/07\/Synttaritausta-4-441x351.jpg 441w, https:\/\/aalan.design\/wp-content\/uploads\/2025\/07\/Synttaritausta-4-800x636.jpg 800w, https:\/\/aalan.design\/wp-content\/uploads\/2025\/07\/Synttaritausta-4-150x119.jpg 150w, https:\/\/aalan.design\/wp-content\/uploads\/2025\/07\/Synttaritausta-4-500x397.jpg 500w\" sizes=\"auto, (max-width: 1024px) 100vw, 1024px\" \/><span aria-hidden=\"true\" class=\"wp-block-cover__background has-background-dim-20 has-background-dim\"><\/span><div class=\"wp-block-cover__inner-container has-global-padding is-layout-constrained wp-container-core-cover-is-layout-a0e8397b wp-block-cover-is-layout-constrained\"><div class=\"gb-container gb-container-3a32f02b\">\n\n<\/div><\/div><\/div>\n\n\n\n<figure class=\"gb-block-image gb-block-image-70cf11c3\"><a href=\"https:\/\/aalan.design\/lyhty-retkimuki\/\" target=\"_blank\" rel=\"noopener noreferrer\"><img loading=\"lazy\" decoding=\"async\" width=\"742\" height=\"617\" class=\"gb-image gb-image-70cf11c3\" src=\"https:\/\/aalan.design\/wp-content\/uploads\/2025\/07\/Kippis.png\" alt=\"Kuva naisen k\u00e4dest\u00e4 kohottamassa maljaa rosterisella AAlan Designin Lyhty-retkimukilla, jossa kahvia.\" title=\"Kippis\" srcset=\"https:\/\/aalan.design\/wp-content\/uploads\/2025\/07\/Kippis.png 742w, https:\/\/aalan.design\/wp-content\/uploads\/2025\/07\/Kippis-300x249.png 300w, https:\/\/aalan.design\/wp-content\/uploads\/2025\/07\/Kippis-441x367.png 441w, https:\/\/aalan.design\/wp-content\/uploads\/2025\/07\/Kippis-150x125.png 150w\" sizes=\"auto, (max-width: 742px) 100vw, 742px\" \/><\/a>\n<figcaption class=\"gb-headline gb-headline-8fdb6096 gb-headline-text\">Kippis!<\/figcaption>\n<\/figure>\n\n\n\n<h3 class=\"wp-block-heading has-text-color has-link-color wp-elements-78dc1635798e8e68d88fac863cf6186f\" style=\"color:#ac794e;padding-left:var(--wp--preset--spacing--medium)\">Kiitos, kun olet mukana juhlimassa kanssamme! <\/h3>\n\n\n\n<div class=\"wp-block-genesis-blocks-gb-columns gb-layout-columns-2 gb-2-col-equal gb-has-custom-text-color\" style=\"margin-bottom:40px;padding-top:4px;padding-bottom:4px;color:#f1f1f1\"><div class=\"gb-layout-column-wrap gb-block-layout-column-gap-2 gb-is-responsive-column\">\n<div class=\"wp-block-genesis-blocks-gb-column gb-block-layout-column\"><div class=\"gb-block-layout-column-inner has-white-color\">\n<div class=\"wp-block-comments\" style=\"padding-top:0;padding-right:var(--wp--preset--spacing--medium);padding-bottom:0;padding-left:var(--wp--preset--spacing--medium)\">\n<p>J\u00e4tt\u00e4isitk\u00f6 meille jonkin viestin muistoksi?<\/p>\n\n\n\t<div id=\"respond\" class=\"comment-respond wp-block-post-comments-form\">\n\t\t<h3 id=\"reply-title\" class=\"comment-reply-title\">L\u00e4mna ett svar <small><a rel=\"nofollow\" id=\"cancel-comment-reply-link\" href=\"\/sv\/wp-json\/wp\/v2\/pages\/21562#respond\" style=\"display:none;\">Avbryt svar<\/a><\/small><\/h3><form action=\"https:\/\/aalan.design\/wp-comments-post.php\" method=\"post\" id=\"commentform\" class=\"comment-form\"><p class=\"comment-notes\"><span id=\"email-notes\">Din e-postadress kommer inte publiceras.<\/span> <span class=\"required-field-message\">Obligatoriska f\u00e4lt \u00e4r m\u00e4rkta <span class=\"required\">*<\/span><\/span><\/p><p class=\"comment-form-comment\"><label for=\"comment\">Kommentar <span class=\"required\">*<\/span><\/label> <textarea id=\"comment\" name=\"comment\" cols=\"45\" rows=\"8\" maxlength=\"65525\" required><\/textarea><\/p><input name=\"wpml_language_code\" type=\"hidden\" value=\"sv\" \/><p class=\"comment-form-author\"><label for=\"author\">Namn <span class=\"required\">*<\/span><\/label> <input id=\"author\" name=\"author\" type=\"text\" value=\"\" size=\"30\" maxlength=\"245\" autocomplete=\"name\" required \/><\/p>\n<p class=\"comment-form-email\"><label for=\"email\">E-postadress <span class=\"required\">*<\/span><\/label> <input id=\"email\" name=\"email\" type=\"email\" value=\"\" size=\"30\" maxlength=\"100\" aria-describedby=\"email-notes\" autocomplete=\"email\" required \/><\/p>\n\t\t<input\n\t\t\t\ttype=\"hidden\"\n\t\t\t\tclass=\"hcaptcha-widget-id\"\n\t\t\t\tname=\"hcaptcha-widget-id\"\n\t\t\t\tvalue=\"eyJzb3VyY2UiOlsiV29yZFByZXNzIl0sImZvcm1faWQiOjIxNTYyfQ==-d21d5b61e17d251a1148fb785b46815d\">\n\t\t\t\t<input\n\t\t\t\ttype=\"hidden\"\n\t\t\t\tclass=\"hcaptcha-signature\"\n\t\t\t\tname=\"hcaptcha-signature-SENhcHRjaGFcV1BcQ29tbWVudA==\"\n\t\t\t\tvalue=\"eyJzb3VyY2UiOlsiV29yZFByZXNzIl0sImZvcm1faWQiOjIxNTYyLCJoY2FwdGNoYV9zaG93biI6dHJ1ZX0=-147725592902b20f63c89e82b65f00ca\">\n\t\t\t\t<h-captcha\n\t\t\tclass=\"h-captcha\"\n\t\t\tdata-sitekey=\"78982be0-c894-4331-a4f5-edfb8f1df06e\"\n\t\t\tdata-theme=\"light\"\n\t\t\tdata-size=\"normal\"\n\t\t\tdata-auto=\"false\"\n\t\t\tdata-ajax=\"false\"\n\t\t\tdata-force=\"false\">\n\t\t<\/h-captcha>\n\t\t<input type=\"hidden\" id=\"hcaptcha_comment_nonce\" name=\"hcaptcha_comment_nonce\" value=\"05a4cf4248\" \/><input type=\"hidden\" name=\"_wp_http_referer\" value=\"\/sv\/wp-json\/wp\/v2\/pages\/21562\" \/><p class=\"form-submit\"><input name=\"submit\" type=\"submit\" id=\"submit\" class=\"submit\" value=\"Publicera kommentar\" \/> <input type='hidden' name='comment_post_ID' value='21562' id='comment_post_ID' \/>\n<input type='hidden' name='comment_parent' id='comment_parent' value='0' \/>\n<\/p><\/form>\t<\/div><!-- #respond -->\n\t<\/div>\n<\/div><\/div>\n\n\n\n<div class=\"wp-block-genesis-blocks-gb-column gb-block-layout-column\"><div class=\"gb-block-layout-column-inner\">\n<div class=\"wp-block-comments\" style=\"padding-right:var(--wp--preset--spacing--large);padding-left:var(--wp--preset--spacing--large)\"><h2 id=\"comments\" style=\"border-top-width:1px;border-top-color:var(--wp--preset--color--cyan-bluish-gray);border-top-style:dashed;\" class=\"wp-block-comments-title has-x-small-font-size\">2 svar<\/h2>\n\n<\/div>\n\n\n\n<div style=\"height:34px\" aria-hidden=\"true\" class=\"wp-block-spacer\"><\/div>\n\n\n\n<p>Liittyv\u00e4t julkaisut:<\/p>\n\n\n<ul style=\"padding-left:var(--wp--preset--spacing--small);padding-right:var(--wp--preset--spacing--small);\" class=\"wp-block-latest-posts__list has-dates wp-block-latest-posts has-small-font-size\"><\/ul><\/div><\/div>\n<\/div><\/div>\n\n\n<ol style=\"border-radius:2px;border-top-width:1px;border-top-color:#cccccc;border-top-style:dashed;border-bottom-width:1px;border-bottom-color:#cccccc;border-bottom-style:dashed; padding-top:var(--wp--preset--spacing--small);padding-bottom:var(--wp--preset--spacing--small);padding-left:var(--wp--preset--spacing--large);padding-right:var(--wp--preset--spacing--medium);\" class=\"wp-block-footnotes has-x-small-font-size\"><li id=\"5c6c253f-8725-4c27-8693-64f0f10d31bb\">Tuotenostot ovat viikottain vaihtuvia valikoituja tuotteita, jotka myyd\u00e4\u00e4n syntt\u00e4rihinnoin yhden viikon ajan. Kulloisenkin viikon tuotenostot ilmoitetaan jokaisen juhlaviikon alussa t\u00e4ll\u00e4 sivulla ja sosiaalisen median kanavilla.  <a href=\"#5c6c253f-8725-4c27-8693-64f0f10d31bb-link\" aria-label=\"Hoppa till fotnotsreferens 1\">\u21a9\ufe0e<\/a><\/li><\/ol>\n<\/div>","protected":false},"excerpt":{"rendered":"<p>Syntt\u00e4rit AAlan Designin syntt\u00e4reit\u00e4 on juhlittu pitk\u00e4n kaavan mukaan. Tarjoukset voimassa viel\u00e4 T\u00e4n\u00e4\u00e4n 17.8. Syntt\u00e4reiden ajan ilmaisen toimituksen raja 50 \u20ac Kiitos, kun olet mukana juhlimassa kanssamme!<\/p>\n","protected":false},"author":2,"featured_media":20726,"parent":0,"menu_order":0,"comment_status":"open","ping_status":"closed","template":"template-canvas.php","meta":{"_seopress_robots_primary_cat":"","_seopress_titles_title":"","_seopress_titles_desc":"","_seopress_robots_index":"","footnotes":"[{\"id\":\"5c6c253f-8725-4c27-8693-64f0f10d31bb\",\"content\":\"Tuotenostot ovat viikottain vaihtuvia valikoituja tuotteita, jotka myyd\\u00e4\\u00e4n syntt\\u00e4rihinnoin yhden viikon ajan. Kulloisenkin viikon tuotenostot ilmoitetaan jokaisen juhlaviikon alussa t\\u00e4ll\\u00e4 sivulla ja sosiaalisen median kanavilla. \"}]"},"class_list":["post-21562","page","type-page","status-publish","has-post-thumbnail","hentry"],"featured_image_src":"https:\/\/aalan.design\/wp-content\/uploads\/2025\/07\/Blogikuva-synttarit-600x400.jpg","featured_image_src_square":"https:\/\/aalan.design\/wp-content\/uploads\/2025\/07\/Blogikuva-synttarit-600x600.jpg","_links":{"self":[{"href":"https:\/\/aalan.design\/sv\/wp-json\/wp\/v2\/pages\/21562","targetHints":{"allow":["GET"]}}],"collection":[{"href":"https:\/\/aalan.design\/sv\/wp-json\/wp\/v2\/pages"}],"about":[{"href":"https:\/\/aalan.design\/sv\/wp-json\/wp\/v2\/types\/page"}],"author":[{"embeddable":true,"href":"https:\/\/aalan.design\/sv\/wp-json\/wp\/v2\/users\/2"}],"replies":[{"embeddable":true,"href":"https:\/\/aalan.design\/sv\/wp-json\/wp\/v2\/comments?post=21562"}],"version-history":[{"count":132,"href":"https:\/\/aalan.design\/sv\/wp-json\/wp\/v2\/pages\/21562\/revisions"}],"predecessor-version":[{"id":22191,"href":"https:\/\/aalan.design\/sv\/wp-json\/wp\/v2\/pages\/21562\/revisions\/22191"}],"wp:featuredmedia":[{"embeddable":true,"href":"https:\/\/aalan.design\/sv\/wp-json\/wp\/v2\/media\/20726"}],"wp:attachment":[{"href":"https:\/\/aalan.design\/sv\/wp-json\/wp\/v2\/media?parent=21562"}],"curies":[{"name":"wp","href":"https:\/\/api.w.org\/{rel}","templated":true}]}}