{"id":21087,"date":"2025-07-21T08:58:44","date_gmt":"2025-07-21T05:58:44","guid":{"rendered":"https:\/\/aalan.design\/?page_id=21087"},"modified":"2025-07-28T08:22:09","modified_gmt":"2025-07-28T05:22:09","slug":"synttarit-vko2","status":"publish","type":"page","link":"https:\/\/aalan.design\/synttarit-vko2\/","title":{"rendered":"Syntt\u00e4rit &#8211; vko2"},"content":{"rendered":"<div class=\"gb-container gb-container-d727eaa5\">\n\n<h1 class=\"wp-block-heading has-text-align-center has-text-color has-link-color has-xx-large-font-size wp-elements-6d3681db113885e170c53e33941ab7cf\" style=\"color:#f1f1f1;padding-top:var(--wp--preset--spacing--xx-large);padding-right:0;padding-bottom:var(--wp--preset--spacing--x-large);padding-left:var(--wp--preset--spacing--medium)\">Syntt\u00e4rit<\/h1>\n\n\n\n<p class=\"has-text-align-center has-text-color has-background has-link-color has-x-large-font-size wp-elements-5a91e683d43f8cd1d9c7fb569967b09c\" style=\"border-radius:28px;color:#f1f1f1;background-color:#0000003d;margin-top:var(--wp--preset--spacing--medium);margin-right:var(--wp--preset--spacing--medium);margin-bottom:var(--wp--preset--spacing--medium);margin-left:var(--wp--preset--spacing--medium);padding-top:0;padding-right:0;padding-bottom:0;padding-left:0;font-style:normal;font-weight:300\">AAlan Design viett\u00e4\u00e4 <br>5-vuotissyntym\u00e4p\u00e4iv\u00e4\u00e4 <br>5 viikon ajan<\/p>\n\n<\/div>\n\n<div class=\"gb-container gb-container-3518dece\">\n\n<p class=\"has-black-color has-text-color has-link-color wp-elements-800651f6b597da17043222d7a96e8566\">te<\/p>\n\n\n<div class=\"gb-container gb-container-12203e18\">\n\n<div class=\"wp-block-genesis-blocks-gb-columns gb-layout-columns-2 gb-2-col-equal\"><div class=\"gb-layout-column-wrap gb-block-layout-column-gap-3 gb-is-responsive-column\">\n<div class=\"wp-block-genesis-blocks-gb-column gb-block-layout-column\"><div class=\"gb-block-layout-column-inner\">\n<ul class=\"wp-block-list\">\n<li><strong><mark style=\"background-color:rgba(0, 0, 0, 0);color:#cf5d06\" class=\"has-inline-color\">-5%<\/mark> kaikista omista tuotteista<\/strong> koko 5 viikon ajan<\/li>\n\n\n\n<li>Syntt\u00e4rialennus viikoittaisista tuotenostoista<sup data-fn=\"c0f3f094-d391-48c6-bdb1-140726f1cd6d\" class=\"fn\"><a href=\"#c0f3f094-d391-48c6-bdb1-140726f1cd6d\" id=\"c0f3f094-d391-48c6-bdb1-140726f1cd6d-link\">1<\/a><\/sup><\/li>\n<\/ul>\n<\/div><\/div>\n\n\n\n<div class=\"wp-block-genesis-blocks-gb-column gb-block-layout-column\"><div class=\"gb-block-layout-column-inner\">\n<ul class=\"wp-block-list\">\n<li><strong> <mark style=\"background-color:rgba(0, 0, 0, 0);color:#cf5d06\" class=\"has-inline-color\">-50%<\/mark> korvakoruista <\/strong>(viikoittain vaihtuva malli)<\/li>\n\n\n\n<li><a href=\"https:\/\/aalan.design\/lyhty-retkimuki\/\" data-type=\"product\" data-id=\"20652\">Lyhty-retkimuki <\/a><mark style=\"background-color:rgba(0, 0, 0, 0);color:#cf5d06\" class=\"has-inline-color\">-50%<\/mark>, <a href=\"https:\/\/aalan.design\/lehti-istuinalunen\/\" data-type=\"product\" data-id=\"16151\">Lehti-istuinalusen<\/a> ostajalle<\/li>\n<\/ul>\n<\/div><\/div>\n<\/div><\/div>\n\n\n\n<p class=\"has-text-align-center\">Syntt\u00e4reiden ajan ilmaisen toimituksen raja 50 \u20ac<\/p>\n\n<\/div>\n\n\n<figure class=\"gb-block-image gb-block-image-509502d2\"><img decoding=\"async\" class=\"gb-image gb-image-509502d2\" src=\"https:\/\/aalan.design\/wp-content\/uploads\/2025\/07\/Aikajana-vko2-scaled.png\" alt=\"syntt\u00e4riviikkojen aikajana, osoittaa vkoa 2\" title=\"Aikajana vko2\"\/><\/figure>\n\n\n\n<div class=\"wp-block-cover aligncenter has-text-color has-link-color wp-elements-5e081c3f33d7ccc622e910bcccb39cd0\" style=\"color:#f1f1f1;margin-top:0;margin-bottom:0;padding-right:0;padding-left:0\"><img loading=\"lazy\" decoding=\"async\" width=\"1024\" height=\"814\" class=\"wp-block-cover__image-background wp-image-21006 size-large\" alt=\"Syntt\u00e4risivuntaustakuva mustalla pohjalla mustia ilmapalloja ja lahjapaketteja pronssinv\u00e4risin nauhoin. Keskell\u00e4 valokeila kohdentaa tarjouksiin.\" src=\"https:\/\/aalan.design\/wp-content\/uploads\/2025\/07\/Synttaritausta-4-1024x814.jpg\" data-object-fit=\"cover\" srcset=\"https:\/\/aalan.design\/wp-content\/uploads\/2025\/07\/Synttaritausta-4-1024x814.jpg 1024w, https:\/\/aalan.design\/wp-content\/uploads\/2025\/07\/Synttaritausta-4-300x238.jpg 300w, https:\/\/aalan.design\/wp-content\/uploads\/2025\/07\/Synttaritausta-4-768x610.jpg 768w, https:\/\/aalan.design\/wp-content\/uploads\/2025\/07\/Synttaritausta-4-1536x1221.jpg 1536w, https:\/\/aalan.design\/wp-content\/uploads\/2025\/07\/Synttaritausta-4-2048x1628.jpg 2048w, https:\/\/aalan.design\/wp-content\/uploads\/2025\/07\/Synttaritausta-4-990x787.jpg 990w, https:\/\/aalan.design\/wp-content\/uploads\/2025\/07\/Synttaritausta-4-441x351.jpg 441w, https:\/\/aalan.design\/wp-content\/uploads\/2025\/07\/Synttaritausta-4-800x636.jpg 800w, https:\/\/aalan.design\/wp-content\/uploads\/2025\/07\/Synttaritausta-4-150x119.jpg 150w, https:\/\/aalan.design\/wp-content\/uploads\/2025\/07\/Synttaritausta-4-500x397.jpg 500w\" sizes=\"auto, (max-width: 1024px) 100vw, 1024px\" \/><span aria-hidden=\"true\" class=\"wp-block-cover__background has-background-dim-20 has-background-dim\"><\/span><div class=\"wp-block-cover__inner-container has-global-padding is-layout-constrained wp-container-core-cover-is-layout-97bbc53b wp-block-cover-is-layout-constrained\">\n<figure class=\"gb-block-image gb-block-image-70cf11c3\"><a href=\"https:\/\/aalan.design\/lyhty-retkimuki\/\" target=\"_blank\" rel=\"noopener noreferrer\"><img loading=\"lazy\" decoding=\"async\" width=\"742\" height=\"617\" class=\"gb-image gb-image-70cf11c3\" src=\"https:\/\/aalan.design\/wp-content\/uploads\/2025\/07\/Kippis.png\" alt=\"Kuva naisen k\u00e4dest\u00e4 kohottamassa maljaa rosterisella AAlan Designin Lyhty-retkimukilla, jossa kahvia.\" title=\"Kippis\" srcset=\"https:\/\/aalan.design\/wp-content\/uploads\/2025\/07\/Kippis.png 742w, https:\/\/aalan.design\/wp-content\/uploads\/2025\/07\/Kippis-300x249.png 300w, https:\/\/aalan.design\/wp-content\/uploads\/2025\/07\/Kippis-441x367.png 441w, https:\/\/aalan.design\/wp-content\/uploads\/2025\/07\/Kippis-150x125.png 150w\" sizes=\"auto, (max-width: 742px) 100vw, 742px\" \/><\/a>\n<figcaption class=\"gb-headline gb-headline-8fdb6096 gb-headline-text\"><\/figcaption>\n<\/figure>\n\n\n\n<p class=\"has-text-align-center has-text-color has-link-color has-large-font-size wp-elements-7243742a2c0aaacdb7adb97a692bc3d2\" style=\"color:#cf5d06;padding-top:var(--wp--preset--spacing--medium)\">2. viikko<\/p>\n\n\n<div class=\"gb-container gb-container-3a32f02b\">\n\n\n\n<\/div><\/div><\/div>\n\n\n<ol class=\"wp-block-footnotes\"><li id=\"c0f3f094-d391-48c6-bdb1-140726f1cd6d\">Vaihtuvat tuotenostot tarkoittavat teemoittain ryhmiteltyj\u00e4 valikoituja tuotteita, jotka myyd\u00e4\u00e4n syntt\u00e4rihinnoin yhden viikon ajan. Vaihtuvien tuotenostojen teemat n\u00e4kyv\u00e4t yll\u00e4olevalla aikajanalla viikkonumeron alla. Valikoidut tuotteet ilmoitetaan t\u00e4ll\u00e4 sivulla jokaisen juhlaviikon alussa sek\u00e4 sosiaalisen median kanavilla.  <a href=\"#c0f3f094-d391-48c6-bdb1-140726f1cd6d-link\" aria-label=\"Hoppa till fotnotsreferens 1\">\u21a9\ufe0e<\/a><\/li><\/ol>\n\n\n<h3 class=\"wp-block-heading has-text-color has-link-color wp-elements-d3243b213fb17d489961c8143cd5c91c\" style=\"color:#ac794e\">Kiitos, kun olet mukana juhlimassa kanssamme! <\/h3>\n\n\n\n<p>Liittyv\u00e4t julkaisut:<\/p>\n\n\n<ul style=\"padding-left:var(--wp--preset--spacing--small);padding-right:var(--wp--preset--spacing--small);\" class=\"wp-block-latest-posts__list is-grid columns-3 has-dates wp-block-latest-posts\"><\/ul>\n<\/div>","protected":false},"excerpt":{"rendered":"<p>Syntt\u00e4rit AAlan Design viett\u00e4\u00e4 5-vuotissyntym\u00e4p\u00e4iv\u00e4\u00e4 5 viikon ajan te Syntt\u00e4reiden ajan ilmaisen toimituksen raja 50 \u20ac Kiitos, kun olet mukana juhlimassa kanssamme! Liittyv\u00e4t julkaisut:<\/p>\n","protected":false},"author":2,"featured_media":20726,"parent":0,"menu_order":0,"comment_status":"closed","ping_status":"closed","template":"template-canvas.php","meta":{"_seopress_robots_primary_cat":"","_seopress_titles_title":"","_seopress_titles_desc":"","_seopress_robots_index":"","footnotes":"[{\"content\":\"Vaihtuvat tuotenostot tarkoittavat teemoittain ryhmiteltyj\u00e4 valikoituja tuotteita, jotka myyd\u00e4\u00e4n syntt\u00e4rihinnoin yhden viikon ajan. Vaihtuvien tuotenostojen teemat n\u00e4kyv\u00e4t yll\u00e4olevalla aikajanalla viikkonumeron alla. Valikoidut tuotteet ilmoitetaan t\u00e4ll\u00e4 sivulla jokaisen juhlaviikon alussa sek\u00e4 sosiaalisen median kanavilla. \",\"id\":\"c0f3f094-d391-48c6-bdb1-140726f1cd6d\"}]"},"class_list":["post-21087","page","type-page","status-publish","has-post-thumbnail","hentry"],"featured_image_src":"https:\/\/aalan.design\/wp-content\/uploads\/2025\/07\/Blogikuva-synttarit-600x400.jpg","featured_image_src_square":"https:\/\/aalan.design\/wp-content\/uploads\/2025\/07\/Blogikuva-synttarit-600x600.jpg","_links":{"self":[{"href":"https:\/\/aalan.design\/sv\/wp-json\/wp\/v2\/pages\/21087","targetHints":{"allow":["GET"]}}],"collection":[{"href":"https:\/\/aalan.design\/sv\/wp-json\/wp\/v2\/pages"}],"about":[{"href":"https:\/\/aalan.design\/sv\/wp-json\/wp\/v2\/types\/page"}],"author":[{"embeddable":true,"href":"https:\/\/aalan.design\/sv\/wp-json\/wp\/v2\/users\/2"}],"replies":[{"embeddable":true,"href":"https:\/\/aalan.design\/sv\/wp-json\/wp\/v2\/comments?post=21087"}],"version-history":[{"count":60,"href":"https:\/\/aalan.design\/sv\/wp-json\/wp\/v2\/pages\/21087\/revisions"}],"predecessor-version":[{"id":21471,"href":"https:\/\/aalan.design\/sv\/wp-json\/wp\/v2\/pages\/21087\/revisions\/21471"}],"wp:featuredmedia":[{"embeddable":true,"href":"https:\/\/aalan.design\/sv\/wp-json\/wp\/v2\/media\/20726"}],"wp:attachment":[{"href":"https:\/\/aalan.design\/sv\/wp-json\/wp\/v2\/media?parent=21087"}],"curies":[{"name":"wp","href":"https:\/\/api.w.org\/{rel}","templated":true}]}}