{"id":10338,"date":"2021-11-14T16:10:48","date_gmt":"2021-11-14T14:10:48","guid":{"rendered":"https:\/\/aalan.design\/?page_id=10338"},"modified":"2021-11-26T15:02:52","modified_gmt":"2021-11-26T13:02:52","slug":"kokoelma-lahjapaketit","status":"publish","type":"page","link":"https:\/\/aalan.design\/sv\/kokoelma-lahjapaketit\/","title":{"rendered":"Kokoa lahjapaketti"},"content":{"rendered":"<div class=\"gb-container gb-container-fc740de3\"><div class=\"gb-inside-container\">\n\n\n\n<h3 class=\"gb-headline gb-headline-29cf045b gb-headline-text\">Paketin kokoaminen<\/h3>\n\n<\/div><\/div>\n\n<div class=\"gb-container gb-container-2e5e6074\"><div class=\"gb-inside-container\">\n\n<div class=\"wp-block-media-text alignwide has-media-on-the-right is-stacked-on-mobile\" style=\"grid-template-columns:auto 42%\"><figure class=\"wp-block-media-text__media\"><img loading=\"lazy\" decoding=\"async\" width=\"874\" height=\"1024\" src=\"https:\/\/aalan.design\/wp-content\/uploads\/2021\/07\/Lahjapaketti-1-874x1024.jpg\" alt=\"Mustalla paperilla ja valkoisella nauhalla ja rusetilla paketoitu lahjapaketti.\" class=\"wp-image-11994 size-full\" srcset=\"https:\/\/aalan.design\/wp-content\/uploads\/2021\/07\/Lahjapaketti-1-874x1024.jpg 874w, https:\/\/aalan.design\/wp-content\/uploads\/2021\/07\/Lahjapaketti-1-300x352.jpg 300w, https:\/\/aalan.design\/wp-content\/uploads\/2021\/07\/Lahjapaketti-1-150x176.jpg 150w, https:\/\/aalan.design\/wp-content\/uploads\/2021\/07\/Lahjapaketti-1-800x938.jpg 800w, https:\/\/aalan.design\/wp-content\/uploads\/2021\/07\/Lahjapaketti-1-256x300.jpg 256w, https:\/\/aalan.design\/wp-content\/uploads\/2021\/07\/Lahjapaketti-1-768x900.jpg 768w, https:\/\/aalan.design\/wp-content\/uploads\/2021\/07\/Lahjapaketti-1-990x1160.jpg 990w, https:\/\/aalan.design\/wp-content\/uploads\/2021\/07\/Lahjapaketti-1-441x517.jpg 441w, https:\/\/aalan.design\/wp-content\/uploads\/2021\/07\/Lahjapaketti-1-27x32.jpg 27w, https:\/\/aalan.design\/wp-content\/uploads\/2021\/07\/Lahjapaketti-1-100x117.jpg 100w, https:\/\/aalan.design\/wp-content\/uploads\/2021\/07\/Lahjapaketti-1.jpg 1280w\" sizes=\"auto, (max-width: 874px) 100vw, 874px\" \/><\/figure><div class=\"wp-block-media-text__content\">\n<p>Voit valita mieleisesi m\u00e4\u00e4r\u00e4n valikoituja yhteensopivia tuotteita pakettiin. Ne paketoidaan kauniiseen mustaan paperiin ja valkoiseen lahjanauhaan.<\/p>\n\n\n\n<p>Mukaan liitet\u00e4\u00e4n pakettikortti, johon kirjoitetaan saajan ja l\u00e4hett\u00e4j\u00e4n nimet. Halutessasi voit liitt\u00e4\u00e4 pakettikorttiin lyhyen oman viestisi, kirjoittamalla sen kassalla Lis\u00e4tiedot-kohtaan.<\/p>\n\n\n\n<p>Paketti voidaan l\u00e4hett\u00e4\u00e4 suoraan lahjansaajan osoitteeseen (Valitse kassalla Toimitus eri osoitteeseen).<\/p>\n\n\n\n<p>Paketin l\u00e4ht\u00f6hinta sis\u00e4lt\u00e4\u00e4 paketoinnin. Tuotteiden mahdolliset m\u00e4\u00e4r\u00e4alennukset p\u00e4ivittyv\u00e4t ostoskorissa. <\/p>\n\n\n\n<p>Voit koota useita paketteja, useaan eri osoitteeseen l\u00e4hetett\u00e4v\u00e4ksi. Toimituskulut lasketaan jokaiselle paketille erikseen.<\/p>\n<\/div><\/div>\n\n<\/div><\/div>\n\n<div class=\"gb-container gb-container-07b63e1a\"><div class=\"gb-inside-container\">\n\n<h2 class=\"gb-headline gb-headline-0c30665a gb-headline-text\">Tutustu my\u00f6s\u2026<\/h2>\n\n\n\n<\/div><\/div>","protected":false},"excerpt":{"rendered":"<p>Paketin kokoaminen Voit valita mieleisesi m\u00e4\u00e4r\u00e4n valikoituja yhteensopivia tuotteita pakettiin. Ne paketoidaan kauniiseen mustaan paperiin ja valkoiseen lahjanauhaan. Mukaan liitet\u00e4\u00e4n pakettikortti, johon kirjoitetaan saajan ja l\u00e4hett\u00e4j\u00e4n nimet. Halutessasi voit liitt\u00e4\u00e4 pakettikorttiin lyhyen oman viestisi, kirjoittamalla sen kassalla Lis\u00e4tiedot-kohtaan. Paketti voidaan l\u00e4hett\u00e4\u00e4 suoraan lahjansaajan osoitteeseen (Valitse kassalla Toimitus eri osoitteeseen). Paketin l\u00e4ht\u00f6hinta sis\u00e4lt\u00e4\u00e4 paketoinnin. Tuotteiden mahdolliset [&hellip;]<\/p>\n","protected":false},"author":2,"featured_media":0,"parent":0,"menu_order":0,"comment_status":"closed","ping_status":"closed","template":"template-fullwidth-contained.php","meta":{"_seopress_robots_primary_cat":"","_seopress_titles_title":"","_seopress_titles_desc":"","_seopress_robots_index":"","footnotes":""},"class_list":["post-10338","page","type-page","status-publish","hentry"],"featured_image_src":null,"featured_image_src_square":null,"_links":{"self":[{"href":"https:\/\/aalan.design\/sv\/wp-json\/wp\/v2\/pages\/10338","targetHints":{"allow":["GET"]}}],"collection":[{"href":"https:\/\/aalan.design\/sv\/wp-json\/wp\/v2\/pages"}],"about":[{"href":"https:\/\/aalan.design\/sv\/wp-json\/wp\/v2\/types\/page"}],"author":[{"embeddable":true,"href":"https:\/\/aalan.design\/sv\/wp-json\/wp\/v2\/users\/2"}],"replies":[{"embeddable":true,"href":"https:\/\/aalan.design\/sv\/wp-json\/wp\/v2\/comments?post=10338"}],"version-history":[{"count":0,"href":"https:\/\/aalan.design\/sv\/wp-json\/wp\/v2\/pages\/10338\/revisions"}],"wp:attachment":[{"href":"https:\/\/aalan.design\/sv\/wp-json\/wp\/v2\/media?parent=10338"}],"curies":[{"name":"wp","href":"https:\/\/api.w.org\/{rel}","templated":true}]}}