{"id":20222,"date":"2024-12-05T11:23:51","date_gmt":"2024-12-05T09:23:51","guid":{"rendered":"https:\/\/aalan.design\/?post_type=product&#038;p=20222"},"modified":"2025-02-24T13:46:29","modified_gmt":"2025-02-24T11:46:29","slug":"reflective-snowman-kopio-kopio","status":"publish","type":"product","link":"https:\/\/aalan.design\/en\/reflective-snowman-kopio-kopio\/","title":{"rendered":"Reflective Hurricane Lantern"},"content":{"rendered":"\n<h2 class=\"wp-block-heading\">Reflective Hurricane Lantern is handcrafted in Finland<\/h2>\n\n<p>All the reflective pendants by AAlan Design are handcrafted in Central Finland, Jyv\u00e4skyl\u00e4. This handdrawn Hurricane lantern has been machine embroidered with rayon thread on a quality reflective fabric. The fabric has been manufactured according to ISO-9000 standard. The pendant can bring some light in the dark winter nights, when it cathces and reflects the light of passing cars.   <\/p>\n<div class=\"gb-container gb-container-9e70c79f\">\n\n<hr class=\"wp-block-separator has-alpha-channel-opacity is-style-default\"\/>\n\n\n<div class=\"gb-container gb-container-debe2cbf\">\n\n<p><strong>Notice<\/strong> This product has not gone through the qualification approval process to give it the permission to be called safety reflector. <\/p>\n\n\n\n<p>The reflective fabric used in this product is produced according to the ISO 9000 -standard.The material fulfills the demands of the following standards: <\/p>\n\n<\/div>\n\n\n<ul class=\"wp-block-list\">\n<li><a href=\"https:\/\/www.iso.org\/obp\/ui\/#iso:std:iso:20471:ed-1:v2:en\" target=\"_blank\" rel=\"noreferrer noopener\">EN ISO 20471:2013<\/a> (High Visibility Warning Clothing)<\/li>\n\n\n\n<li><a href=\"https:\/\/blog.ansi.org\/2020\/10\/ansi-isea-107-2020-high-visibility-apparel\/\" target=\"_blank\" rel=\"noreferrer noopener\">ANSI_ISEA107 2004<\/a> (High Visibility Safety Apparel).<\/li>\n<\/ul>\n\n\n\n<hr class=\"wp-block-separator has-alpha-channel-opacity is-style-default\"\/>\n\n<\/div>\n<ul class=\"wp-block-list\">\n<li>Size: diameter approx. 8,5 cm<\/li>\n\n\n\n<li>Materials: Reflective fabric, rayon thread, metalparts, soft upholstery fabric remnant in between the reflective fabrics<\/li>\n<\/ul>\n\n<h4 class=\"wp-block-heading\"><a href=\"https:\/\/aalan.design\/korut-ja-asusteet\/heijastavat\/\">See also other reflective products<\/a><\/h4>\n<div class=\"gb-container gb-container-a28c16ef\">\n\n<blockquote class=\"wp-block-quote is-layout-flow wp-block-quote-is-layout-flow\"><div class=\"gb-container gb-container-69929c78\">\n\n<h2 class=\"wp-block-heading\">Light the Darkness<\/h2>\n\n\n\n<p>Even a slightest ray of light<br\/>can create enormous shadow.<\/p>\n\n<\/div>\n\n\n\n<\/blockquote>\n\n<\/div>","protected":false},"excerpt":{"rendered":"<p>This Hurricane Lantern lights up the dark nights. The pendant has been handcrafted from a quality reflective fabric.<\/p>\n<p>Attaching mechanism as a default is a keyring with a lobster claw. You can also choose a safety-pin and cotton thread instead.<\/p>\n<hr \/>\n<p><strong>Notice This product is not a personal protective equipment. It can increase your visibility in the dark when used with safety reflectors.<\/strong><\/p>\n<p>&nbsp;<\/p>\n","protected":false},"featured_media":20224,"comment_status":"open","ping_status":"closed","template":"","meta":{"_seopress_robots_primary_cat":"none","_seopress_titles_title":"%%post_title%% | %%sitetitle%% | Light the darkness","_seopress_titles_desc":"Suloinen k\u00e4sity\u00f6n\u00e4 valmistettu Heijastava lumiukko -riipus loistaa pime\u00e4ss\u00e4. Kuvio on suunniteltu yhteisty\u00f6ss\u00e4 6-vuotiaan kummityt\u00f6n kanssa, t\u00e4m\u00e4n piirroksesta.","_seopress_robots_index":""},"product_brand":[],"product_cat":[376],"product_tag":[392,395,387,427],"class_list":{"0":"post-20222","1":"product","2":"type-product","3":"status-publish","4":"has-post-thumbnail","6":"product_cat-reflective-pendants","7":"product_tag-fabric-remnants","8":"product_tag-reflective-fabric","9":"product_tag-reflectives","10":"product_tag-winter","11":"product_shipping_class-kirje-en","12":"wcpa_has_options","14":"first","15":"instock","16":"taxable","17":"shipping-taxable","18":"purchasable","19":"product-type-simple"},"bundled_by":[],"bundle_stock_status":"instock","bundle_stock_quantity":1,"bundle_virtual":false,"bundle_layout":"","bundle_add_to_cart_form_location":"","bundle_editable_in_cart":false,"bundle_sold_individually_context":"","bundle_item_grouping":"","bundle_min_size":"","bundle_max_size":"","bundle_price":[],"bundled_items":[],"bundle_sell_ids":[],"wcpa_form_fields":null,"_links":{"self":[{"href":"https:\/\/aalan.design\/en\/wp-json\/wp\/v2\/product\/20222","targetHints":{"allow":["GET"]}}],"collection":[{"href":"https:\/\/aalan.design\/en\/wp-json\/wp\/v2\/product"}],"about":[{"href":"https:\/\/aalan.design\/en\/wp-json\/wp\/v2\/types\/product"}],"replies":[{"embeddable":true,"href":"https:\/\/aalan.design\/en\/wp-json\/wp\/v2\/comments?post=20222"}],"wp:featuredmedia":[{"embeddable":true,"href":"https:\/\/aalan.design\/en\/wp-json\/wp\/v2\/media\/20224"}],"wp:attachment":[{"href":"https:\/\/aalan.design\/en\/wp-json\/wp\/v2\/media?parent=20222"}],"wp:term":[{"taxonomy":"product_brand","embeddable":true,"href":"https:\/\/aalan.design\/en\/wp-json\/wp\/v2\/product_brand?post=20222"},{"taxonomy":"product_cat","embeddable":true,"href":"https:\/\/aalan.design\/en\/wp-json\/wp\/v2\/product_cat?post=20222"},{"taxonomy":"product_tag","embeddable":true,"href":"https:\/\/aalan.design\/en\/wp-json\/wp\/v2\/product_tag?post=20222"}],"curies":[{"name":"wp","href":"https:\/\/api.w.org\/{rel}","templated":true}]}}