{"id":19337,"date":"2024-01-31T07:26:01","date_gmt":"2024-01-31T05:26:01","guid":{"rendered":"https:\/\/aalan.design\/tuote\/reflective-snowman\/"},"modified":"2025-06-05T03:41:49","modified_gmt":"2025-06-05T00:41:49","slug":"reflective-snowman","status":"publish","type":"product","link":"https:\/\/aalan.design\/en\/reflective-snowman\/","title":{"rendered":"Reflective Snowman"},"content":{"rendered":"\n<h2 class=\"wp-block-heading\">Finnish handicraft<\/h2>\n\n<p>The reflective products of AAlan Design are handcrafted in Jyv\u00e4skyl\u00e4, Central Finland. The patterns are machine embroidered with rayon thread and can be seen on both sides. <\/p>\n\n<p>This adorable snowman shines marvelously even when its dim, when light catches it in a right angle. The reflective pendant is made of quality reflective fabric. In between the fabrics on both sides is an upholstery fabric remnant to bring some softness for the pendant.  <\/p>\n<div class=\"gb-container gb-container-9e70c79f\">\n\n<hr class=\"wp-block-separator has-alpha-channel-opacity is-style-default\"\/>\n\n\n<div class=\"gb-container gb-container-debe2cbf\">\n\n<p><strong>Attention.<\/strong> This product has not gone through qualification approval process to give it the permission to be called safety reflector. The reflective fabric used in this product is produced according to the ISO 9000 -standard. The material fulfills the demands for the following standards:  <\/p>\n\n<\/div>\n\n\n<ul class=\"wp-block-list\">\n<li><a href=\"https:\/\/www.iso.org\/obp\/ui\/#iso:std:iso:20471:ed-1:v2:en\" target=\"_blank\" rel=\"noreferrer noopener\">EN ISO 20471:2013<\/a> (High Visibility Warning Clothing)<\/li>\n\n\n\n<li><a href=\"https:\/\/blog.ansi.org\/2020\/10\/ansi-isea-107-2020-high-visibility-apparel\/\" target=\"_blank\" rel=\"noreferrer noopener\">ANSI_ISEA107 2004<\/a> (High Visibility Safety Apparel).<\/li>\n<\/ul>\n\n\n\n<hr class=\"wp-block-separator has-alpha-channel-opacity is-style-default\"\/>\n\n<\/div><div class=\"gb-container gb-container-a28c16ef\">\n\n<h2 class=\"wp-block-heading\">A reflective pendant out of a drawing<\/h2>\n\n<\/div>\n<div class=\"wp-block-genesis-blocks-gb-columns gb-layout-columns-2 gb-2-col-wideleft\" style=\"padding-left:10px\"><div class=\"gb-layout-column-wrap gb-block-layout-column-gap-2 gb-is-responsive-column\">\n<div class=\"wp-block-genesis-blocks-gb-column gb-block-layout-column\"><div class=\"gb-block-layout-column-inner\">\n<p>This year I received my first christmas card from my goddaughter, which she had made herself. It was a happy snowman with a black top silk hat drawn to A4-paper. It has been smiling disarmingly on our fridge door since. This was such a heart melting gesture and drawing, that I longed to savour it in a more enduring way.   <\/p>\n\n\n\n<p>She gave me a permission to use the drawing in an embroidery pattern designing. After reproducing it to a computer we adjusted it with my goddaughter a little to make it better fitting in a reflective pendant.  <\/p>\n<\/div><\/div>\n\n\n\n<div class=\"wp-block-genesis-blocks-gb-column gb-block-layout-column\"><div class=\"gb-block-layout-column-inner\">\n<figure class=\"wp-block-image aligncenter is-resized has-custom-border\"><a href=\"https:\/\/aalan.design\/wp-content\/uploads\/2024\/01\/Lumiukko-piirros-scaled.jpg\"><img loading=\"lazy\" decoding=\"async\" width=\"804\" height=\"1024\" src=\"https:\/\/aalan.design\/wp-content\/uploads\/2024\/01\/Lumiukko-piirros-804x1024.jpg\" alt=\"A drawing of a smiling top hat headed snowman.\" class=\"wp-image-18920\" style=\"border-style:none;border-width:0px;border-radius:0px;width:151px;height:auto\" srcset=\"https:\/\/aalan.design\/wp-content\/uploads\/2024\/01\/Lumiukko-piirros-804x1024.jpg 804w, https:\/\/aalan.design\/wp-content\/uploads\/2024\/01\/Lumiukko-piirros-236x300.jpg 236w, https:\/\/aalan.design\/wp-content\/uploads\/2024\/01\/Lumiukko-piirros-768x978.jpg 768w, https:\/\/aalan.design\/wp-content\/uploads\/2024\/01\/Lumiukko-piirros-1206x1536.jpg 1206w, https:\/\/aalan.design\/wp-content\/uploads\/2024\/01\/Lumiukko-piirros-1608x2048.jpg 1608w, https:\/\/aalan.design\/wp-content\/uploads\/2024\/01\/Lumiukko-piirros-990x1261.jpg 990w, https:\/\/aalan.design\/wp-content\/uploads\/2024\/01\/Lumiukko-piirros-441x562.jpg 441w, https:\/\/aalan.design\/wp-content\/uploads\/2024\/01\/Lumiukko-piirros-300x382.jpg 300w, https:\/\/aalan.design\/wp-content\/uploads\/2024\/01\/Lumiukko-piirros-800x1019.jpg 800w, https:\/\/aalan.design\/wp-content\/uploads\/2024\/01\/Lumiukko-piirros-150x191.jpg 150w, https:\/\/aalan.design\/wp-content\/uploads\/2024\/01\/Lumiukko-piirros-scaled.jpg 2010w\" sizes=\"auto, (max-width: 804px) 100vw, 804px\" \/><\/a><figcaption class=\"wp-element-caption\">Amalia 6 y.<\/figcaption><\/figure>\n<\/div><\/div>\n<\/div><\/div>\n\n<div class=\"wp-block-genesis-blocks-gb-columns gb-layout-columns-2 gb-2-col-wideleft\" style=\"padding-left:10px\"><div class=\"gb-layout-column-wrap gb-block-layout-column-gap-2 gb-is-responsive-column\">\n<div class=\"wp-block-genesis-blocks-gb-column gb-block-layout-column\"><div class=\"gb-block-layout-column-inner\">\n<p>Together we test stitched first on a fabric the embroidery design I made from the drawing, and made the alterations needed. The first test piece we managed to create was given to enlighten her grandmother&#8217;s day. After a few more alterations and the final program was ready. The first Reflective Snowman naturally ended up in my goddaughters snowsuit.<\/p>\n\n\n\n<p>Of course, a small profit from every sold Reflective Snowman goes to Amalia.<\/p>\n<\/div><\/div>\n\n\n\n<div class=\"wp-block-genesis-blocks-gb-column gb-block-layout-column\"><div class=\"gb-block-layout-column-inner\">\n<figure class=\"wp-block-image aligncenter size-full is-resized is-style-default\"><a href=\"https:\/\/aalan.design\/wp-content\/uploads\/2024\/01\/Lumiukko-haalarissa.jpg\"><img loading=\"lazy\" decoding=\"async\" width=\"1488\" height=\"2000\" src=\"https:\/\/aalan.design\/wp-content\/uploads\/2024\/01\/Lumiukko-haalarissa.jpg\" alt=\"\" class=\"wp-image-18923\" style=\"width:153px;height:auto\" srcset=\"https:\/\/aalan.design\/wp-content\/uploads\/2024\/01\/Lumiukko-haalarissa.jpg 1488w, https:\/\/aalan.design\/wp-content\/uploads\/2024\/01\/Lumiukko-haalarissa-223x300.jpg 223w, https:\/\/aalan.design\/wp-content\/uploads\/2024\/01\/Lumiukko-haalarissa-762x1024.jpg 762w, https:\/\/aalan.design\/wp-content\/uploads\/2024\/01\/Lumiukko-haalarissa-768x1032.jpg 768w, https:\/\/aalan.design\/wp-content\/uploads\/2024\/01\/Lumiukko-haalarissa-1143x1536.jpg 1143w, https:\/\/aalan.design\/wp-content\/uploads\/2024\/01\/Lumiukko-haalarissa-990x1331.jpg 990w, https:\/\/aalan.design\/wp-content\/uploads\/2024\/01\/Lumiukko-haalarissa-441x593.jpg 441w, https:\/\/aalan.design\/wp-content\/uploads\/2024\/01\/Lumiukko-haalarissa-300x403.jpg 300w, https:\/\/aalan.design\/wp-content\/uploads\/2024\/01\/Lumiukko-haalarissa-800x1075.jpg 800w, https:\/\/aalan.design\/wp-content\/uploads\/2024\/01\/Lumiukko-haalarissa-150x202.jpg 150w\" sizes=\"auto, (max-width: 1488px) 100vw, 1488px\" \/><\/a><\/figure>\n<\/div><\/div>\n<\/div><\/div>\n\n<hr class=\"wp-block-separator has-alpha-channel-opacity is-style-default\"\/>\n\n<p>Size: approx. 8,5 cm<\/p>\n\n<p>Materials: Reflective fabric, rayon thread, metalparts, soft upholstery fabric remnant in between the reflective fabrics<\/p>\n\n<h4 class=\"wp-block-heading\"><a href=\"https:\/\/aalan.design\/korut-ja-asusteet\/heijastavat\/\">See also other reflective products<\/a><\/h4>\n","protected":false},"excerpt":{"rendered":"<p>An adorable Reflective Snowman -pendant is designed together with my 6 years old goddauhter.<\/p>\n<p>Attaching mechanism as a default is a keyring with a lobster claw. You can choose a safety-pin with cotton thread instead. <\/p>\n<hr>\n<p><strong>Attention. This product has not been through a qualification approval process to give it the permission to be called a safety reflector. This product can increase your visibility when used with a reflector.  <\/strong><\/p>\n","protected":false},"featured_media":18888,"comment_status":"open","ping_status":"closed","template":"","meta":{"_seopress_robots_primary_cat":"none","_seopress_titles_title":"%%post_title%% - %%sitetitle%% | Yhteisty\u00f6ss\u00e4 kummityt\u00f6n kanssa","_seopress_titles_desc":"Suloinen k\u00e4sity\u00f6n\u00e4 valmistettu Heijastava lumiukko -riipus loistaa pime\u00e4ss\u00e4. Kuvio on suunniteltu yhteisty\u00f6ss\u00e4 6-vuotiaan kummityt\u00f6n kanssa, t\u00e4m\u00e4n piirroksesta.","_seopress_robots_index":""},"product_brand":[],"product_cat":[379,376],"product_tag":[392,395,387,427],"class_list":{"0":"post-19337","1":"product","2":"type-product","3":"status-publish","4":"has-post-thumbnail","6":"product_cat-jewelry-and-accessories","7":"product_cat-reflective-pendants","8":"product_tag-fabric-remnants","9":"product_tag-reflective-fabric","10":"product_tag-reflectives","11":"product_tag-winter","12":"product_shipping_class-kirje-en","13":"wcpa_has_options","15":"first","16":"instock","17":"taxable","18":"shipping-taxable","19":"purchasable","20":"product-type-simple"},"bundled_by":[],"bundle_stock_status":"instock","bundle_stock_quantity":2,"bundle_virtual":false,"bundle_layout":"","bundle_add_to_cart_form_location":"","bundle_editable_in_cart":false,"bundle_sold_individually_context":"","bundle_item_grouping":"","bundle_min_size":"","bundle_max_size":"","bundle_price":[],"bundled_items":[],"bundle_sell_ids":[],"wcpa_form_fields":null,"_links":{"self":[{"href":"https:\/\/aalan.design\/en\/wp-json\/wp\/v2\/product\/19337","targetHints":{"allow":["GET"]}}],"collection":[{"href":"https:\/\/aalan.design\/en\/wp-json\/wp\/v2\/product"}],"about":[{"href":"https:\/\/aalan.design\/en\/wp-json\/wp\/v2\/types\/product"}],"replies":[{"embeddable":true,"href":"https:\/\/aalan.design\/en\/wp-json\/wp\/v2\/comments?post=19337"}],"wp:featuredmedia":[{"embeddable":true,"href":"https:\/\/aalan.design\/en\/wp-json\/wp\/v2\/media\/18888"}],"wp:attachment":[{"href":"https:\/\/aalan.design\/en\/wp-json\/wp\/v2\/media?parent=19337"}],"wp:term":[{"taxonomy":"product_brand","embeddable":true,"href":"https:\/\/aalan.design\/en\/wp-json\/wp\/v2\/product_brand?post=19337"},{"taxonomy":"product_cat","embeddable":true,"href":"https:\/\/aalan.design\/en\/wp-json\/wp\/v2\/product_cat?post=19337"},{"taxonomy":"product_tag","embeddable":true,"href":"https:\/\/aalan.design\/en\/wp-json\/wp\/v2\/product_tag?post=19337"}],"curies":[{"name":"wp","href":"https:\/\/api.w.org\/{rel}","templated":true}]}}