{"id":19086,"date":"2025-05-10T11:58:00","date_gmt":"2025-05-10T08:58:00","guid":{"rendered":"https:\/\/aalan.design\/tuote\/perhonen-pikkulaukku\/"},"modified":"2025-05-20T14:02:26","modified_gmt":"2025-05-20T11:02:26","slug":"perhonen-pikkulaukku","status":"publish","type":"product","link":"https:\/\/aalan.design\/en\/perhonen-pikkulaukku\/","title":{"rendered":"String Art Butterfly -Purse"},"content":{"rendered":"\n<h2 class=\"wp-block-heading\">The cute purse is handcrafted in Finland with remnant upholstering fabrics<\/h2>\n\n<p>Quality upholstery fabric remnants are used to produce this handcrafted purse. The String Art Butterfly is machine embroidered with rayon or metallic thread depending on model.<\/p>\n\n<p>The color of base fabric and the butterfly varies between different models. Some models have a lining of cotton fabric, and an inner pocket.<\/p>\n\n<hr class=\"wp-block-separator has-css-opacity is-style-default\"\/>\n\n<div class=\"wp-block-genesis-blocks-gb-columns gb-layout-columns-2 gb-2-col-equal\"><div class=\"gb-layout-column-wrap gb-block-layout-column-gap-3 gb-is-responsive-column\">\n<div class=\"wp-block-genesis-blocks-gb-column gb-block-layout-column\"><div class=\"gb-block-layout-column-inner\">\n<ul class=\"wp-block-list\">\n<li>Materials: remnant upholstering fabric, sturdy cotton fabric (in some models), cotton lining (some models) rayon or metallic thread, metal parts.<\/li>\n\n\n\n<li>Strap: material and length varies according the model<\/li>\n\n\n\n<li>Size:\n<ul class=\"wp-block-list\">\n<li>Purse: approx. 21 x 17 cm<\/li>\n\n\n\n<li>Frame: approx. 15 x 6 cm<\/li>\n\n\n\n<li>Strap: length approx. 115 cm or approx. 120 cm, width approx. 10 or 15 mm<\/li>\n<\/ul>\n<\/li>\n<\/ul>\n<\/div><\/div>\n\n\n\n<div class=\"wp-block-genesis-blocks-gb-column gb-block-layout-column\"><div class=\"gb-block-layout-column-inner\">\n\n\n\n\n<figure class=\"wp-block-image alignright is-resized is-style-default\"><img loading=\"lazy\" decoding=\"async\" width=\"150\" height=\"150\" src=\"https:\/\/aalan.design\/wp-content\/uploads\/2021\/06\/Sudenkorento-mallisto.png\" alt=\"Dragonfly Collection's stamp-like label in which a handdrawn picture of a dragonfly in the middle and the text &#x201D;V&#xE4;hennet&#xE4;&#xE4;n h&#xE4;vikki&#xE4; - Reduce waste&#x201D; on the round.\" class=\"wp-image-8785\" style=\"width:149px;height:149px\" srcset=\"https:\/\/aalan.design\/wp-content\/uploads\/2021\/06\/Sudenkorento-mallisto.png 150w, https:\/\/aalan.design\/wp-content\/uploads\/2021\/06\/Sudenkorento-mallisto-12x12.png 12w, https:\/\/aalan.design\/wp-content\/uploads\/2021\/06\/Sudenkorento-mallisto-32x32.png 32w\" sizes=\"auto, (max-width: 150px) 100vw, 150px\" \/><\/figure>\n\n\n\n<p class=\"has-background\" style=\"background-color:#f1f1f1\">Hy\u00f6dynt\u00e4m\u00e4ll\u00e4 verhoilun ylij\u00e4\u00e4m\u00e4kankaat laukkujen materiaalina, v\u00e4hennet\u00e4\u00e4n h\u00e4vikin syntymist\u00e4 ja ymp\u00e4rist\u00f6n kuormittumista. <a href=\"https:\/\/aalan.design\/sudenkorento-lennossa-pikkulaukku\/attachment\/sudenkorento-mallisto\/\" data-type=\"product_cat\" data-id=\"146\">Sudenkorento-mallisto<\/a> tarjoaa jyv\u00e4skyl\u00e4l\u00e4isest\u00e4 verhoilusta yli j\u00e4\u00e4ville, upeille ja laadukkaille kankaille arvoisensa jatkon.  <\/p>\n<\/div><\/div>\n<\/div><\/div>\n\n<hr class=\"wp-block-separator has-css-opacity is-style-default\"\/>\n\n<h3 class=\"wp-block-heading\">String Art<\/h3>\n\n<p>Can you recall from childhood when nails were attached on wooden board and string wrapped around and accross them to create beautiful forms? This embroidered Butterfly, designed by <a href=\"https:\/\/urbanthreads.com\/\" target=\"_blank\" rel=\"noreferrer noopener\">Urban Threads,<\/a> brings these memories vividly on my mind. I&#8217;m not sure what the Finnish word for this craft was, but the English word &#8216;String Art&#8217; is quite descriptive. Sadly I don&#8217;t recall which form for my art piece I then chose. This kind of a butterfly would have required a lot more skills I believe then having.   The internet search provides incredible art pieces the technique enables.<\/p>\n","protected":false},"excerpt":{"rendered":"<p>The Purse with a beautiful machine embroidered String Art Butterfly is handcrafted with upholstery fabric remnants. The length and material of straps vary in different models.<\/p>\n","protected":false},"featured_media":17904,"comment_status":"open","ping_status":"closed","template":"","meta":{"_seopress_robots_primary_cat":"none","_seopress_titles_title":"String Art Butterfly -small bag | AAlan Design - Dragonfly Collection","_seopress_titles_desc":"Local upholstery remnant fabrics are used in the production of small bags in the Dragonfly Collection. The beautiful String Art Butterfly is machine embroidered with rayon thread.","_seopress_robots_index":""},"product_brand":[],"product_cat":[512,511],"product_tag":[407,419,392],"class_list":{"0":"post-19086","1":"product","2":"type-product","3":"status-publish","4":"has-post-thumbnail","6":"product_cat-dragonfly-collection","7":"product_cat-purses-and-bags","8":"product_tag-bag-en","9":"product_tag-butterfly","10":"product_tag-fabric-remnants","11":"product_shipping_class-kirje-en","13":"first","14":"instock","15":"taxable","16":"shipping-taxable","17":"purchasable","18":"product-type-variable"},"bundled_by":[],"bundle_stock_status":"instock","bundle_stock_quantity":null,"bundle_virtual":false,"bundle_layout":"","bundle_add_to_cart_form_location":"","bundle_editable_in_cart":false,"bundle_sold_individually_context":"","bundle_item_grouping":"","bundle_min_size":"","bundle_max_size":"","bundle_price":[],"bundled_items":[],"bundle_sell_ids":[],"wcpa_form_fields":null,"_links":{"self":[{"href":"https:\/\/aalan.design\/en\/wp-json\/wp\/v2\/product\/19086","targetHints":{"allow":["GET"]}}],"collection":[{"href":"https:\/\/aalan.design\/en\/wp-json\/wp\/v2\/product"}],"about":[{"href":"https:\/\/aalan.design\/en\/wp-json\/wp\/v2\/types\/product"}],"replies":[{"embeddable":true,"href":"https:\/\/aalan.design\/en\/wp-json\/wp\/v2\/comments?post=19086"}],"wp:featuredmedia":[{"embeddable":true,"href":"https:\/\/aalan.design\/en\/wp-json\/wp\/v2\/media\/17904"}],"wp:attachment":[{"href":"https:\/\/aalan.design\/en\/wp-json\/wp\/v2\/media?parent=19086"}],"wp:term":[{"taxonomy":"product_brand","embeddable":true,"href":"https:\/\/aalan.design\/en\/wp-json\/wp\/v2\/product_brand?post=19086"},{"taxonomy":"product_cat","embeddable":true,"href":"https:\/\/aalan.design\/en\/wp-json\/wp\/v2\/product_cat?post=19086"},{"taxonomy":"product_tag","embeddable":true,"href":"https:\/\/aalan.design\/en\/wp-json\/wp\/v2\/product_tag?post=19086"}],"curies":[{"name":"wp","href":"https:\/\/api.w.org\/{rel}","templated":true}]}}