{"id":18541,"date":"2022-12-12T09:40:00","date_gmt":"2022-12-12T07:40:00","guid":{"rendered":"https:\/\/aalan.design\/tuote\/lady-in-red-frame-purse\/"},"modified":"2023-12-11T06:08:10","modified_gmt":"2023-12-11T04:08:10","slug":"lady-in-red-frame-purse","status":"publish","type":"product","link":"https:\/\/aalan.design\/en\/lady-in-red-frame-purse\/","title":{"rendered":"Lady in Red Frame Purse"},"content":{"rendered":"\n<h2 class=\"wp-block-heading\">Lady in Red Purse for any occasion<\/h2>\n\n<p>The shimmer of copper combined with black and the beautiful upholstery remnant fabric create a snazzy looking purse for either everyday or more festive use.<\/p>\n\n<p>The handcrafted Lady in Red Purse utilize high quality upholstery remnant fabrics. The Purse is available in two different patterns &#8211; the Lady in Copper and the Lady with copper colored Butterflies. Inside you will find a black cotton lining, and a small inner pocket to ensure your belongings stay organised.<\/p>\n<div class=\"gb-container gb-container-761be181\"><div class=\"gb-inside-container\">\n\n<div class=\"wp-block-media-text alignwide has-media-on-the-right\" style=\"grid-template-columns:auto 25%\"><div class=\"wp-block-media-text__content\">\n<p>This Lady in Red Purse was inspired by its namesake Rooibos from Teeleidi (a Teahouse in Jyv\u00e4skyl\u00e4) and its georgeous package covered with the marvellous photo taken By Emmi. The beautiful coppery red upholstery fabric that I managed to receive a few remnant parts accompanied with sturdy black cotton fabric create a perfect background for the lovely Lady pattern.<\/p>\n<\/div><figure class=\"wp-block-media-text__media\"><img loading=\"lazy\" decoding=\"async\" width=\"256\" height=\"300\" src=\"https:\/\/aalan.design\/wp-content\/uploads\/2021\/11\/Lady-in-Red-256x300.jpg\" alt=\"A black package of Musta Lady in Red -rooibos from Teeleidi. A beautiful woman surrounded with butterflies in the cover of the package of tea.\" class=\"wp-image-10030 size-medium\" srcset=\"https:\/\/aalan.design\/wp-content\/uploads\/2021\/11\/Lady-in-Red-256x300.jpg 256w, https:\/\/aalan.design\/wp-content\/uploads\/2021\/11\/Lady-in-Red-300x352.jpg 300w, https:\/\/aalan.design\/wp-content\/uploads\/2021\/11\/Lady-in-Red-150x176.jpg 150w, https:\/\/aalan.design\/wp-content\/uploads\/2021\/11\/Lady-in-Red-800x938.jpg 800w, https:\/\/aalan.design\/wp-content\/uploads\/2021\/11\/Lady-in-Red-874x1024.jpg 874w, https:\/\/aalan.design\/wp-content\/uploads\/2021\/11\/Lady-in-Red-768x900.jpg 768w, https:\/\/aalan.design\/wp-content\/uploads\/2021\/11\/Lady-in-Red-990x1160.jpg 990w, https:\/\/aalan.design\/wp-content\/uploads\/2021\/11\/Lady-in-Red-441x517.jpg 441w, https:\/\/aalan.design\/wp-content\/uploads\/2021\/11\/Lady-in-Red-27x32.jpg 27w, https:\/\/aalan.design\/wp-content\/uploads\/2021\/11\/Lady-in-Red-100x117.jpg 100w, https:\/\/aalan.design\/wp-content\/uploads\/2021\/11\/Lady-in-Red.jpg 1280w\" sizes=\"auto, (max-width: 256px) 100vw, 256px\" \/><\/figure><\/div>\n\n\n\n\n\n<\/div><\/div>\n<hr class=\"wp-block-separator has-css-opacity is-style-default\"\/>\n\n<figure class=\"wp-block-image alignright is-style-default\"><img loading=\"lazy\" decoding=\"async\" width=\"150\" height=\"150\" src=\"https:\/\/aalan.design\/wp-content\/uploads\/2021\/06\/Sudenkorento-mallisto.png\" alt=\"Dragonfly Collction stamplike label in which a handdrawn picture of a dragonfly and the text &#x201D;V&#xE4;hennet&#xE4;&#xE4;n h&#xE4;vikki&#xE4; - Reduce waste&#x201D;.\" class=\"wp-image-8785\" srcset=\"https:\/\/aalan.design\/wp-content\/uploads\/2021\/06\/Sudenkorento-mallisto.png 150w, https:\/\/aalan.design\/wp-content\/uploads\/2021\/06\/Sudenkorento-mallisto-12x12.png 12w, https:\/\/aalan.design\/wp-content\/uploads\/2021\/06\/Sudenkorento-mallisto-32x32.png 32w\" sizes=\"auto, (max-width: 150px) 100vw, 150px\" \/><\/figure>\n\n<p class=\"has-background\" style=\"background-color:#f1f1f1\">By utilizing the remnant fabrics from furniture upholstery as a material of bags and purses, the forming of waste and the environmental pollutant load are being reduced. <a href=\"https:\/\/aalan.design\/sudenkorento-mallisto-on-ilmestynyt\/\" data-type=\"post\" data-id=\"8749\">Dragonfly Collection<\/a> provides the beautiful, high quality upholstery remnant fabrics, the valuable continuation in their lifecycle.<\/p>\n\n<hr class=\"wp-block-separator has-css-opacity is-style-default\"\/>\n\n<ul class=\"wp-block-list\">\n<li>Materials:\n<ul class=\"wp-block-list\">\n<li>Surface: upholstery remnant fabric, viscose thread, metallic thread (metallised polyester), metal parts<\/li>\n\n\n\n<li>Lining: cotton fabric<\/li>\n\n\n\n<li>Strap: polypropylen, metal parts<\/li>\n<\/ul>\n<\/li>\n\n\n\n<li>Size:\n<ul class=\"wp-block-list\">\n<li>Purse: approx. 25 x 20 cm<\/li>\n\n\n\n<li>Frame: approx. 16 x 6 cm<\/li>\n\n\n\n<li>Strap: adjustable, max. length approx. 120 cm<\/li>\n<\/ul>\n<\/li>\n<\/ul>\n\n<hr class=\"wp-block-separator has-css-opacity is-style-default\"\/>\n","protected":false},"excerpt":{"rendered":"<p>Lady in Red Frame Purses were inspired by the Tea from Jyv\u00e4skyl\u00e4. The Purses are handcrafted with the local remnant upholstery fabrics.<\/p>\n","protected":false},"featured_media":18474,"comment_status":"open","ping_status":"closed","template":"","meta":{"_seopress_robots_primary_cat":"none","_seopress_titles_title":"%%post_title%% %%sep%% %%sitetitle%% %%sep%% jyv\u00e4skyl\u00e4l\u00e4isen teen innoittama","_seopress_titles_desc":"K\u00e4sity\u00f6n\u00e4 valmistetussa Lady in Red -pikkulaukussa upea ylij\u00e4\u00e4m\u00e4verhoilukangas yhdistettyn\u00e4 mustaan sek\u00e4 kauniiseen Lady-kuvioon luovat n\u00e4ytt\u00e4v\u00e4n kokonaisuuden.","_seopress_robots_index":""},"product_brand":[],"product_cat":[512,511],"product_tag":[407,416,435,392,408,386],"class_list":{"0":"post-18541","1":"product","2":"type-product","3":"status-publish","4":"has-post-thumbnail","6":"product_cat-dragonfly-collection","7":"product_cat-purses-and-bags","8":"product_tag-bag-en","9":"product_tag-black","10":"product_tag-dragonfly","11":"product_tag-fabric-remnants","12":"product_tag-lady-en","13":"product_tag-lady-in-red-en","14":"product_shipping_class-kirje-en","16":"first","17":"onbackorder","18":"taxable","19":"shipping-taxable","20":"purchasable","21":"product-type-variable"},"bundled_by":[],"bundle_stock_status":"onbackorder","bundle_stock_quantity":0,"bundle_virtual":false,"bundle_layout":"","bundle_add_to_cart_form_location":"","bundle_editable_in_cart":false,"bundle_sold_individually_context":"","bundle_item_grouping":"","bundle_min_size":"","bundle_max_size":"","bundle_price":[],"bundled_items":[],"bundle_sell_ids":[],"wcpa_form_fields":null,"_links":{"self":[{"href":"https:\/\/aalan.design\/en\/wp-json\/wp\/v2\/product\/18541","targetHints":{"allow":["GET"]}}],"collection":[{"href":"https:\/\/aalan.design\/en\/wp-json\/wp\/v2\/product"}],"about":[{"href":"https:\/\/aalan.design\/en\/wp-json\/wp\/v2\/types\/product"}],"replies":[{"embeddable":true,"href":"https:\/\/aalan.design\/en\/wp-json\/wp\/v2\/comments?post=18541"}],"wp:featuredmedia":[{"embeddable":true,"href":"https:\/\/aalan.design\/en\/wp-json\/wp\/v2\/media\/18474"}],"wp:attachment":[{"href":"https:\/\/aalan.design\/en\/wp-json\/wp\/v2\/media?parent=18541"}],"wp:term":[{"taxonomy":"product_brand","embeddable":true,"href":"https:\/\/aalan.design\/en\/wp-json\/wp\/v2\/product_brand?post=18541"},{"taxonomy":"product_cat","embeddable":true,"href":"https:\/\/aalan.design\/en\/wp-json\/wp\/v2\/product_cat?post=18541"},{"taxonomy":"product_tag","embeddable":true,"href":"https:\/\/aalan.design\/en\/wp-json\/wp\/v2\/product_tag?post=18541"}],"curies":[{"name":"wp","href":"https:\/\/api.w.org\/{rel}","templated":true}]}}