{"id":9314,"date":"2021-07-22T11:32:59","date_gmt":"2021-07-22T08:32:59","guid":{"rendered":"https:\/\/aalan.design\/?page_id=9314"},"modified":"2023-12-11T13:36:06","modified_gmt":"2023-12-11T11:36:06","slug":"tarinamme","status":"publish","type":"page","link":"https:\/\/aalan.design\/en\/tarinamme\/","title":{"rendered":"Tarina"},"content":{"rendered":"<div class=\"gb-container gb-container-d6952a9c\"><div class=\"gb-inside-container\">\n\n<div class=\"wp-block-genesis-blocks-gb-columns gpb-slate-section-hero-title gb-layout-columns-1 one-column gb-has-background-dim gb-has-background-dim-50 gb-background-cover gb-background-no-repeat gb-has-custom-background-color has-white-color gb-columns-center alignfull\" style=\"padding-top:6em;padding-bottom:6em;padding-left:1em;background-color:#111111;background-image:url(https:\/\/aalan.design\/wp-content\/uploads\/2021\/02\/Taustakuva-scaled.jpg);background-position:32% 35%\"><div class=\"gb-layout-column-wrap gb-block-layout-column-gap-1 gb-is-responsive-column\" style=\"max-width:1221px\">\n<div class=\"wp-block-genesis-blocks-gb-column gb-block-layout-column\"><div class=\"gb-block-layout-column-inner\">\n<h2 class=\"wp-block-heading has-text-color has-large-font-size\" style=\"color:#f5f5f5\">AAlan Designista<\/h2>\n<\/div><\/div>\n<\/div><\/div>\n\n<\/div><\/div>\n\n<div class=\"gb-container gb-container-43cdeee4\"><div class=\"gb-inside-container\">\n\n<p><strong>AAlan Design sai alkunsa uuden luomisen sek\u00e4 muutoksen ja merkityksen l\u00f6yt\u00e4misen tarpeesta. <\/strong><\/p>\n\n\n\n<p>Se&nbsp;on syntynyt intohimoisesta perehtymisest\u00e4 konekirjonnan saloihin,&nbsp;ihastuksesta&nbsp;langan mahdollisuuksiin&nbsp;taipua&nbsp;muodostamaan upeita, eloisia pintoja ja moniulotteisia kuvioita. Syk\u00e4hdytt\u00e4vien kuvioiden kanvaaseiksi valmistuvat k\u00e4sity\u00f6n\u00e4 tuotteet, niin k\u00e4ytt\u00f6\u00f6n, kuin sisustuselementeiksi.<\/p>\n\n<\/div><\/div>\n\n<div class=\"gb-container gb-container-f5d826e9\"><div class=\"gb-inside-container\">\n<div class=\"gb-grid-wrapper gb-grid-wrapper-87ad6eec\">\n<div class=\"gb-grid-column gb-grid-column-3b2ed858\"><div class=\"gb-container gb-container-3b2ed858\"><div class=\"gb-inside-container\">\n\n<div class=\"wp-block-genesis-blocks-gb-accordion gb-block-accordion\"><details><summary class=\"gb-accordion-title\">Matka merkityksellisyyteen<\/summary><div class=\"gb-accordion-text\">\n<p>Aloittaessani perehtymisen konekirjonnan saloihin, tuntui el\u00e4m\u00e4st\u00e4ni kadonneen merkitys. Taistelin voimattomuutta vastaan, eik\u00e4 mik\u00e4\u00e4n maistunut juuri milt\u00e4\u00e4n. El\u00e4m\u00e4 ei tarjonnut juuri mit\u00e4\u00e4n, mit\u00e4 odottaa.\u00a0<\/p>\n\n\n\n<p>Sattumalta p\u00e4\u00e4dyin tietokonepohjaisia kirjovia ompelukoneita myyv\u00e4\u00e4n kauppaan. Mielenkiintoni her\u00e4si ja syvempi perehtyminen aiheeseen alkoi.&nbsp;<\/p>\n\n\n\n<p>Uusi tekniikka, ohjelmistot, laitteet sek\u00e4 kuvioiden suunnittelu vaativat hurjasti opettelemista. L\u00f6ysin <a href=\"http:\/\/urbanthreads.com\" target=\"_blank\" rel=\"noreferrer noopener\">Urban Threads<\/a>:lt\u00e4 lumoavia konekirjottavia kuvioita, jotka vaativat p\u00e4\u00e4st\u00e4 ikuistetuiksi kankaille. Haluan viel\u00e4 joskus tulla yht\u00e4 taitavaksi loihtimaan kirjottavia kuvioita.<\/p>\n\n\n\n<p>Matka uudenlaisen merkityksellisyyden l\u00f6ytymiseen oli alkanut. El\u00e4m\u00e4 tarjosi taas innostavia ja odottamisen arvoisia asioita &#8211; jopa haaveita.<\/p>\n<\/div><\/details><\/div>\n\n\n\n<div class=\"wp-block-genesis-blocks-gb-accordion gb-block-accordion\"><details><summary class=\"gb-accordion-title\">Kuvat kertovat tarinaa<\/summary><div class=\"gb-accordion-text\">\n<p>Kuvilla voi olla meihin suuri merkitys. Aiemmin, ammatissani toimintaterapeuttina, olen hy\u00f6dynt\u00e4nyt niit\u00e4 monin tavoin. Yksi kuva todella voi joskus kertoa enemm\u00e4n kuin tuhat sanaa. <\/p>\n\n\n\n<p>Konekirjottuina kuvat saattavat olla melkein kuin tauluja. Niihin syntyy syvyytt\u00e4 ja el\u00e4vyytt\u00e4 erilaisilla tikki- ja lankavalinnoilla.<\/p>\n\n\n\n<p>Ihailemaltani\u00a0<a href=\"https:\/\/www.urbanthreads.com\/\">Urban Threads<\/a> :lt\u00e4 olen valikoinut lisenssill\u00e4 k\u00e4ytett\u00e4v\u00e4kseni taidokkaasti toteutettuja konekirjottavia, jotka puhuttelevat minua ja viestiv\u00e4t merkityksellisyytt\u00e4. <\/p>\n\n\n\n<p>Itse suunnittelemani kuvat saavat alkunsa ymp\u00e4r\u00f6iv\u00e4st\u00e4 maailmasta ja eletyn el\u00e4m\u00e4n tarinoista. Niihin sis\u00e4ltyy merkityksellisyytt\u00e4, joka jatkaa el\u00e4mist\u00e4\u00e4n tuotteissa. Jokainen saa l\u00f6yt\u00e4\u00e4 niille oman merkityksen ja tarinan, omista l\u00e4ht\u00f6kohdistaan.<\/p>\n<\/div><\/details><\/div>\n\n\n\n<div class=\"wp-block-genesis-blocks-gb-accordion gb-block-accordion\"><details><summary class=\"gb-accordion-title\">Lanka taittuu moneksi<\/summary><div class=\"gb-accordion-text\">\n<p>Lanka monissa ulottuvuuksissaan on ollut osa el\u00e4m\u00e4\u00e4ni jo lapsesta. K\u00e4teni ovat taivuttaneet lankaa eri muotoihin, oli se sitten ohutta tai paksua, metallia, villaa tai paperia. Olisikohan t\u00e4m\u00e4 karjalaista verenperint\u00f6\u00e4ni?<\/p>\n\n\n\n<p>Konekirjonta oli itselleni t\u00e4ysin uudenlainen tapa langan taivuttamiseen kuvioiksi ja muodoiksi. Jaksan edelleen h\u00e4mm\u00e4stell\u00e4, kuinka upeita pintoja sill\u00e4 voi saada aikaiseksi. Ja sit\u00e4, kuinka sen olemus kankaalla muuttaa muotoaan, riippuen kuvio-ohjelmassa valituista tikeist\u00e4, ompeleesta, tiheydest\u00e4 ym. <\/p>\n\n\n\n<p>Lumoutuneena usein seuraan, kun kone tekee ty\u00f6t\u00e4ns\u00e4 nakuttaessaan tikkej\u00e4. On aina yll\u00e4tt\u00e4v\u00e4\u00e4, kuinka erilaiselta lopputulos kankaalla, sek\u00e4 kankaasta riippuen, n\u00e4ytt\u00e4\u00e4, kuin, milt\u00e4 se suunnitteluohjelmassa viel\u00e4 n\u00e4ytti. <\/p>\n\n\n\n<p>K\u00e4sity\u00f6n ihmeellinen maailma\u2026! <\/p>\n<\/div><\/details><\/div>\n\n<\/div><\/div><\/div>\n\n<div class=\"gb-grid-column gb-grid-column-191af60a\"><div class=\"gb-container gb-container-191af60a\"><div class=\"gb-inside-container\">\n<div class=\"gb-container gb-container-97ac56d7\"><div class=\"gb-inside-container\">\n\n<figure class=\"wp-block-image size-large\"><img loading=\"lazy\" decoding=\"async\" width=\"1024\" height=\"580\" src=\"https:\/\/aalan.design\/wp-content\/uploads\/2021\/02\/Lanka-sormissa-1-1024x580.jpg\" alt=\"Lanka taittuu moneksi\" class=\"wp-image-7411\" srcset=\"https:\/\/aalan.design\/wp-content\/uploads\/2021\/02\/Lanka-sormissa-1-1024x580.jpg 1024w, https:\/\/aalan.design\/wp-content\/uploads\/2021\/02\/Lanka-sormissa-1-300x170.jpg 300w, https:\/\/aalan.design\/wp-content\/uploads\/2021\/02\/Lanka-sormissa-1-150x85.jpg 150w, https:\/\/aalan.design\/wp-content\/uploads\/2021\/02\/Lanka-sormissa-1-800x453.jpg 800w, https:\/\/aalan.design\/wp-content\/uploads\/2021\/02\/Lanka-sormissa-1-768x435.jpg 768w, https:\/\/aalan.design\/wp-content\/uploads\/2021\/02\/Lanka-sormissa-1-16x9.jpg 16w, https:\/\/aalan.design\/wp-content\/uploads\/2021\/02\/Lanka-sormissa-1.jpg 1200w\" sizes=\"auto, (max-width: 1024px) 100vw, 1024px\" \/><\/figure>\n\n<\/div><\/div>\n<\/div><\/div><\/div>\n<\/div>\n\n<div class=\"gb-container gb-container-c665aa97\"><div class=\"gb-inside-container\">\n\n<p>Kupliva innostukseni konekirjontaan rohkaisi avaamaan tarjonnan kaikkien saataville. Uusi matka monenlaiseen uuteen ja ihanaan saattoi alkaa.<\/p>\n\n\n\n<p>AAlan Designin verkkosivut ja -kauppa avautuivat elokuussa 2020.<\/p>\n\n\n\n<div class=\"wp-block-columns is-layout-flex wp-container-core-columns-is-layout-28f84493 wp-block-columns-is-layout-flex\">\n<div class=\"wp-block-column is-layout-flow wp-block-column-is-layout-flow\" style=\"flex-basis:33.33%\">\n<p>Kiitos, kun olet matkassa mukana! \ud83e\udde1<\/p>\n\n\n\n<figure class=\"wp-block-image alignleft size-thumbnail\"><img loading=\"lazy\" decoding=\"async\" width=\"150\" height=\"150\" src=\"https:\/\/aalan.design\/wp-content\/uploads\/2021\/01\/profiilikuva2-1-150x150.jpg\" alt=\"Anu, AAlan Design\" class=\"wp-image-6758\" srcset=\"https:\/\/aalan.design\/wp-content\/uploads\/2021\/01\/profiilikuva2-1-150x149.jpg 150w, https:\/\/aalan.design\/wp-content\/uploads\/2021\/01\/profiilikuva2-1-300x299.jpg 300w, https:\/\/aalan.design\/wp-content\/uploads\/2021\/01\/profiilikuva2-1-800x797.jpg 800w, https:\/\/aalan.design\/wp-content\/uploads\/2021\/01\/profiilikuva2-1-1024x1020.jpg 1024w, https:\/\/aalan.design\/wp-content\/uploads\/2021\/01\/profiilikuva2-1-768x765.jpg 768w, https:\/\/aalan.design\/wp-content\/uploads\/2021\/01\/profiilikuva2-1.jpg 1205w\" sizes=\"auto, (max-width: 150px) 100vw, 150px\" \/><figcaption class=\"wp-element-caption\">Anu Ahlfors<\/figcaption><\/figure>\n<\/div>\n\n\n\n<div class=\"wp-block-column is-layout-flow wp-block-column-is-layout-flow\" style=\"flex-basis:66.66%\"><div class=\"gb-container gb-container-f6ebf2ae\"><div class=\"gb-inside-container\">\n\n<hr class=\"wp-block-separator has-css-opacity\"\/>\n\n\n\n<figure class=\"wp-block-pullquote is-style-default\"><blockquote><p>K\u00e4sity\u00f6 on ajatuksen ohjaama prosessi, joka sis\u00e4lt\u00e4\u00e4 idean tuotoksesta sek\u00e4 tiedon sen toteuttamisesta.<\/p><cite>Wikipedia<\/cite><\/blockquote><\/figure>\n\n\n\n<hr class=\"wp-block-separator has-css-opacity is-style-default\"\/>\n\n<\/div><\/div><\/div>\n<\/div>\n\n<\/div><\/div>\n<\/div><\/div>","protected":false},"excerpt":{"rendered":"<p>AAlan Design sai alkunsa uuden luomisen sek\u00e4 muutoksen ja merkityksen l\u00f6yt\u00e4misen tarpeesta. Se&nbsp;on syntynyt intohimoisesta perehtymisest\u00e4 konekirjonnan saloihin,&nbsp;ihastuksesta&nbsp;langan mahdollisuuksiin&nbsp;taipua&nbsp;muodostamaan upeita, eloisia pintoja ja moniulotteisia kuvioita. Syk\u00e4hdytt\u00e4vien kuvioiden kanvaaseiksi valmistuvat k\u00e4sity\u00f6n\u00e4 tuotteet, niin k\u00e4ytt\u00f6\u00f6n, kuin sisustuselementeiksi. Kupliva innostukseni konekirjontaan rohkaisi avaamaan tarjonnan kaikkien saataville. Uusi matka monenlaiseen uuteen ja ihanaan saattoi alkaa. AAlan Designin verkkosivut ja [&hellip;]<\/p>\n","protected":false},"author":2,"featured_media":6933,"parent":0,"menu_order":0,"comment_status":"open","ping_status":"closed","template":"template-canvas.php","meta":{"_seopress_robots_primary_cat":"","_seopress_titles_title":"","_seopress_titles_desc":"","_seopress_robots_index":"","footnotes":""},"class_list":["post-9314","page","type-page","status-publish","has-post-thumbnail","hentry"],"featured_image_src":"https:\/\/aalan.design\/wp-content\/uploads\/2021\/01\/lanka_ja_neula_rajatumpi-600x400.jpg","featured_image_src_square":"https:\/\/aalan.design\/wp-content\/uploads\/2021\/01\/lanka_ja_neula_rajatumpi-600x600.jpg","_links":{"self":[{"href":"https:\/\/aalan.design\/en\/wp-json\/wp\/v2\/pages\/9314","targetHints":{"allow":["GET"]}}],"collection":[{"href":"https:\/\/aalan.design\/en\/wp-json\/wp\/v2\/pages"}],"about":[{"href":"https:\/\/aalan.design\/en\/wp-json\/wp\/v2\/types\/page"}],"author":[{"embeddable":true,"href":"https:\/\/aalan.design\/en\/wp-json\/wp\/v2\/users\/2"}],"replies":[{"embeddable":true,"href":"https:\/\/aalan.design\/en\/wp-json\/wp\/v2\/comments?post=9314"}],"version-history":[{"count":0,"href":"https:\/\/aalan.design\/en\/wp-json\/wp\/v2\/pages\/9314\/revisions"}],"wp:featuredmedia":[{"embeddable":true,"href":"https:\/\/aalan.design\/en\/wp-json\/wp\/v2\/media\/6933"}],"wp:attachment":[{"href":"https:\/\/aalan.design\/en\/wp-json\/wp\/v2\/media?parent=9314"}],"curies":[{"name":"wp","href":"https:\/\/api.w.org\/{rel}","templated":true}]}}