{"id":21356,"date":"2025-07-27T14:58:44","date_gmt":"2025-07-27T11:58:44","guid":{"rendered":"https:\/\/aalan.design\/?page_id=21356"},"modified":"2025-08-04T06:43:25","modified_gmt":"2025-08-04T03:43:25","slug":"synttarit-vko3","status":"publish","type":"page","link":"https:\/\/aalan.design\/synttarit-vko3\/","title":{"rendered":"Syntt\u00e4rit &#8211; vko3"},"content":{"rendered":"<div class=\"gb-container gb-container-d727eaa5\">\n\n<h1 class=\"wp-block-heading has-text-align-center has-text-color has-link-color has-xx-large-font-size wp-elements-6d3681db113885e170c53e33941ab7cf\" style=\"color:#f1f1f1;padding-top:var(--wp--preset--spacing--xx-large);padding-right:0;padding-bottom:var(--wp--preset--spacing--x-large);padding-left:var(--wp--preset--spacing--medium)\">Syntt\u00e4rit<\/h1>\n\n\n\n<p class=\"has-text-align-center has-text-color has-background has-link-color has-x-large-font-size wp-elements-5a91e683d43f8cd1d9c7fb569967b09c\" style=\"border-radius:28px;color:#f1f1f1;background-color:#0000003d;margin-top:var(--wp--preset--spacing--medium);margin-right:var(--wp--preset--spacing--medium);margin-bottom:var(--wp--preset--spacing--medium);margin-left:var(--wp--preset--spacing--medium);padding-top:0;padding-right:0;padding-bottom:0;padding-left:0;font-style:normal;font-weight:300\">AAlan Design viett\u00e4\u00e4 <br>5-vuotissyntym\u00e4p\u00e4iv\u00e4\u00e4 <br>5 viikon ajan<\/p>\n\n<\/div>\n\n<div class=\"gb-container gb-container-3518dece\">\n\n<p class=\"has-black-color has-text-color has-link-color wp-elements-800651f6b597da17043222d7a96e8566\">te<\/p>\n\n\n<div class=\"gb-container gb-container-12203e18\">\n\n<div class=\"wp-block-genesis-blocks-gb-columns gb-layout-columns-2 gb-2-col-equal\"><div class=\"gb-layout-column-wrap gb-block-layout-column-gap-3 gb-is-responsive-column\">\n<div class=\"wp-block-genesis-blocks-gb-column gb-block-layout-column\"><div class=\"gb-block-layout-column-inner\">\n<ul class=\"wp-block-list\">\n<li><strong><mark style=\"background-color:rgba(0, 0, 0, 0);color:#cf5d06\" class=\"has-inline-color\">-5%<\/mark> kaikista omista tuotteista<\/strong> koko 5 viikon ajan<\/li>\n\n\n\n<li>Syntt\u00e4rialennus viikoittaisista tuotenostoista<sup data-fn=\"c0f3f094-d391-48c6-bdb1-140726f1cd6d\" class=\"fn\"><a href=\"#c0f3f094-d391-48c6-bdb1-140726f1cd6d\" id=\"c0f3f094-d391-48c6-bdb1-140726f1cd6d-link\">1<\/a><\/sup><\/li>\n<\/ul>\n<\/div><\/div>\n\n\n\n<div class=\"wp-block-genesis-blocks-gb-column gb-block-layout-column\"><div class=\"gb-block-layout-column-inner\">\n<ul class=\"wp-block-list\">\n<li><strong> <mark style=\"background-color:rgba(0, 0, 0, 0);color:#cf5d06\" class=\"has-inline-color\">-50%<\/mark> korvakoruista <\/strong>(viikoittain vaihtuva malli)<\/li>\n\n\n\n<li><a href=\"https:\/\/aalan.design\/lyhty-retkimuki\/\" data-type=\"product\" data-id=\"20652\">Lyhty-retkimuki <\/a><mark style=\"background-color:rgba(0, 0, 0, 0);color:#cf5d06\" class=\"has-inline-color\">-50%<\/mark>, <a href=\"https:\/\/aalan.design\/lehti-istuinalunen\/\" data-type=\"product\" data-id=\"16151\">Lehti-istuinalusen<\/a> ostajalle<\/li>\n<\/ul>\n<\/div><\/div>\n<\/div><\/div>\n\n\n\n<p class=\"has-text-align-center\">Syntt\u00e4reiden ajan ilmaisen toimituksen raja 50 \u20ac<\/p>\n\n<\/div>\n\n\n<figure class=\"gb-block-image gb-block-image-509502d2\"><a href=\"https:\/\/aalan.design\/lehti\" target=\"_blank\" rel=\"noopener noreferrer\"><img decoding=\"async\" class=\"gb-image gb-image-509502d2\" src=\"https:\/\/aalan.design\/wp-content\/uploads\/2025\/07\/Aikajana-vko3-scaled.png\" alt=\"\" title=\"Aikajana vko3\"\/><\/a><\/figure>\n\n\n\n<div class=\"wp-block-cover aligncenter has-text-color has-link-color wp-elements-1b884d6f3d32a8eddcfec0a55c674748\" style=\"color:#f1f1f1;margin-top:0;margin-bottom:0;padding-right:0;padding-left:0\"><img loading=\"lazy\" decoding=\"async\" width=\"1024\" height=\"814\" class=\"wp-block-cover__image-background wp-image-21006 size-large\" alt=\"Syntt\u00e4risivuntaustakuva mustalla pohjalla mustia ilmapalloja ja lahjapaketteja pronssinv\u00e4risin nauhoin. Keskell\u00e4 valokeila kohdentaa tarjouksiin.\" src=\"https:\/\/aalan.design\/wp-content\/uploads\/2025\/07\/Synttaritausta-4-1024x814.jpg\" data-object-fit=\"cover\" srcset=\"https:\/\/aalan.design\/wp-content\/uploads\/2025\/07\/Synttaritausta-4-1024x814.jpg 1024w, https:\/\/aalan.design\/wp-content\/uploads\/2025\/07\/Synttaritausta-4-300x238.jpg 300w, https:\/\/aalan.design\/wp-content\/uploads\/2025\/07\/Synttaritausta-4-768x610.jpg 768w, https:\/\/aalan.design\/wp-content\/uploads\/2025\/07\/Synttaritausta-4-1536x1221.jpg 1536w, https:\/\/aalan.design\/wp-content\/uploads\/2025\/07\/Synttaritausta-4-2048x1628.jpg 2048w, https:\/\/aalan.design\/wp-content\/uploads\/2025\/07\/Synttaritausta-4-990x787.jpg 990w, https:\/\/aalan.design\/wp-content\/uploads\/2025\/07\/Synttaritausta-4-441x351.jpg 441w, https:\/\/aalan.design\/wp-content\/uploads\/2025\/07\/Synttaritausta-4-800x636.jpg 800w, https:\/\/aalan.design\/wp-content\/uploads\/2025\/07\/Synttaritausta-4-150x119.jpg 150w, https:\/\/aalan.design\/wp-content\/uploads\/2025\/07\/Synttaritausta-4-500x397.jpg 500w\" sizes=\"auto, (max-width: 1024px) 100vw, 1024px\" \/><span aria-hidden=\"true\" class=\"wp-block-cover__background has-background-dim-20 has-background-dim\"><\/span><div class=\"wp-block-cover__inner-container has-global-padding is-layout-constrained wp-container-core-cover-is-layout-97bbc53b wp-block-cover-is-layout-constrained\">\n<figure class=\"gb-block-image gb-block-image-70cf11c3\"><a href=\"https:\/\/aalan.design\/lyhty-retkimuki\/\" target=\"_blank\" rel=\"noopener noreferrer\"><img loading=\"lazy\" decoding=\"async\" width=\"742\" height=\"617\" class=\"gb-image gb-image-70cf11c3\" src=\"https:\/\/aalan.design\/wp-content\/uploads\/2025\/07\/Kippis.png\" alt=\"Kuva naisen k\u00e4dest\u00e4 kohottamassa maljaa rosterisella AAlan Designin Lyhty-retkimukilla, jossa kahvia.\" title=\"Kippis\" srcset=\"https:\/\/aalan.design\/wp-content\/uploads\/2025\/07\/Kippis.png 742w, https:\/\/aalan.design\/wp-content\/uploads\/2025\/07\/Kippis-300x249.png 300w, https:\/\/aalan.design\/wp-content\/uploads\/2025\/07\/Kippis-441x367.png 441w, https:\/\/aalan.design\/wp-content\/uploads\/2025\/07\/Kippis-150x125.png 150w\" sizes=\"auto, (max-width: 742px) 100vw, 742px\" \/><\/a>\n<figcaption class=\"gb-headline gb-headline-8fdb6096 gb-headline-text\"><\/figcaption>\n<\/figure>\n\n\n\n<p class=\"has-text-align-center has-text-color has-link-color has-large-font-size wp-elements-811e576b4287d462df74ccb7e9040a81\" style=\"color:#cf5d06;padding-top:var(--wp--preset--spacing--medium)\">3. viikko<\/p>\n\n\n<div class=\"gb-container gb-container-3a32f02b\">\n\n\n\n<div data-wp-context=\"{&quot;notices&quot;:[],&quot;hideNextPreviousButtons&quot;:false,&quot;isDisabledPrevious&quot;:true,&quot;isDisabledNext&quot;:false,&quot;ariaLabelPrevious&quot;:&quot;Previous products&quot;,&quot;ariaLabelNext&quot;:&quot;Next products&quot;,&quot;collection&quot;:&quot;woocommerce\\\/product-collection\\\/hand-picked&quot;}\" data-wp-init=\"callbacks.onRender\" data-wp-interactive=\"woocommerce\/product-collection\" data-wp-router-region=\"wc-product-collection-1\" data-__private-preview-state=\"{&quot;isPreview&quot;:false,&quot;previewMessage&quot;:&quot;Actual products will vary depending on the page being viewed.&quot;}\" data-block-name=\"woocommerce\/product-collection\" data-collection=\"woocommerce\/product-collection\/hand-picked\" data-dimensions=\"{&quot;widthType&quot;:&quot;fill&quot;}\" data-display-layout=\"{&quot;type&quot;:&quot;flex&quot;,&quot;columns&quot;:3,&quot;shrinkColumns&quot;:true}\" data-hide-controls=\"[&quot;inherit&quot;,&quot;hand-picked&quot;,&quot;filterable&quot;,&quot;order&quot;]\" data-layout=\"{&quot;type&quot;:&quot;default&quot;}\" data-query-context-includes=\"[&quot;collection&quot;]\" data-query-id=\"1\" data-query=\"{&quot;perPage&quot;:9,&quot;pages&quot;:0,&quot;offset&quot;:0,&quot;postType&quot;:&quot;product&quot;,&quot;order&quot;:&quot;asc&quot;,&quot;orderBy&quot;:&quot;post__in&quot;,&quot;search&quot;:&quot;&quot;,&quot;exclude&quot;:[],&quot;inherit&quot;:false,&quot;taxQuery&quot;:[],&quot;isProductCollectionBlock&quot;:true,&quot;featured&quot;:false,&quot;woocommerceOnSale&quot;:false,&quot;woocommerceStockStatus&quot;:[&quot;instock&quot;,&quot;onbackorder&quot;],&quot;woocommerceAttributes&quot;:[],&quot;woocommerceHandPickedProducts&quot;:[&quot;21293&quot;,&quot;21391&quot;,&quot;19119&quot;,&quot;16151&quot;,&quot;8312&quot;,&quot;14718&quot;,&quot;19594&quot;],&quot;filterable&quot;:false,&quot;relatedBy&quot;:{&quot;categories&quot;:true,&quot;tags&quot;:true}}\" data-tag-name=\"div\" class=\"wp-block-woocommerce-product-collection is-layout-flow wp-block-woocommerce-product-collection-is-layout-flow\">\t\t<div data-wp-interactive=\"woocommerce\/store-notices\" class=\"wc-block-components-notices alignwide\">\n\t\t\t<template data-wp-each--notice=\"state.notices\" data-wp-each-key=\"context.notice.id\">\n\t\t\t\t<div\n\t\t\t\t\tclass=\"wc-block-components-notice-banner\"\n\t\t\t\t\tdata-wp-init=\"callbacks.scrollIntoView\"\n\t\t\t\t\tdata-wp-class--is-error=\"state.isError\"\n\t\t\t\t\tdata-wp-class--is-success =\"state.isSuccess\"\n\t\t\t\t\tdata-wp-class--is-info=\"state.isInfo\"\n\t\t\t\t\tdata-wp-class--is-dismissible=\"context.notice.dismissible\"\n\t\t\t\t\tdata-wp-bind--role=\"state.role\"\n\t\t\t\t>\n\t\t\t\t\t<svg xmlns=\"http:\/\/www.w3.org\/2000\/svg\" viewBox=\"0 0 24 24\" width=\"24\" height=\"24\" aria-hidden=\"true\" focusable=\"false\">\n\t\t\t\t\t\t<path data-wp-bind--d=\"state.iconPath\"><\/path>\n\t\t\t\t\t<\/svg>\n\t\t\t\t\t<div class=\"wc-block-components-notice-banner__content\">\n\t\t\t\t\t\t<span data-wp-init=\"callbacks.renderNoticeContent\" aria-live=\"assertive\" aria-atomic=\"true\"><\/span>\n\t\t\t\t\t<\/div>\n\t\t\t\t\t<button\n\t\t\t\t\t\tdata-wp-bind--hidden=\"!context.notice.dismissible\"\n\t\t\t\t\t\tclass=\"wc-block-components-button wp-element-button wc-block-components-notice-banner__dismiss contained\"\n\t\t\t\t\t\taria-label=\"Dismiss this notice\"\n\t\t\t\t\t\tdata-wp-on--click=\"actions.removeNotice\"\n\t\t\t\t\t>\n\t\t\t\t\t\t<svg xmlns=\"http:\/\/www.w3.org\/2000\/svg\" viewBox=\"0 0 24 24\">\n\t\t\t\t\t\t\t<path d=\"M13 11.8l6.1-6.3-1-1-6.1 6.2-6.1-6.2-1 1 6.1 6.3-6.5 6.7 1 1 6.5-6.6 6.5 6.6 1-1z\" \/>\n\t\t\t\t\t\t<\/svg>\n\t\t\t\t\t<\/button>\n\t\t\t\t<\/div>\n\t\t\t<\/template>\n\t\t<\/div>\n\t\t\n<hr class=\"wp-block-separator has-text-color has-alpha-channel-opacity has-background is-style-dots\" style=\"background-color:#323232;color:#323232\"\/>\n\n\n\n<h2 class=\"wp-block-heading has-text-align-left has-text-color has-link-color wp-elements-996d5fc7f06e4e6e7b650a3d979ca183\" style=\"color:#ac794e;margin-top:var(--wp--preset--spacing--medium);margin-bottom:1rem\">Viikon tuotenostot:<\/h2>\n\n\n<ul data-block-name=\"woocommerce\/product-template\" data-style=\"{&quot;elements&quot;:{&quot;link&quot;:{&quot;color&quot;:{&quot;text&quot;:&quot;#f1f1f1&quot;}}},&quot;color&quot;:{&quot;text&quot;:&quot;#f1f1f1&quot;}}\" style=\"color:#f1f1f1;\" class=\"wc-block-product-template__responsive columns-3 has-link-color wc-block-product-template wp-elements-f8ceb6f560f4ff4f3eb04cadaffcf906 wp-block-woocommerce-product-template has-text-color is-layout-flow wp-block-woocommerce-product-template-is-layout-flow\" data-wp-on--scroll=\"actions.watchScroll\" data-wp-init=\"callbacks.initResizeObserver\"><li class=\"wc-block-product post-19317 product type-product status-publish has-post-thumbnail product_cat-bathroom-sauna product_cat-kitchen product_cat-sauna-en product_tag-cloth product_tag-leaf product_tag-linen product_tag-sauna-en first instock taxable shipping-taxable purchasable product-type-variable\"\n\t\t\t\t\t\n\t\t\t\tdata-wp-interactive=\"woocommerce\/product-collection\"\n\t\t\t\tdata-wp-context='{\"productId\":19317}'\n\t\t\t\tdata-wp-key=\"product-item-19317\"\n\t\t\t\n\t\t\t\t>\n\t\t\t\t\t\n<div data-block-name=\"woocommerce\/product-image\" data-height=\"\" data-image-sizing=\"thumbnail\" data-is-descendent-of-query-loop=\"true\" data-scale=\"contain\" data-show-sale-badge=\"false\" data-width=\"\" class=\"wc-block-components-product-image wc-block-grid__product-image wc-block-components-product-image--aspect-ratio-auto wp-block-woocommerce-product-image wp-elements-f8ceb6f560f4ff4f3eb04cadaffcf906\"><a href=\"https:\/\/aalan.design\/en\/leaf-linen-cloth\/\" style=\"\" data-wp-on--click=\"woocommerce\/product-collection::actions.viewProduct\"><img loading=\"lazy\" decoding=\"async\" width=\"300\" height=\"352\" src=\"https:\/\/aalan.design\/wp-content\/uploads\/2024\/09\/pyyhe-laudeliina-musta-Lehti-1-300x352.jpg\" class=\"attachment-woocommerce_thumbnail size-woocommerce_thumbnail\" alt=\"Linen cloth hanging in the hook, with the machine embroidered black leaf on the bottom corner.\" data-testid=\"product-image\" data-image-id=\"19212\" style=\"object-fit:contain;\" srcset=\"https:\/\/aalan.design\/wp-content\/uploads\/2024\/09\/pyyhe-laudeliina-musta-Lehti-1-300x352.jpg 300w, https:\/\/aalan.design\/wp-content\/uploads\/2024\/09\/pyyhe-laudeliina-musta-Lehti-1-256x300.jpg 256w, https:\/\/aalan.design\/wp-content\/uploads\/2024\/09\/pyyhe-laudeliina-musta-Lehti-1-874x1024.jpg 874w, https:\/\/aalan.design\/wp-content\/uploads\/2024\/09\/pyyhe-laudeliina-musta-Lehti-1-768x900.jpg 768w, https:\/\/aalan.design\/wp-content\/uploads\/2024\/09\/pyyhe-laudeliina-musta-Lehti-1-990x1160.jpg 990w, https:\/\/aalan.design\/wp-content\/uploads\/2024\/09\/pyyhe-laudeliina-musta-Lehti-1-441x517.jpg 441w, https:\/\/aalan.design\/wp-content\/uploads\/2024\/09\/pyyhe-laudeliina-musta-Lehti-1-800x938.jpg 800w, https:\/\/aalan.design\/wp-content\/uploads\/2024\/09\/pyyhe-laudeliina-musta-Lehti-1-150x176.jpg 150w, https:\/\/aalan.design\/wp-content\/uploads\/2024\/09\/pyyhe-laudeliina-musta-Lehti-1.jpg 1280w\" sizes=\"auto, (max-width: 360px) 147px, (max-width: 300px) 100vw, 300px\" \/><div class=\"wc-block-components-product-image__inner-container\"><\/div><\/a><\/div>\n\n<h2 style=\"color:#f1f1f1; line-height:1; margin-bottom:0.75rem;margin-top:0;\" class=\"has-text-align-center has-link-color wp-elements-ffa18f5396007bbe201601e5b539c6e6 wp-block-post-title has-text-color has-small-font-size\"><a data-wp-on--click=\"woocommerce\/product-collection::actions.viewProduct\" href=\"https:\/\/aalan.design\/en\/leaf-linen-cloth\/\" target=\"_self\" >Leaf &#8211; Linen cloth<\/a><\/h2>\n\n<div data-block-name=\"woocommerce\/product-price\" data-font-size=\"medium\" data-is-descendent-of-query-loop=\"true\" data-style=\"{&quot;typography&quot;:{&quot;lineHeight&quot;:&quot;2&quot;},&quot;spacing&quot;:{&quot;padding&quot;:{&quot;right&quot;:&quot;0&quot;,&quot;left&quot;:&quot;0&quot;},&quot;margin&quot;:{&quot;top&quot;:&quot;0&quot;,&quot;bottom&quot;:&quot;0&quot;}},&quot;elements&quot;:{&quot;link&quot;:{&quot;color&quot;:{&quot;text&quot;:&quot;#cf5d06&quot;}}},&quot;color&quot;:{&quot;text&quot;:&quot;#cf5d06&quot;}}\" data-text-align=\"center\" style=\"line-height: 2; margin-top:0;margin-bottom:0; padding-right:0;padding-left:0; color: #cf5d06; color:#cf5d06; line-height:2; padding-right:0;padding-left:0;margin-top:0;margin-bottom:0;\" class=\"has-font-size has-medium-font-size has-text-align-center wp-elements-478c69e1b6c221dca78a0713a0f20116 wp-elements-478c69e1b6c221dca78a0713a0f20116 wp-block-woocommerce-product-price has-text-color has-medium-font-size\" ><div class=\"wc-block-components-product-price wc-block-grid__product-price\" >\n\t\t\t\t\t<span class=\"woocommerce-Price-amount amount\"><bdi>19,00&nbsp;<span class=\"woocommerce-Price-currencySymbol\">&euro;<\/span><\/bdi><\/span> <small class=\"woocommerce-price-suffix\">(sis. alv)<\/small>\n\t\t\t\t<\/div><\/div>\n\n<div data-block-name=\"woocommerce\/product-button\" data-font-size=\"x-small\" data-is-descendent-of-query-loop=\"true\" data-style=\"{&quot;elements&quot;:{&quot;link&quot;:{&quot;color&quot;:{&quot;text&quot;:&quot;#cccccc&quot;}}},&quot;color&quot;:{&quot;text&quot;:&quot;#cccccc&quot;,&quot;background&quot;:&quot;#111111&quot;}}\" data-text-align=\"center\" class=\"cgkit-as-single-atc-wrap\"><div class=\"wp-block-button wc-block-components-product-button is-style-fill  align-center is-style-fill wp-block-woocommerce-product-button has-x-small-font-size\"\n\t\t\t\t\t\n\t\t\t\t\tdata-wp-context='{\"quantityToAdd\":1,\"productId\":19317,\"productType\":\"variable\",\"addToCartText\":\"Select options\",\"tempQuantity\":0,\"animationStatus\":\"IDLE\",\"inTheCartText\":\"### in cart\",\"noticeId\":\"\",\"hasPressedButton\":false}'\n\t\t\t\t>\n\t\t\t\t\t<a\n\t\t\t\t\t\tclass=\"wp-block-button__link wp-element-button wc-block-components-product-button__button add_to_cart_button product_type_variable has-background has-font-size has-x-small-font-size has-text-align-center wc-interactive\"\n\t\t\t\t\t\tstyle=\"background-color: #111111; color: #cccccc;\"\n\t\t\t\t\t\thref=\"https:\/\/aalan.design\/en\/leaf-linen-cloth\/\" rel=\"nofollow\" data-product_id=\"19317\" data-product_sku=\"\" aria-label=\"Select options for &ldquo;Leaf - Linen cloth&rdquo;\"\n\t\t\t\t\t\tdata-wp-on--click=\"woocommerce\/product-collection::actions.viewProduct\"\n\t\t\t\t\t>\n\t\t\t\t\t<span >Select options<\/span>\n\t\t\t\t\t<\/a>\n\t\t\t\t\t\n\t\t\t\t<\/div><\/div>\n\n\t\t\t\t<\/li><\/ul><\/div>\n\n<\/div><\/div><\/div>\n\n\n<ol class=\"wp-block-footnotes\"><li id=\"c0f3f094-d391-48c6-bdb1-140726f1cd6d\">Vaihtuvat tuotenostot tarkoittavat teemoittain ryhmiteltyj\u00e4 valikoituja tuotteita, jotka myyd\u00e4\u00e4n syntt\u00e4rihinnoin yhden viikon ajan. Vaihtuvien tuotenostojen teemat n\u00e4kyv\u00e4t yll\u00e4olevalla aikajanalla viikkonumeron alla. Valikoidut tuotteet ilmoitetaan t\u00e4ll\u00e4 sivulla jokaisen juhlaviikon alussa sek\u00e4 sosiaalisen median kanavilla.  <a href=\"#c0f3f094-d391-48c6-bdb1-140726f1cd6d-link\" aria-label=\"Jump to footnote reference 1\">\u21a9\ufe0e<\/a><\/li><\/ol>\n\n\n<h3 class=\"wp-block-heading has-text-color has-link-color wp-elements-d3243b213fb17d489961c8143cd5c91c\" style=\"color:#ac794e\">Kiitos, kun olet mukana juhlimassa kanssamme! <\/h3>\n\n\n\n<p>Liittyv\u00e4t julkaisut:<\/p>\n\n\n<ul style=\"padding-left:var(--wp--preset--spacing--small);padding-right:var(--wp--preset--spacing--small);\" class=\"wp-block-latest-posts__list is-grid columns-3 has-dates wp-block-latest-posts\"><\/ul>\n<\/div>","protected":false},"excerpt":{"rendered":"<p>Syntt\u00e4rit AAlan Design viett\u00e4\u00e4 5-vuotissyntym\u00e4p\u00e4iv\u00e4\u00e4 5 viikon ajan te Syntt\u00e4reiden ajan ilmaisen toimituksen raja 50 \u20ac Kiitos, kun olet mukana juhlimassa kanssamme! Liittyv\u00e4t julkaisut:<\/p>\n","protected":false},"author":2,"featured_media":20726,"parent":0,"menu_order":0,"comment_status":"closed","ping_status":"closed","template":"template-canvas.php","meta":{"_seopress_robots_primary_cat":"","_seopress_titles_title":"","_seopress_titles_desc":"","_seopress_robots_index":"","footnotes":"[{\"content\":\"Vaihtuvat tuotenostot tarkoittavat teemoittain ryhmiteltyj\u00e4 valikoituja tuotteita, jotka myyd\u00e4\u00e4n syntt\u00e4rihinnoin yhden viikon ajan. Vaihtuvien tuotenostojen teemat n\u00e4kyv\u00e4t yll\u00e4olevalla aikajanalla viikkonumeron alla. Valikoidut tuotteet ilmoitetaan t\u00e4ll\u00e4 sivulla jokaisen juhlaviikon alussa sek\u00e4 sosiaalisen median kanavilla. \",\"id\":\"c0f3f094-d391-48c6-bdb1-140726f1cd6d\"}]"},"class_list":["post-21356","page","type-page","status-publish","has-post-thumbnail","hentry"],"featured_image_src":"https:\/\/aalan.design\/wp-content\/uploads\/2025\/07\/Blogikuva-synttarit-600x400.jpg","featured_image_src_square":"https:\/\/aalan.design\/wp-content\/uploads\/2025\/07\/Blogikuva-synttarit-600x600.jpg","_links":{"self":[{"href":"https:\/\/aalan.design\/en\/wp-json\/wp\/v2\/pages\/21356","targetHints":{"allow":["GET"]}}],"collection":[{"href":"https:\/\/aalan.design\/en\/wp-json\/wp\/v2\/pages"}],"about":[{"href":"https:\/\/aalan.design\/en\/wp-json\/wp\/v2\/types\/page"}],"author":[{"embeddable":true,"href":"https:\/\/aalan.design\/en\/wp-json\/wp\/v2\/users\/2"}],"replies":[{"embeddable":true,"href":"https:\/\/aalan.design\/en\/wp-json\/wp\/v2\/comments?post=21356"}],"version-history":[{"count":8,"href":"https:\/\/aalan.design\/en\/wp-json\/wp\/v2\/pages\/21356\/revisions"}],"predecessor-version":[{"id":21477,"href":"https:\/\/aalan.design\/en\/wp-json\/wp\/v2\/pages\/21356\/revisions\/21477"}],"wp:featuredmedia":[{"embeddable":true,"href":"https:\/\/aalan.design\/en\/wp-json\/wp\/v2\/media\/20726"}],"wp:attachment":[{"href":"https:\/\/aalan.design\/en\/wp-json\/wp\/v2\/media?parent=21356"}],"curies":[{"name":"wp","href":"https:\/\/api.w.org\/{rel}","templated":true}]}}