{"id":20509,"date":"2021-10-31T17:12:59","date_gmt":"2021-10-31T15:12:59","guid":{"rendered":"https:\/\/aalan.design\/recent\/"},"modified":"2025-05-22T07:20:40","modified_gmt":"2025-05-22T04:20:40","slug":"recent","status":"publish","type":"page","link":"https:\/\/aalan.design\/en\/recent\/","title":{"rendered":"Recent"},"content":{"rendered":"<div class=\"gb-container gb-container-845acce2\"><div class=\"gb-inside-container\">\n\n<h2 class=\"gb-headline gb-headline-640753d6 gb-headline-text\">Recent<\/h2>\n\n\n\n\n\n\n\n\n\n<\/div><\/div><div class=\"gb-container gb-container-989f5ca1\"><div class=\"gb-inside-container\">\n\n<div class=\"wp-block-genesis-blocks-gb-columns gb-layout-columns-2 gb-2-col-wideleft\"><div class=\"gb-layout-column-wrap gb-block-layout-column-gap-2 gb-is-responsive-column\">\n<div class=\"wp-block-genesis-blocks-gb-column gb-block-layout-column\"><div class=\"gb-block-layout-column-inner\" style=\"padding-bottom:20px\">\n<h2 class=\"gb-headline gb-headline-8476503c gb-headline-text\">Most recent products<\/h2>\n\n\n<div class=\"gb-container gb-container-65b53464\"><div class=\"gb-inside-container\">\n<div data-align-buttons=\"true\" data-block-name=\"woocommerce\/product-new\" data-content-visibility=\"{&quot;image&quot;:true,&quot;title&quot;:true,&quot;price&quot;:true,&quot;rating&quot;:true,&quot;button&quot;:false}\" data-rows=\"1\" data-stock-status=\"[&quot;&quot;,&quot;instock&quot;,&quot;outofstock&quot;,&quot;onbackorder&quot;]\" class=\"wc-block-grid wp-block-product-new wp-block-woocommerce-product-new wc-block-product-new has-3-columns has-aligned-buttons\"><ul class=\"wc-block-grid__products\"><li class=\"wc-block-grid__product\">\n\t\t\t\t<a href=\"https:\/\/aalan.design\/en\/perhonen-pikkulaukku\/\" class=\"wc-block-grid__product-link\">\n\t\t\t\t\t\n\t\t\t\t\t<div class=\"wc-block-grid__product-image\"><img loading=\"lazy\" decoding=\"async\" width=\"300\" height=\"352\" src=\"https:\/\/aalan.design\/wp-content\/uploads\/2021\/08\/Perhonen-vihrea-musta-300x352.jpg\" class=\"attachment-woocommerce_thumbnail size-woocommerce_thumbnail\" alt=\"String Art Butterfly -Purse\" srcset=\"https:\/\/aalan.design\/wp-content\/uploads\/2021\/08\/Perhonen-vihrea-musta-300x352.jpg 300w, https:\/\/aalan.design\/wp-content\/uploads\/2021\/08\/Perhonen-vihrea-musta-150x176.jpg 150w, https:\/\/aalan.design\/wp-content\/uploads\/2021\/08\/Perhonen-vihrea-musta-800x938.jpg 800w, https:\/\/aalan.design\/wp-content\/uploads\/2021\/08\/Perhonen-vihrea-musta-256x300.jpg 256w, https:\/\/aalan.design\/wp-content\/uploads\/2021\/08\/Perhonen-vihrea-musta-874x1024.jpg 874w, https:\/\/aalan.design\/wp-content\/uploads\/2021\/08\/Perhonen-vihrea-musta-768x900.jpg 768w, https:\/\/aalan.design\/wp-content\/uploads\/2021\/08\/Perhonen-vihrea-musta-990x1160.jpg 990w, https:\/\/aalan.design\/wp-content\/uploads\/2021\/08\/Perhonen-vihrea-musta-441x517.jpg 441w, https:\/\/aalan.design\/wp-content\/uploads\/2021\/08\/Perhonen-vihrea-musta.jpg 1280w\" sizes=\"auto, (max-width: 360px) 147px, (max-width: 300px) 100vw, 300px\" \/><\/div>\n\t\t\t\t\t<div class=\"wc-block-grid__product-title\">String Art Butterfly -Purse<\/div>\n\t\t\t\t<\/a>\n\t\t\t\t<div class=\"wc-block-grid__product-price price\"><span class=\"woocommerce-Price-amount amount\" aria-hidden=\"true\">36,00&nbsp;<span class=\"woocommerce-Price-currencySymbol\">&euro;<\/span><\/span> <span aria-hidden=\"true\">&ndash;<\/span> <span class=\"woocommerce-Price-amount amount\" aria-hidden=\"true\">43,00&nbsp;<span class=\"woocommerce-Price-currencySymbol\">&euro;<\/span><\/span><span class=\"screen-reader-text\">Price range: 36,00&nbsp;&euro; through 43,00&nbsp;&euro;<\/span> <small class=\"woocommerce-price-suffix\">(sis. alv)<\/small><\/div>\n\t\t\t\t\n\t\t\t\t\n\t\t\t<\/li><li class=\"wc-block-grid__product\">\n\t\t\t\t<a href=\"https:\/\/aalan.design\/en\/reflective-snowman-kopio-kopio\/\" class=\"wc-block-grid__product-link\">\n\t\t\t\t\t\n\t\t\t\t\t<div class=\"wc-block-grid__product-image\"><img loading=\"lazy\" decoding=\"async\" width=\"300\" height=\"352\" src=\"https:\/\/aalan.design\/wp-content\/uploads\/2024\/12\/Heijastava-myrskylyhty-300x352.jpg\" class=\"attachment-woocommerce_thumbnail size-woocommerce_thumbnail\" alt=\"Handcrafted round reflective pendant. The handdrawn Hurricane lantern is machine embroidered with black rayon thread.  \" srcset=\"https:\/\/aalan.design\/wp-content\/uploads\/2024\/12\/Heijastava-myrskylyhty-300x352.jpg 300w, https:\/\/aalan.design\/wp-content\/uploads\/2024\/12\/Heijastava-myrskylyhty-256x300.jpg 256w, https:\/\/aalan.design\/wp-content\/uploads\/2024\/12\/Heijastava-myrskylyhty-874x1024.jpg 874w, https:\/\/aalan.design\/wp-content\/uploads\/2024\/12\/Heijastava-myrskylyhty-768x900.jpg 768w, https:\/\/aalan.design\/wp-content\/uploads\/2024\/12\/Heijastava-myrskylyhty-990x1160.jpg 990w, https:\/\/aalan.design\/wp-content\/uploads\/2024\/12\/Heijastava-myrskylyhty-441x517.jpg 441w, https:\/\/aalan.design\/wp-content\/uploads\/2024\/12\/Heijastava-myrskylyhty-800x938.jpg 800w, https:\/\/aalan.design\/wp-content\/uploads\/2024\/12\/Heijastava-myrskylyhty-150x176.jpg 150w, https:\/\/aalan.design\/wp-content\/uploads\/2024\/12\/Heijastava-myrskylyhty.jpg 1280w\" sizes=\"auto, (max-width: 360px) 147px, (max-width: 300px) 100vw, 300px\" \/><\/div>\n\t\t\t\t\t<div class=\"wc-block-grid__product-title\">Reflective Hurricane Lantern<\/div>\n\t\t\t\t<\/a>\n\t\t\t\t<div class=\"wc-block-grid__product-price price\"><span class=\"woocommerce-Price-amount amount\">16,00&nbsp;<span class=\"woocommerce-Price-currencySymbol\">&euro;<\/span><\/span> <small class=\"woocommerce-price-suffix\">(sis. alv)<\/small><\/div>\n\t\t\t\t\n\t\t\t\t\n\t\t\t<\/li><li class=\"wc-block-grid__product\">\n\t\t\t\t<a href=\"https:\/\/aalan.design\/en\/reflective-snowman-kopio\/\" class=\"wc-block-grid__product-link\">\n\t\t\t\t\t\n\t\t\t\t\t<div class=\"wc-block-grid__product-image\"><img loading=\"lazy\" decoding=\"async\" width=\"300\" height=\"352\" src=\"https:\/\/aalan.design\/wp-content\/uploads\/2024\/12\/Heijastava-kettu-4-300x352.jpg\" class=\"attachment-woocommerce_thumbnail size-woocommerce_thumbnail\" alt=\"Handcrafted reflective fox. \" srcset=\"https:\/\/aalan.design\/wp-content\/uploads\/2024\/12\/Heijastava-kettu-4-300x352.jpg 300w, https:\/\/aalan.design\/wp-content\/uploads\/2024\/12\/Heijastava-kettu-4-256x300.jpg 256w, https:\/\/aalan.design\/wp-content\/uploads\/2024\/12\/Heijastava-kettu-4-874x1024.jpg 874w, https:\/\/aalan.design\/wp-content\/uploads\/2024\/12\/Heijastava-kettu-4-768x900.jpg 768w, https:\/\/aalan.design\/wp-content\/uploads\/2024\/12\/Heijastava-kettu-4-990x1160.jpg 990w, https:\/\/aalan.design\/wp-content\/uploads\/2024\/12\/Heijastava-kettu-4-441x517.jpg 441w, https:\/\/aalan.design\/wp-content\/uploads\/2024\/12\/Heijastava-kettu-4-800x938.jpg 800w, https:\/\/aalan.design\/wp-content\/uploads\/2024\/12\/Heijastava-kettu-4-150x176.jpg 150w, https:\/\/aalan.design\/wp-content\/uploads\/2024\/12\/Heijastava-kettu-4.jpg 1280w\" sizes=\"auto, (max-width: 360px) 147px, (max-width: 300px) 100vw, 300px\" \/><\/div>\n\t\t\t\t\t<div class=\"wc-block-grid__product-title\">Reflective Fox<\/div>\n\t\t\t\t<\/a>\n\t\t\t\t<div class=\"wc-block-grid__product-price price\"><span class=\"woocommerce-Price-amount amount\">16,00&nbsp;<span class=\"woocommerce-Price-currencySymbol\">&euro;<\/span><\/span> <small class=\"woocommerce-price-suffix\">(sis. alv)<\/small><\/div>\n\t\t\t\t\n\t\t\t\t\n\t\t\t<\/li><\/ul><\/div>\n\n<div class=\"gb-button-wrapper gb-button-wrapper-94364495\">\n\n<a class=\"gb-button gb-button-2621672c gb-button-text\" href=\"https:\/\/aalan.design\/en\/newest-products\/\">All new products<\/a>\n\n<\/div>\n<\/div><\/div><\/div><\/div>\n\n\n\n<div class=\"wp-block-genesis-blocks-gb-column gb-block-layout-column\"><div class=\"gb-block-layout-column-inner\" style=\"padding-bottom:20px\"><div class=\"gb-container gb-container-a46f5642\"><div class=\"gb-inside-container\">\n<article class=\"gb-block-post-grid featuredpost aligncenter\"><h3 class=\"gb-post-grid-section-title\">Viimeisin julkaisu<\/h3><div class=\"gb-post-grid-items is-grid columns-1\"><article id=\"post-22132\" class=\"gb-post-grid-item post-22132 post type-post status-publish format-standard has-post-thumbnail hentry category-synttarit category-tarina tag-synttarit\"><div class=\"gb-block-post-grid-image\"><a href=\"https:\/\/aalan.design\/5-vuotta-sitten-avautui-aalan-design\/\" rel=\"bookmark\" aria-hidden=\"true\" tabindex=\"-1\"><img loading=\"lazy\" decoding=\"async\" width=\"300\" height=\"170\" src=\"https:\/\/aalan.design\/wp-content\/uploads\/2025\/07\/Blogikuva-synttarit-300x170.jpg\" class=\"attachment-medium size-medium\" alt=\"Tumma taustainen kuva, jossa ep\u00e4realistinen musta syntt\u00e4rikakku koristeltu valkoisilla sokerihipuilla ja ymp\u00e4rille kiedotulla mustavalkoraitaisella silkkinauhalla. Kakun mustasta kuorrutemassasta muotoillut viisi \u201dkynttil\u00e4\u00e4\u201d sytytettyn\u00e4. P\u00f6yd\u00e4ll\u00e4 kakun vieress\u00e4 valkoisia nomparelleja, mustaa juhlanauhaa sek\u00e4 kaksi mustaa palavaa kynttil\u00e4\u00e4. Kuvan oikeassa yl\u00e4kulmassa vaalea l\u00e4pikuultava AAlan Designin logo.\" srcset=\"https:\/\/aalan.design\/wp-content\/uploads\/2025\/07\/Blogikuva-synttarit-300x170.jpg 300w, https:\/\/aalan.design\/wp-content\/uploads\/2025\/07\/Blogikuva-synttarit-1024x580.jpg 1024w, https:\/\/aalan.design\/wp-content\/uploads\/2025\/07\/Blogikuva-synttarit-768x435.jpg 768w, https:\/\/aalan.design\/wp-content\/uploads\/2025\/07\/Blogikuva-synttarit-990x561.jpg 990w, https:\/\/aalan.design\/wp-content\/uploads\/2025\/07\/Blogikuva-synttarit-441x250.jpg 441w, https:\/\/aalan.design\/wp-content\/uploads\/2025\/07\/Blogikuva-synttarit-800x453.jpg 800w, https:\/\/aalan.design\/wp-content\/uploads\/2025\/07\/Blogikuva-synttarit-150x85.jpg 150w, https:\/\/aalan.design\/wp-content\/uploads\/2025\/07\/Blogikuva-synttarit.jpg 1200w\" sizes=\"auto, (max-width: 300px) 100vw, 300px\" \/><\/a><\/div><div class=\"gb-block-post-grid-text\"><header class=\"gb-block-post-grid-header\"><h4 class=\"gb-block-post-grid-title\"><a href=\"https:\/\/aalan.design\/5-vuotta-sitten-avautui-aalan-design\/\" rel=\"bookmark\">5 vuotta sitten avautui AAlan Design<\/a><\/h4><div class=\"gb-block-post-grid-byline\"><time datetime=\"2025-08-16T00:02:00+03:00\" class=\"gb-block-post-grid-date\" itemprop=\"datePublished\">16.08.2025<\/time><\/div><\/header><div class=\"gb-block-post-grid-excerpt\"><p>T\u00e4n\u00e4\u00e4n on se p\u00e4iv\u00e4, jota 5 vuotta sitten j\u00e4nnitin. Nettisivut avautuivat.<\/p>\n<\/div><\/div><\/article>\n<\/div><\/article>\n\n<div class=\"gb-button-wrapper gb-button-wrapper-7c2472dc\">\n\n<a class=\"gb-button gb-button-b2c10691 gb-button-text\" href=\"https:\/\/aalan.design\/en\/news\/\">All releases<\/a>\n\n<\/div>\n<\/div><\/div>\n\n\n\n<\/div><\/div>\n<\/div><\/div>\n\n\n\n<div class=\"wp-block-genesis-blocks-gb-columns gb-layout-columns-2 gb-2-col-wideleft\"><div class=\"gb-layout-column-wrap gb-block-layout-column-gap-2 gb-is-responsive-column\">\n<div class=\"wp-block-genesis-blocks-gb-column gb-block-layout-column\"><div class=\"gb-block-layout-column-inner\"><div class=\"gb-container gb-container-48bd2758\"><div class=\"gb-inside-container\">\n\n<\/div><\/div><\/div><\/div>\n\n\n\n<div class=\"wp-block-genesis-blocks-gb-column gb-block-layout-column\"><div class=\"gb-block-layout-column-inner\" style=\"padding-right:15px;padding-left:15px\">\n\n<\/div><\/div>\n<\/div><\/div>\n\n\n<div class=\"gb-container gb-container-b05f3585\"><div class=\"gb-inside-container\">\n\n<h3 class=\"gb-headline gb-headline-dccc09c0 gb-headline-text\">Products as gifts<\/h3>\n\n\n\n<\/div><\/div>\n<\/div><\/div>","protected":false},"excerpt":{"rendered":"<p>Recent Products as gifts<\/p>\n","protected":false},"author":2,"featured_media":0,"parent":0,"menu_order":0,"comment_status":"closed","ping_status":"closed","template":"template-canvas.php","meta":{"_seopress_robots_primary_cat":"","_seopress_titles_title":"","_seopress_titles_desc":"","_seopress_robots_index":"","footnotes":""},"class_list":["post-20509","page","type-page","status-publish","hentry"],"featured_image_src":null,"featured_image_src_square":null,"_links":{"self":[{"href":"https:\/\/aalan.design\/en\/wp-json\/wp\/v2\/pages\/20509","targetHints":{"allow":["GET"]}}],"collection":[{"href":"https:\/\/aalan.design\/en\/wp-json\/wp\/v2\/pages"}],"about":[{"href":"https:\/\/aalan.design\/en\/wp-json\/wp\/v2\/types\/page"}],"author":[{"embeddable":true,"href":"https:\/\/aalan.design\/en\/wp-json\/wp\/v2\/users\/2"}],"replies":[{"embeddable":true,"href":"https:\/\/aalan.design\/en\/wp-json\/wp\/v2\/comments?post=20509"}],"version-history":[{"count":1,"href":"https:\/\/aalan.design\/en\/wp-json\/wp\/v2\/pages\/20509\/revisions"}],"predecessor-version":[{"id":20510,"href":"https:\/\/aalan.design\/en\/wp-json\/wp\/v2\/pages\/20509\/revisions\/20510"}],"wp:attachment":[{"href":"https:\/\/aalan.design\/en\/wp-json\/wp\/v2\/media?parent=20509"}],"curies":[{"name":"wp","href":"https:\/\/api.w.org\/{rel}","templated":true}]}}