{"id":11738,"date":"2021-11-22T18:54:05","date_gmt":"2021-11-22T16:54:05","guid":{"rendered":"https:\/\/aalan.design\/?page_id=11738"},"modified":"2021-11-22T18:59:34","modified_gmt":"2021-11-22T16:59:34","slug":"tietosuoja","status":"publish","type":"page","link":"https:\/\/aalan.design\/en\/tietosuoja\/","title":{"rendered":"Tietosuojaseloste"},"content":{"rendered":"\n<p>voimassa 16.8.2020 alkaen. P\u00e4ivitetty 22.11.2021.<\/p>\n\n\n\n<h3 class=\"gb-headline gb-headline-33896bd1 gb-headline-text\">Rekisterinpit\u00e4j\u00e4:<\/h3>\n\n\n\n<p>AAlan Design<br>Taulum\u00e4entie 61 D 22<br>40200 Jyv\u00e4skyl\u00e4<\/p>\n\n\n\n<p>info@aalan.design<br>aalan.design<br>3147909-3<\/p>\n\n\n\n<p>Ker\u00e4\u00e4mme henkil\u00f6tietoja asiakassuhteen hoitamista varten. Henkil\u00f6tietojen k\u00e4sittelyn oikeusperusteena on meid\u00e4n v\u00e4linen sopimus ja siit\u00e4 johtuvat lakis\u00e4\u00e4teiset velvoitteet. Henkil\u00f6tietojen antaminen on edellytys sopimuksen syntymiselle. Toisin sanoen et voi tilata verkkokaupastamme tavaroita, jos et anna henkil\u00f6tietojasi.<\/p>\n\n\n\n<p>Ker\u00e4\u00e4mme henkil\u00f6tietoja my\u00f6s markkinointia varten. Henkil\u00f6tietojen k\u00e4sittelyn oikeusperusteena on suostumus.&nbsp;<\/p>\n\n\n\n<p>Emme tee sinua koskevia profilointeja ja automaattisia p\u00e4\u00e4t\u00f6ksi\u00e4.<\/p>\n\n\n\n<h3 class=\"gb-headline gb-headline-10fd3503 gb-headline-text\">Henkil\u00f6tietojasi vastaanottavat:<\/h3>\n\n\n\n<p>&#8211; yrityksemme ja sen ty\u00f6ntekij\u00e4t<\/p>\n\n\n\n<p>&#8211; maksunv\u00e4litt\u00e4j\u00e4, joka vastaanottaa sinulta maksun<\/p>\n\n\n\n<p>&#8211; kuljetusyritys, joka kuljettaa tavaran sinulle<\/p>\n\n\n\n<p>&#8211; tilitoimisto, joka kirjaa tilauksen kirjanpitoomme<\/p>\n\n\n\n<p>&#8211; tilintarkastaja, joka tarkastaa kirjanpitomme<br><\/p>\n\n\n\n<h3 class=\"gb-headline gb-headline-4566f279 gb-headline-text\">S\u00e4ilyt\u00e4mme&nbsp;henkil\u00f6tietojasi:<\/h3>\n\n\n\n<p>&#8211; verkkokaupassa viiden vuoden ajan<\/p>\n\n\n\n<p>&#8211; s\u00e4hk\u00f6postiarkistosssa seitsem\u00e4n vuoden ajan<\/p>\n\n\n\n<p>&#8211; kirjanpitoaineistossa seitsem\u00e4n vuoden ajan<\/p>\n\n\n\n<h3 class=\"gb-headline gb-headline-e6b4e693 gb-headline-text\">Sinulla on seuraavat oikeudet:<\/h3>\n\n\n\n<p>&#8211; oikeus tarkastaa itse\u00e4si koskevat henkil\u00f6tiedot<\/p>\n\n\n\n<p>&#8211; oikeus tietojen oikaisemiseen<\/p>\n\n\n\n<p>&#8211; oikeus k\u00e4sittelyn rajoittamiseen (voit esimerkiksi kielt\u00e4\u00e4 markkinoinnin)<\/p>\n\n\n\n<p>&#8211; oikeus vastustaa k\u00e4sittely\u00e4<\/p>\n\n\n\n<p>&#8211; oikeus peruuttaa suostumus (voit esimerkiksi peruuttaa suostumuksesi markkinointiin)<\/p>\n\n\n\n<p>&#8211; oikeus tehd\u00e4 valitus valvontaviranomaiselle<\/p>\n\n\n\n<p><strong>Huomioithan, ett\u00e4 sinulla on &#8220;oikeus tulla unohdetuksi&#8221; vain, jos meill\u00e4 ei ole lakis\u00e4\u00e4teisi\u00e4 velvoitteita jatkaa henkil\u00f6tietojesi k\u00e4sittely\u00e4.<\/strong><\/p>\n","protected":false},"excerpt":{"rendered":"<p>voimassa 16.8.2020 alkaen. P\u00e4ivitetty 22.11.2021. Rekisterinpit\u00e4j\u00e4: AAlan DesignTaulum\u00e4entie 61 D 2240200 Jyv\u00e4skyl\u00e4 info@aalan.designaalan.design3147909-3 Ker\u00e4\u00e4mme henkil\u00f6tietoja asiakassuhteen hoitamista varten. Henkil\u00f6tietojen k\u00e4sittelyn oikeusperusteena on meid\u00e4n v\u00e4linen sopimus ja siit\u00e4 johtuvat lakis\u00e4\u00e4teiset velvoitteet. Henkil\u00f6tietojen antaminen on edellytys sopimuksen syntymiselle. Toisin sanoen et voi tilata verkkokaupastamme tavaroita, jos et anna henkil\u00f6tietojasi. Ker\u00e4\u00e4mme henkil\u00f6tietoja my\u00f6s markkinointia varten. Henkil\u00f6tietojen k\u00e4sittelyn oikeusperusteena [&hellip;]<\/p>\n","protected":false},"author":2,"featured_media":0,"parent":0,"menu_order":0,"comment_status":"closed","ping_status":"closed","template":"template-fullwidth-contained.php","meta":{"_seopress_robots_primary_cat":"","_seopress_titles_title":"","_seopress_titles_desc":"","_seopress_robots_index":"","footnotes":""},"class_list":["post-11738","page","type-page","status-publish","hentry"],"featured_image_src":null,"featured_image_src_square":null,"_links":{"self":[{"href":"https:\/\/aalan.design\/en\/wp-json\/wp\/v2\/pages\/11738","targetHints":{"allow":["GET"]}}],"collection":[{"href":"https:\/\/aalan.design\/en\/wp-json\/wp\/v2\/pages"}],"about":[{"href":"https:\/\/aalan.design\/en\/wp-json\/wp\/v2\/types\/page"}],"author":[{"embeddable":true,"href":"https:\/\/aalan.design\/en\/wp-json\/wp\/v2\/users\/2"}],"replies":[{"embeddable":true,"href":"https:\/\/aalan.design\/en\/wp-json\/wp\/v2\/comments?post=11738"}],"version-history":[{"count":0,"href":"https:\/\/aalan.design\/en\/wp-json\/wp\/v2\/pages\/11738\/revisions"}],"wp:attachment":[{"href":"https:\/\/aalan.design\/en\/wp-json\/wp\/v2\/media?parent=11738"}],"curies":[{"name":"wp","href":"https:\/\/api.w.org\/{rel}","templated":true}]}}